{"id":1206,"date":"2021-01-13T10:49:27","date_gmt":"2021-01-13T10:49:27","guid":{"rendered":"https:\/\/depressionhurts.ca\/about\/causes\/"},"modified":"2021-01-17T11:35:56","modified_gmt":"2021-01-17T11:35:56","slug":"causes","status":"publish","type":"page","link":"https:\/\/depressionhurts.ca\/fr\/about\/causes\/","title":{"rendered":"Causes de la d\u00e9pression"},"content":{"rendered":"\t\t<div data-elementor-type=\"wp-page\" data-elementor-id=\"1206\" class=\"elementor elementor-1206\">\n\t\t\t\t\t\t<section class=\"elementor-section elementor-top-section elementor-element elementor-element-e521d5c elementor-section-boxed elementor-section-height-default elementor-section-height-default\" data-id=\"e521d5c\" data-element_type=\"section\">\n\t\t\t\t\t\t<div class=\"elementor-container elementor-column-gap-default\">\n\t\t\t\t\t<div class=\"elementor-column elementor-col-100 elementor-top-column elementor-element elementor-element-6e47552\" data-id=\"6e47552\" data-element_type=\"column\">\n\t\t\t<div class=\"elementor-widget-wrap elementor-element-populated\">\n\t\t\t\t\t\t<div class=\"elementor-element elementor-element-fb5586e elementor-widget elementor-widget-text-editor\" data-id=\"fb5586e\" data-element_type=\"widget\" data-widget_type=\"text-editor.default\">\n\t\t\t\t<div class=\"elementor-widget-container\">\n\t\t\t\t\t\t\t\t\t<p>La d\u00e9pression peut \u00eatre caus\u00e9e par un ou plusieurs facteurs, y compris des facteurs <strong>biologiques<\/strong>, <strong>psychologiques<\/strong> et <strong>environnementaux<\/strong> (li\u00e9s \u00e0 l&rsquo;environnement social ou familial).<sup>4,8,9<\/sup><\/p>\t\t\t\t\t\t\t\t<\/div>\n\t\t\t\t<\/div>\n\t\t\t\t<div class=\"elementor-element elementor-element-f01068f elementor-widget elementor-widget-heading\" data-id=\"f01068f\" data-element_type=\"widget\" data-widget_type=\"heading.default\">\n\t\t\t\t<div class=\"elementor-widget-container\">\n\t\t\t\t\t<h2 class=\"elementor-heading-title elementor-size-default\">Facteurs biologiques<sup>1<\/sup><\/h2>\t\t\t\t<\/div>\n\t\t\t\t<\/div>\n\t\t\t\t<div class=\"elementor-element elementor-element-f75259f elementor-widget elementor-widget-text-editor\" data-id=\"f75259f\" data-element_type=\"widget\" data-widget_type=\"text-editor.default\">\n\t\t\t\t<div class=\"elementor-widget-container\">\n\t\t\t\t\t\t\t\t\t<p>Nous ne sommes pas certains de ce qui cause la d\u00e9pression. Une des principales th\u00e9ories est que la d\u00e9pression est provoqu\u00e9e par un d\u00e9s\u00e9quilibre de substances naturellement pr\u00e9sentes dans le cerveau et la moelle \u00e9pini\u00e8re, que l&rsquo;on appelle les neurotransmetteurs.<sup>10<\/sup><\/p><p>La s\u00e9rotonine et la noradr\u00e9naline sont deux neurotransmetteurs dans le cerveau qui semblent jouer un r\u00f4le dans les sympt\u00f4mes de la d\u00e9pression.<sup>10<\/sup><\/p>\t\t\t\t\t\t\t\t<\/div>\n\t\t\t\t<\/div>\n\t\t\t\t\t<\/div>\n\t\t<\/div>\n\t\t\t\t<div class=\"elementor-column elementor-col-100 elementor-top-column elementor-element elementor-element-f8978e3\" data-id=\"f8978e3\" data-element_type=\"column\">\n\t\t\t<div class=\"elementor-widget-wrap elementor-element-populated\">\n\t\t\t\t\t\t<div class=\"elementor-element elementor-element-066c87f elementor-widget elementor-widget-image\" data-id=\"066c87f\" data-element_type=\"widget\" data-widget_type=\"image.default\">\n\t\t\t\t<div class=\"elementor-widget-container\">\n\t\t\t\t\t\t\t\t\t\t\t\t\t\t\t<img fetchpriority=\"high\" decoding=\"async\" width=\"416\" height=\"500\" src=\"https:\/\/depressionhurts.ca\/wp-content\/uploads\/2021\/01\/causes-of-depression.jpg\" class=\"attachment-full size-full wp-image-1770\" alt=\"\" srcset=\"https:\/\/depressionhurts.ca\/wp-content\/uploads\/2021\/01\/causes-of-depression.jpg 416w, https:\/\/depressionhurts.ca\/wp-content\/uploads\/2021\/01\/causes-of-depression-250x300.jpg 250w\" sizes=\"(max-width: 416px) 100vw, 416px\" \/>\t\t\t\t\t\t\t\t\t\t\t\t\t\t\t<\/div>\n\t\t\t\t<\/div>\n\t\t\t\t\t<\/div>\n\t\t<\/div>\n\t\t\t\t\t<\/div>\n\t\t<\/section>\n\t\t\t\t<section class=\"elementor-section elementor-top-section elementor-element elementor-element-114bb48 elementor-section-boxed elementor-section-height-default elementor-section-height-default\" data-id=\"114bb48\" data-element_type=\"section\">\n\t\t\t\t\t\t<div class=\"elementor-container elementor-column-gap-default\">\n\t\t\t\t\t<div class=\"elementor-column elementor-col-100 elementor-top-column elementor-element elementor-element-eb57cf3\" data-id=\"eb57cf3\" data-element_type=\"column\">\n\t\t\t<div class=\"elementor-widget-wrap elementor-element-populated\">\n\t\t\t\t\t\t<div class=\"elementor-element elementor-element-0573811 elementor-widget elementor-widget-heading\" data-id=\"0573811\" data-element_type=\"widget\" data-widget_type=\"heading.default\">\n\t\t\t\t<div class=\"elementor-widget-container\">\n\t\t\t\t\t<h2 class=\"elementor-heading-title elementor-size-default\">Facteurs psychologiques<sup>11<\/sup><\/h2>\t\t\t\t<\/div>\n\t\t\t\t<\/div>\n\t\t\t\t<div class=\"elementor-element elementor-element-bd3d648 elementor-widget elementor-widget-text-editor\" data-id=\"bd3d648\" data-element_type=\"widget\" data-widget_type=\"text-editor.default\">\n\t\t\t\t<div class=\"elementor-widget-container\">\n\t\t\t\t\t\t\t\t\t<p>Les personnes sont touch\u00e9es par des \u00e9v\u00e9nements ext\u00e9rieurs de fa\u00e7on diff\u00e9rente. Les pens\u00e9es de chaque personne d\u00e9terminent le type d&rsquo;exp\u00e9rience de vie qu&rsquo;elle aura, ce qui peut influer sur le fait qu&rsquo;elle tombera ou non en d\u00e9pression.<sup>11<\/sup><\/p><p>Notre fa\u00e7on de penser et de percevoir le monde s&rsquo;\u00e9tablit souvent pendant l&rsquo;enfance. Par exemple, une \u00e9ducation stricte, dans le cadre de laquelle les critiques et commentaires n\u00e9gatifs pr\u00e9dominent, peut fa\u00e7onner la mani\u00e8re dont nous voyons les choses, et la plus forte probabilit\u00e9 est que nous les percevions de fa\u00e7on n\u00e9gative.<sup>11<\/sup><\/p><p>Par cons\u00e9quent, il n&rsquo;est pas surprenant que cette fa\u00e7on de voir les choses renforce l&rsquo;effet n\u00e9gatif de situations difficiles dans la vie, en pr\u00e9disposant les personnes \u00e0 la souffrance \u00e9motionnelle.<sup>11<\/sup><\/p>\t\t\t\t\t\t\t\t<\/div>\n\t\t\t\t<\/div>\n\t\t\t\t\t<\/div>\n\t\t<\/div>\n\t\t\t\t\t<\/div>\n\t\t<\/section>\n\t\t\t\t<section class=\"elementor-section elementor-top-section elementor-element elementor-element-040a3aa elementor-section-boxed elementor-section-height-default elementor-section-height-default\" data-id=\"040a3aa\" data-element_type=\"section\">\n\t\t\t\t\t\t<div class=\"elementor-container elementor-column-gap-default\">\n\t\t\t\t\t<div class=\"elementor-column elementor-col-100 elementor-top-column elementor-element elementor-element-4db44f4\" data-id=\"4db44f4\" data-element_type=\"column\">\n\t\t\t<div class=\"elementor-widget-wrap elementor-element-populated\">\n\t\t\t\t\t\t<div class=\"elementor-element elementor-element-330be4f elementor-widget elementor-widget-heading\" data-id=\"330be4f\" data-element_type=\"widget\" data-widget_type=\"heading.default\">\n\t\t\t\t<div class=\"elementor-widget-container\">\n\t\t\t\t\t<h2 class=\"elementor-heading-title elementor-size-default\">Facteurs environnementaux<sup>11<\/sup><\/h2>\t\t\t\t<\/div>\n\t\t\t\t<\/div>\n\t\t\t\t\t<\/div>\n\t\t<\/div>\n\t\t\t\t\t<\/div>\n\t\t<\/section>\n\t\t\t\t<section class=\"elementor-section elementor-top-section elementor-element elementor-element-4075227 elementor-section-boxed elementor-section-height-default elementor-section-height-default\" data-id=\"4075227\" data-element_type=\"section\">\n\t\t\t\t\t\t<div class=\"elementor-container elementor-column-gap-default\">\n\t\t\t\t\t<div class=\"elementor-column elementor-col-100 elementor-top-column elementor-element elementor-element-90b311c\" data-id=\"90b311c\" data-element_type=\"column\">\n\t\t\t<div class=\"elementor-widget-wrap elementor-element-populated\">\n\t\t\t\t\t\t<div class=\"elementor-element elementor-element-ab959ef elementor-widget elementor-widget-text-editor\" data-id=\"ab959ef\" data-element_type=\"widget\" data-widget_type=\"text-editor.default\">\n\t\t\t\t<div class=\"elementor-widget-container\">\n\t\t\t\t\t\t\t\t\t<p>La d\u00e9pression peut souvent \u00eatre d\u00e9clench\u00e9e par des situations de la vie tr\u00e8s stressantes ou par d&rsquo;autres facteurs, comme:<sup>11<br \/><\/sup><\/p><ul><li>la mort d&rsquo;un \u00eatre cher, un d\u00e9m\u00e9nagement, un divorce, des difficult\u00e9s financi\u00e8res ou la perte d&rsquo;un emploi;<\/li><li>l&rsquo;isolement social;<\/li><li>des p\u00e9riodes de conflits relationnels avec un conjoint ou la famille;<\/li><li>un travail exigeant ou un lieu de travail stressant;<\/li><li>des probl\u00e8mes de sant\u00e9, notamment lorsque la personne a un probl\u00e8me de sant\u00e9 chronique.<\/li><\/ul><p>Parfois, le principal obstacle pour aller mieux et progresser est la d\u00e9pression elle-m\u00eame. Par exemple, une personne d\u00e9prim\u00e9e s&rsquo;\u00e9loigne souvent d&rsquo;\u00eatres chers r\u00e9confortants et encourageants ou cesse de participer \u00e0 des activit\u00e9s pr\u00e9sentant un int\u00e9r\u00eat personnel, ce qui peut contribuer \u00e0 sa maladie.<sup>11<\/sup><\/p>\t\t\t\t\t\t\t\t<\/div>\n\t\t\t\t<\/div>\n\t\t\t\t\t<\/div>\n\t\t<\/div>\n\t\t\t\t\t<\/div>\n\t\t<\/section>\n\t\t\t\t<section class=\"elementor-section elementor-top-section elementor-element elementor-element-6c7f69e elementor-section-boxed elementor-section-height-default elementor-section-height-default\" data-id=\"6c7f69e\" data-element_type=\"section\">\n\t\t\t\t\t\t<div class=\"elementor-container elementor-column-gap-default\">\n\t\t\t\t\t<div class=\"elementor-column elementor-col-100 elementor-top-column elementor-element elementor-element-73a6233\" data-id=\"73a6233\" data-element_type=\"column\">\n\t\t\t<div class=\"elementor-widget-wrap elementor-element-populated\">\n\t\t\t\t\t\t<div class=\"elementor-element elementor-element-d359399 elementor-widget elementor-widget-spacer\" data-id=\"d359399\" data-element_type=\"widget\" data-widget_type=\"spacer.default\">\n\t\t\t\t<div class=\"elementor-widget-container\">\n\t\t\t\t\t\t\t<div class=\"elementor-spacer\">\n\t\t\t<div class=\"elementor-spacer-inner\"><\/div>\n\t\t<\/div>\n\t\t\t\t\t\t<\/div>\n\t\t\t\t<\/div>\n\t\t\t\t\t<\/div>\n\t\t<\/div>\n\t\t\t\t\t<\/div>\n\t\t<\/section>\n\t\t\t\t<section class=\"elementor-section elementor-top-section elementor-element elementor-element-f3c599d elementor-section-boxed elementor-section-height-default elementor-section-height-default\" data-id=\"f3c599d\" data-element_type=\"section\">\n\t\t\t\t\t\t<div class=\"elementor-container elementor-column-gap-default\">\n\t\t\t\t\t\t<\/div>\n\t\t<\/section>\n\t\t\t\t<\/div>\n\t\t","protected":false},"excerpt":{"rendered":"<p>La d\u00e9pression peut \u00eatre caus\u00e9e par un ou plusieurs facteurs, y compris des facteurs biologiques, psychologiques et environnementaux (li\u00e9s \u00e0 l&rsquo;environnement social ou familial).4,8,9 Facteurs biologiques1 Nous ne sommes pas certains de ce qui cause la d\u00e9pression. Une des principales th\u00e9ories est que la d\u00e9pression est provoqu\u00e9e par un d\u00e9s\u00e9quilibre de substances naturellement pr\u00e9sentes dans [&hellip;]<\/p>\n","protected":false},"author":3,"featured_media":0,"parent":1190,"menu_order":0,"comment_status":"closed","ping_status":"closed","template":"page-internal.php","meta":{"_acf_changed":false,"footnotes":""},"class_list":["post-1206","page","type-page","status-publish","hentry","entry"],"acf":[],"yoast_head":"<!-- This site is optimized with the Yoast SEO plugin v26.9 - https:\/\/yoast.com\/product\/yoast-seo-wordpress\/ -->\n<title>Causes de la d\u00e9pression - DepressionHurts.ca<\/title>\n<meta name=\"robots\" content=\"index, follow, max-snippet:-1, max-image-preview:large, max-video-preview:-1\" \/>\n<link rel=\"canonical\" href=\"https:\/\/depressionhurts.ca\/fr\/about\/causes\/\" \/>\n<meta property=\"og:locale\" content=\"fr_FR\" \/>\n<meta property=\"og:type\" content=\"article\" \/>\n<meta property=\"og:title\" content=\"Causes de la d\u00e9pression - DepressionHurts.ca\" \/>\n<meta property=\"og:description\" content=\"La d\u00e9pression peut \u00eatre caus\u00e9e par un ou plusieurs facteurs, y compris des facteurs biologiques, psychologiques et environnementaux (li\u00e9s \u00e0 l&rsquo;environnement social ou familial).4,8,9 Facteurs biologiques1 Nous ne sommes pas certains de ce qui cause la d\u00e9pression. Une des principales th\u00e9ories est que la d\u00e9pression est provoqu\u00e9e par un d\u00e9s\u00e9quilibre de substances naturellement pr\u00e9sentes dans [&hellip;]\" \/>\n<meta property=\"og:url\" content=\"https:\/\/depressionhurts.ca\/fr\/about\/causes\/\" \/>\n<meta property=\"og:site_name\" content=\"DepressionHurts.ca\" \/>\n<meta property=\"article:modified_time\" content=\"2021-01-17T11:35:56+00:00\" \/>\n<meta property=\"og:image\" content=\"https:\/\/depressionhurts.ca\/wp-content\/uploads\/2021\/01\/causes-of-depression.jpg\" \/>\n<meta name=\"twitter:card\" content=\"summary_large_image\" \/>\n<meta name=\"twitter:label1\" content=\"Dur\u00e9e de lecture estim\u00e9e\" \/>\n\t<meta name=\"twitter:data1\" content=\"2 minutes\" \/>\n<script type=\"application\/ld+json\" class=\"yoast-schema-graph\">{\"@context\":\"https:\/\/schema.org\",\"@graph\":[{\"@type\":\"WebPage\",\"@id\":\"https:\/\/depressionhurts.ca\/fr\/about\/causes\/\",\"url\":\"https:\/\/depressionhurts.ca\/fr\/about\/causes\/\",\"name\":\"Causes de la d\u00e9pression - DepressionHurts.ca\",\"isPartOf\":{\"@id\":\"https:\/\/depressionhurts.ca\/fr\/#website\"},\"primaryImageOfPage\":{\"@id\":\"https:\/\/depressionhurts.ca\/fr\/about\/causes\/#primaryimage\"},\"image\":{\"@id\":\"https:\/\/depressionhurts.ca\/fr\/about\/causes\/#primaryimage\"},\"thumbnailUrl\":\"https:\/\/depressionhurts.ca\/wp-content\/uploads\/2021\/01\/causes-of-depression.jpg\",\"datePublished\":\"2021-01-13T10:49:27+00:00\",\"dateModified\":\"2021-01-17T11:35:56+00:00\",\"breadcrumb\":{\"@id\":\"https:\/\/depressionhurts.ca\/fr\/about\/causes\/#breadcrumb\"},\"inLanguage\":\"fr-FR\",\"potentialAction\":[{\"@type\":\"ReadAction\",\"target\":[\"https:\/\/depressionhurts.ca\/fr\/about\/causes\/\"]}]},{\"@type\":\"ImageObject\",\"inLanguage\":\"fr-FR\",\"@id\":\"https:\/\/depressionhurts.ca\/fr\/about\/causes\/#primaryimage\",\"url\":\"https:\/\/depressionhurts.ca\/wp-content\/uploads\/2021\/01\/causes-of-depression.jpg\",\"contentUrl\":\"https:\/\/depressionhurts.ca\/wp-content\/uploads\/2021\/01\/causes-of-depression.jpg\"},{\"@type\":\"BreadcrumbList\",\"@id\":\"https:\/\/depressionhurts.ca\/fr\/about\/causes\/#breadcrumb\",\"itemListElement\":[{\"@type\":\"ListItem\",\"position\":1,\"name\":\"Home\",\"item\":\"https:\/\/depressionhurts.ca\/fr\/\"},{\"@type\":\"ListItem\",\"position\":2,\"name\":\"D\u00e9finition de la d\u00e9pression\",\"item\":\"https:\/\/depressionhurts.ca\/fr\/about\/\"},{\"@type\":\"ListItem\",\"position\":3,\"name\":\"Causes de la d\u00e9pression\"}]},{\"@type\":\"WebSite\",\"@id\":\"https:\/\/depressionhurts.ca\/fr\/#website\",\"url\":\"https:\/\/depressionhurts.ca\/fr\/\",\"name\":\"DepressionHurts.ca\",\"description\":\"\",\"publisher\":{\"@id\":\"https:\/\/depressionhurts.ca\/fr\/#organization\"},\"potentialAction\":[{\"@type\":\"SearchAction\",\"target\":{\"@type\":\"EntryPoint\",\"urlTemplate\":\"https:\/\/depressionhurts.ca\/fr\/?s={search_term_string}\"},\"query-input\":{\"@type\":\"PropertyValueSpecification\",\"valueRequired\":true,\"valueName\":\"search_term_string\"}}],\"inLanguage\":\"fr-FR\"},{\"@type\":\"Organization\",\"@id\":\"https:\/\/depressionhurts.ca\/fr\/#organization\",\"name\":\"DepressionHurts.ca\",\"url\":\"https:\/\/depressionhurts.ca\/fr\/\",\"logo\":{\"@type\":\"ImageObject\",\"inLanguage\":\"fr-FR\",\"@id\":\"https:\/\/depressionhurts.ca\/fr\/#\/schema\/logo\/image\/\",\"url\":\"https:\/\/secureservercdn.net\/166.62.108.229\/g2y.e38.myftpupload.com\/wp-content\/uploads\/2021\/01\/logo-dark.png?time=1620301712\",\"contentUrl\":\"https:\/\/secureservercdn.net\/166.62.108.229\/g2y.e38.myftpupload.com\/wp-content\/uploads\/2021\/01\/logo-dark.png?time=1620301712\",\"width\":310,\"height\":120,\"caption\":\"DepressionHurts.ca\"},\"image\":{\"@id\":\"https:\/\/depressionhurts.ca\/fr\/#\/schema\/logo\/image\/\"}}]}<\/script>\n<!-- \/ Yoast SEO plugin. -->","yoast_head_json":{"title":"Causes de la d\u00e9pression - DepressionHurts.ca","robots":{"index":"index","follow":"follow","max-snippet":"max-snippet:-1","max-image-preview":"max-image-preview:large","max-video-preview":"max-video-preview:-1"},"canonical":"https:\/\/depressionhurts.ca\/fr\/about\/causes\/","og_locale":"fr_FR","og_type":"article","og_title":"Causes de la d\u00e9pression - DepressionHurts.ca","og_description":"La d\u00e9pression peut \u00eatre caus\u00e9e par un ou plusieurs facteurs, y compris des facteurs biologiques, psychologiques et environnementaux (li\u00e9s \u00e0 l&rsquo;environnement social ou familial).4,8,9 Facteurs biologiques1 Nous ne sommes pas certains de ce qui cause la d\u00e9pression. Une des principales th\u00e9ories est que la d\u00e9pression est provoqu\u00e9e par un d\u00e9s\u00e9quilibre de substances naturellement pr\u00e9sentes dans [&hellip;]","og_url":"https:\/\/depressionhurts.ca\/fr\/about\/causes\/","og_site_name":"DepressionHurts.ca","article_modified_time":"2021-01-17T11:35:56+00:00","og_image":[{"url":"https:\/\/depressionhurts.ca\/wp-content\/uploads\/2021\/01\/causes-of-depression.jpg","type":"","width":"","height":""}],"twitter_card":"summary_large_image","twitter_misc":{"Dur\u00e9e de lecture estim\u00e9e":"2 minutes"},"schema":{"@context":"https:\/\/schema.org","@graph":[{"@type":"WebPage","@id":"https:\/\/depressionhurts.ca\/fr\/about\/causes\/","url":"https:\/\/depressionhurts.ca\/fr\/about\/causes\/","name":"Causes de la d\u00e9pression - DepressionHurts.ca","isPartOf":{"@id":"https:\/\/depressionhurts.ca\/fr\/#website"},"primaryImageOfPage":{"@id":"https:\/\/depressionhurts.ca\/fr\/about\/causes\/#primaryimage"},"image":{"@id":"https:\/\/depressionhurts.ca\/fr\/about\/causes\/#primaryimage"},"thumbnailUrl":"https:\/\/depressionhurts.ca\/wp-content\/uploads\/2021\/01\/causes-of-depression.jpg","datePublished":"2021-01-13T10:49:27+00:00","dateModified":"2021-01-17T11:35:56+00:00","breadcrumb":{"@id":"https:\/\/depressionhurts.ca\/fr\/about\/causes\/#breadcrumb"},"inLanguage":"fr-FR","potentialAction":[{"@type":"ReadAction","target":["https:\/\/depressionhurts.ca\/fr\/about\/causes\/"]}]},{"@type":"ImageObject","inLanguage":"fr-FR","@id":"https:\/\/depressionhurts.ca\/fr\/about\/causes\/#primaryimage","url":"https:\/\/depressionhurts.ca\/wp-content\/uploads\/2021\/01\/causes-of-depression.jpg","contentUrl":"https:\/\/depressionhurts.ca\/wp-content\/uploads\/2021\/01\/causes-of-depression.jpg"},{"@type":"BreadcrumbList","@id":"https:\/\/depressionhurts.ca\/fr\/about\/causes\/#breadcrumb","itemListElement":[{"@type":"ListItem","position":1,"name":"Home","item":"https:\/\/depressionhurts.ca\/fr\/"},{"@type":"ListItem","position":2,"name":"D\u00e9finition de la d\u00e9pression","item":"https:\/\/depressionhurts.ca\/fr\/about\/"},{"@type":"ListItem","position":3,"name":"Causes de la d\u00e9pression"}]},{"@type":"WebSite","@id":"https:\/\/depressionhurts.ca\/fr\/#website","url":"https:\/\/depressionhurts.ca\/fr\/","name":"DepressionHurts.ca","description":"","publisher":{"@id":"https:\/\/depressionhurts.ca\/fr\/#organization"},"potentialAction":[{"@type":"SearchAction","target":{"@type":"EntryPoint","urlTemplate":"https:\/\/depressionhurts.ca\/fr\/?s={search_term_string}"},"query-input":{"@type":"PropertyValueSpecification","valueRequired":true,"valueName":"search_term_string"}}],"inLanguage":"fr-FR"},{"@type":"Organization","@id":"https:\/\/depressionhurts.ca\/fr\/#organization","name":"DepressionHurts.ca","url":"https:\/\/depressionhurts.ca\/fr\/","logo":{"@type":"ImageObject","inLanguage":"fr-FR","@id":"https:\/\/depressionhurts.ca\/fr\/#\/schema\/logo\/image\/","url":"https:\/\/secureservercdn.net\/166.62.108.229\/g2y.e38.myftpupload.com\/wp-content\/uploads\/2021\/01\/logo-dark.png?time=1620301712","contentUrl":"https:\/\/secureservercdn.net\/166.62.108.229\/g2y.e38.myftpupload.com\/wp-content\/uploads\/2021\/01\/logo-dark.png?time=1620301712","width":310,"height":120,"caption":"DepressionHurts.ca"},"image":{"@id":"https:\/\/depressionhurts.ca\/fr\/#\/schema\/logo\/image\/"}}]}},"_links":{"self":[{"href":"https:\/\/depressionhurts.ca\/fr\/wp-json\/wp\/v2\/pages\/1206","targetHints":{"allow":["GET"]}}],"collection":[{"href":"https:\/\/depressionhurts.ca\/fr\/wp-json\/wp\/v2\/pages"}],"about":[{"href":"https:\/\/depressionhurts.ca\/fr\/wp-json\/wp\/v2\/types\/page"}],"author":[{"embeddable":true,"href":"https:\/\/depressionhurts.ca\/fr\/wp-json\/wp\/v2\/users\/3"}],"replies":[{"embeddable":true,"href":"https:\/\/depressionhurts.ca\/fr\/wp-json\/wp\/v2\/comments?post=1206"}],"version-history":[{"count":11,"href":"https:\/\/depressionhurts.ca\/fr\/wp-json\/wp\/v2\/pages\/1206\/revisions"}],"predecessor-version":[{"id":2005,"href":"https:\/\/depressionhurts.ca\/fr\/wp-json\/wp\/v2\/pages\/1206\/revisions\/2005"}],"up":[{"embeddable":true,"href":"https:\/\/depressionhurts.ca\/fr\/wp-json\/wp\/v2\/pages\/1190"}],"wp:attachment":[{"href":"https:\/\/depressionhurts.ca\/fr\/wp-json\/wp\/v2\/media?parent=1206"}],"curies":[{"name":"wp","href":"https:\/\/api.w.org\/{rel}","templated":true}]}}