{"id":1255,"date":"2021-01-16T11:18:57","date_gmt":"2021-01-16T11:18:57","guid":{"rendered":"https:\/\/depressionhurts.ca\/?page_id=1255"},"modified":"2021-01-17T13:24:10","modified_gmt":"2021-01-17T13:24:10","slug":"manage","status":"publish","type":"page","link":"https:\/\/depressionhurts.ca\/fr\/manage\/","title":{"rendered":"Prise en charge de la d\u00e9pression"},"content":{"rendered":"\t\t<div data-elementor-type=\"wp-page\" data-elementor-id=\"1255\" class=\"elementor elementor-1255\">\n\t\t\t\t\t\t<section class=\"elementor-section elementor-top-section elementor-element elementor-element-e521d5c elementor-section-boxed elementor-section-height-default elementor-section-height-default\" data-id=\"e521d5c\" data-element_type=\"section\">\n\t\t\t\t\t\t<div class=\"elementor-container elementor-column-gap-default\">\n\t\t\t\t\t<div class=\"elementor-column elementor-col-100 elementor-top-column elementor-element elementor-element-6e47552\" data-id=\"6e47552\" data-element_type=\"column\">\n\t\t\t<div class=\"elementor-widget-wrap elementor-element-populated\">\n\t\t\t\t\t\t<div class=\"elementor-element elementor-element-fb5586e elementor-widget elementor-widget-text-editor\" data-id=\"fb5586e\" data-element_type=\"widget\" data-widget_type=\"text-editor.default\">\n\t\t\t\t<div class=\"elementor-widget-container\">\n\t\t\t\t\t\t\t\t\t<p>Dans le cas de la d\u00e9pression, obtenir un traitement m\u00e9dical est essentiel, mais vous pouvez aussi vous \u00ab aider vous-m\u00eame \u00bb. La prise de certaines mesures peut optimiser l&rsquo;efficacit\u00e9 de votre traitement, acc\u00e9l\u00e9rer votre r\u00e9tablissement et vous aider \u00e0 \u00e9viter que les sympt\u00f4mes ne r\u00e9apparaissent.<br><\/p>\n<p>Cela peut vous sembler difficile si vous souffrez de d\u00e9pression, mais c&rsquo;est possible&#8230; avec un peu d&rsquo;aide. N&rsquo;h\u00e9sitez pas \u00e0 tendre la main et \u00e0 accepter l&rsquo;aide :<\/p>\n<p><a href=\"https:\/\/depressionhurts.ca\/fr\/improvement\/seeing-a-specialist\"><span style=\"text-decoration: underline;\">d&rsquo;un professionnel de la sant\u00e9 <\/span><\/a> ou <a href=\"https:\/\/depressionhurts.ca\/fr\/improvement\/support-network\"><span style=\"text-decoration: underline;\">de ceux qui sont proches de vous<\/span><\/a><\/p>\n<p><a href=\"https:\/\/depressionhurts.ca\/fr\/manage\/healthy-lifestyle\"><span style=\"text-decoration: underline;\">D\u00e9couvrez comment l&rsquo;adoption d&rsquo;un mode<br>\nde vie sain peut vous aider<\/span><\/a>.<\/p>\t\t\t\t\t\t\t\t<\/div>\n\t\t\t\t<\/div>\n\t\t\t\t\t<\/div>\n\t\t<\/div>\n\t\t\t\t<div class=\"elementor-column elementor-col-100 elementor-top-column elementor-element elementor-element-f8978e3\" data-id=\"f8978e3\" data-element_type=\"column\">\n\t\t\t<div class=\"elementor-widget-wrap elementor-element-populated\">\n\t\t\t\t\t\t<div class=\"elementor-element elementor-element-066c87f elementor-widget elementor-widget-image\" data-id=\"066c87f\" data-element_type=\"widget\" data-widget_type=\"image.default\">\n\t\t\t\t<div class=\"elementor-widget-container\">\n\t\t\t\t\t\t\t\t\t\t\t\t\t\t\t<img fetchpriority=\"high\" decoding=\"async\" width=\"377\" height=\"500\" src=\"https:\/\/depressionhurts.ca\/wp-content\/uploads\/2021\/01\/managing-your-depression.jpg\" class=\"attachment-full size-full wp-image-1784\" alt=\"\" srcset=\"https:\/\/depressionhurts.ca\/wp-content\/uploads\/2021\/01\/managing-your-depression.jpg 377w, https:\/\/depressionhurts.ca\/wp-content\/uploads\/2021\/01\/managing-your-depression-226x300.jpg 226w\" sizes=\"(max-width: 34.9rem) calc(100vw - 2rem), (max-width: 53rem) calc(8 * (100vw \/ 12)), (min-width: 53rem) calc(6 * (100vw \/ 12)), 100vw\" \/>\t\t\t\t\t\t\t\t\t\t\t\t\t\t\t<\/div>\n\t\t\t\t<\/div>\n\t\t\t\t\t<\/div>\n\t\t<\/div>\n\t\t\t\t\t<\/div>\n\t\t<\/section>\n\t\t\t\t<section class=\"elementor-section elementor-top-section elementor-element elementor-element-6c7f69e elementor-section-boxed elementor-section-height-default elementor-section-height-default\" data-id=\"6c7f69e\" data-element_type=\"section\">\n\t\t\t\t\t\t<div class=\"elementor-container elementor-column-gap-default\">\n\t\t\t\t\t<div class=\"elementor-column elementor-col-100 elementor-top-column elementor-element elementor-element-73a6233\" data-id=\"73a6233\" data-element_type=\"column\">\n\t\t\t<div class=\"elementor-widget-wrap elementor-element-populated\">\n\t\t\t\t\t\t<div class=\"elementor-element elementor-element-d359399 elementor-widget elementor-widget-spacer\" data-id=\"d359399\" data-element_type=\"widget\" data-widget_type=\"spacer.default\">\n\t\t\t\t<div class=\"elementor-widget-container\">\n\t\t\t\t\t\t\t<div class=\"elementor-spacer\">\n\t\t\t<div class=\"elementor-spacer-inner\"><\/div>\n\t\t<\/div>\n\t\t\t\t\t\t<\/div>\n\t\t\t\t<\/div>\n\t\t\t\t\t<\/div>\n\t\t<\/div>\n\t\t\t\t\t<\/div>\n\t\t<\/section>\n\t\t\t\t<section class=\"elementor-section elementor-top-section elementor-element elementor-element-f3c599d elementor-section-boxed elementor-section-height-default elementor-section-height-default\" data-id=\"f3c599d\" data-element_type=\"section\">\n\t\t\t\t\t\t<div class=\"elementor-container elementor-column-gap-default\">\n\t\t\t\t\t\t<\/div>\n\t\t<\/section>\n\t\t\t\t<\/div>\n\t\t","protected":false},"excerpt":{"rendered":"<p>Dans le cas de la d\u00e9pression, obtenir un traitement m\u00e9dical est essentiel, mais vous pouvez aussi vous \u00ab aider vous-m\u00eame \u00bb. La prise de certaines mesures peut optimiser l&rsquo;efficacit\u00e9 de votre traitement, acc\u00e9l\u00e9rer votre r\u00e9tablissement et vous aider \u00e0 \u00e9viter que les sympt\u00f4mes ne r\u00e9apparaissent. Cela peut vous sembler difficile si vous souffrez de d\u00e9pression, [&hellip;]<\/p>\n","protected":false},"author":3,"featured_media":0,"parent":0,"menu_order":0,"comment_status":"closed","ping_status":"closed","template":"page-internal.php","meta":{"_acf_changed":false,"footnotes":""},"class_list":["post-1255","page","type-page","status-publish","hentry","entry"],"acf":[],"yoast_head":"<!-- This site is optimized with the Yoast SEO plugin v26.9 - https:\/\/yoast.com\/product\/yoast-seo-wordpress\/ -->\n<title>Prise en charge de la d\u00e9pression - DepressionHurts.ca<\/title>\n<meta name=\"robots\" content=\"index, follow, max-snippet:-1, max-image-preview:large, max-video-preview:-1\" \/>\n<link rel=\"canonical\" href=\"https:\/\/depressionhurts.ca\/fr\/manage\/\" \/>\n<meta property=\"og:locale\" content=\"fr_FR\" \/>\n<meta property=\"og:type\" content=\"article\" \/>\n<meta property=\"og:title\" content=\"Prise en charge de la d\u00e9pression - DepressionHurts.ca\" \/>\n<meta property=\"og:description\" content=\"Dans le cas de la d\u00e9pression, obtenir un traitement m\u00e9dical est essentiel, mais vous pouvez aussi vous \u00ab aider vous-m\u00eame \u00bb. La prise de certaines mesures peut optimiser l&rsquo;efficacit\u00e9 de votre traitement, acc\u00e9l\u00e9rer votre r\u00e9tablissement et vous aider \u00e0 \u00e9viter que les sympt\u00f4mes ne r\u00e9apparaissent. Cela peut vous sembler difficile si vous souffrez de d\u00e9pression, [&hellip;]\" \/>\n<meta property=\"og:url\" content=\"https:\/\/depressionhurts.ca\/fr\/manage\/\" \/>\n<meta property=\"og:site_name\" content=\"DepressionHurts.ca\" \/>\n<meta property=\"article:modified_time\" content=\"2021-01-17T13:24:10+00:00\" \/>\n<meta property=\"og:image\" content=\"https:\/\/depressionhurts.ca\/wp-content\/uploads\/2021\/01\/managing-your-depression.jpg\" \/>\n<meta name=\"twitter:card\" content=\"summary_large_image\" \/>\n<meta name=\"twitter:label1\" content=\"Dur\u00e9e de lecture estim\u00e9e\" \/>\n\t<meta name=\"twitter:data1\" content=\"1 minute\" \/>\n<script type=\"application\/ld+json\" class=\"yoast-schema-graph\">{\"@context\":\"https:\/\/schema.org\",\"@graph\":[{\"@type\":\"WebPage\",\"@id\":\"https:\/\/depressionhurts.ca\/fr\/manage\/\",\"url\":\"https:\/\/depressionhurts.ca\/fr\/manage\/\",\"name\":\"Prise en charge de la d\u00e9pression - DepressionHurts.ca\",\"isPartOf\":{\"@id\":\"https:\/\/depressionhurts.ca\/fr\/#website\"},\"primaryImageOfPage\":{\"@id\":\"https:\/\/depressionhurts.ca\/fr\/manage\/#primaryimage\"},\"image\":{\"@id\":\"https:\/\/depressionhurts.ca\/fr\/manage\/#primaryimage\"},\"thumbnailUrl\":\"https:\/\/depressionhurts.ca\/wp-content\/uploads\/2021\/01\/managing-your-depression.jpg\",\"datePublished\":\"2021-01-16T11:18:57+00:00\",\"dateModified\":\"2021-01-17T13:24:10+00:00\",\"breadcrumb\":{\"@id\":\"https:\/\/depressionhurts.ca\/fr\/manage\/#breadcrumb\"},\"inLanguage\":\"fr-FR\",\"potentialAction\":[{\"@type\":\"ReadAction\",\"target\":[\"https:\/\/depressionhurts.ca\/fr\/manage\/\"]}]},{\"@type\":\"ImageObject\",\"inLanguage\":\"fr-FR\",\"@id\":\"https:\/\/depressionhurts.ca\/fr\/manage\/#primaryimage\",\"url\":\"https:\/\/depressionhurts.ca\/wp-content\/uploads\/2021\/01\/managing-your-depression.jpg\",\"contentUrl\":\"https:\/\/depressionhurts.ca\/wp-content\/uploads\/2021\/01\/managing-your-depression.jpg\"},{\"@type\":\"BreadcrumbList\",\"@id\":\"https:\/\/depressionhurts.ca\/fr\/manage\/#breadcrumb\",\"itemListElement\":[{\"@type\":\"ListItem\",\"position\":1,\"name\":\"Home\",\"item\":\"https:\/\/depressionhurts.ca\/fr\/\"},{\"@type\":\"ListItem\",\"position\":2,\"name\":\"Prise en charge de la d\u00e9pression\"}]},{\"@type\":\"WebSite\",\"@id\":\"https:\/\/depressionhurts.ca\/fr\/#website\",\"url\":\"https:\/\/depressionhurts.ca\/fr\/\",\"name\":\"DepressionHurts.ca\",\"description\":\"\",\"publisher\":{\"@id\":\"https:\/\/depressionhurts.ca\/fr\/#organization\"},\"potentialAction\":[{\"@type\":\"SearchAction\",\"target\":{\"@type\":\"EntryPoint\",\"urlTemplate\":\"https:\/\/depressionhurts.ca\/fr\/?s={search_term_string}\"},\"query-input\":{\"@type\":\"PropertyValueSpecification\",\"valueRequired\":true,\"valueName\":\"search_term_string\"}}],\"inLanguage\":\"fr-FR\"},{\"@type\":\"Organization\",\"@id\":\"https:\/\/depressionhurts.ca\/fr\/#organization\",\"name\":\"DepressionHurts.ca\",\"url\":\"https:\/\/depressionhurts.ca\/fr\/\",\"logo\":{\"@type\":\"ImageObject\",\"inLanguage\":\"fr-FR\",\"@id\":\"https:\/\/depressionhurts.ca\/fr\/#\/schema\/logo\/image\/\",\"url\":\"https:\/\/secureservercdn.net\/166.62.108.229\/g2y.e38.myftpupload.com\/wp-content\/uploads\/2021\/01\/logo-dark.png?time=1620301712\",\"contentUrl\":\"https:\/\/secureservercdn.net\/166.62.108.229\/g2y.e38.myftpupload.com\/wp-content\/uploads\/2021\/01\/logo-dark.png?time=1620301712\",\"width\":310,\"height\":120,\"caption\":\"DepressionHurts.ca\"},\"image\":{\"@id\":\"https:\/\/depressionhurts.ca\/fr\/#\/schema\/logo\/image\/\"}}]}<\/script>\n<!-- \/ Yoast SEO plugin. -->","yoast_head_json":{"title":"Prise en charge de la d\u00e9pression - DepressionHurts.ca","robots":{"index":"index","follow":"follow","max-snippet":"max-snippet:-1","max-image-preview":"max-image-preview:large","max-video-preview":"max-video-preview:-1"},"canonical":"https:\/\/depressionhurts.ca\/fr\/manage\/","og_locale":"fr_FR","og_type":"article","og_title":"Prise en charge de la d\u00e9pression - DepressionHurts.ca","og_description":"Dans le cas de la d\u00e9pression, obtenir un traitement m\u00e9dical est essentiel, mais vous pouvez aussi vous \u00ab aider vous-m\u00eame \u00bb. La prise de certaines mesures peut optimiser l&rsquo;efficacit\u00e9 de votre traitement, acc\u00e9l\u00e9rer votre r\u00e9tablissement et vous aider \u00e0 \u00e9viter que les sympt\u00f4mes ne r\u00e9apparaissent. Cela peut vous sembler difficile si vous souffrez de d\u00e9pression, [&hellip;]","og_url":"https:\/\/depressionhurts.ca\/fr\/manage\/","og_site_name":"DepressionHurts.ca","article_modified_time":"2021-01-17T13:24:10+00:00","og_image":[{"url":"https:\/\/depressionhurts.ca\/wp-content\/uploads\/2021\/01\/managing-your-depression.jpg","type":"","width":"","height":""}],"twitter_card":"summary_large_image","twitter_misc":{"Dur\u00e9e de lecture estim\u00e9e":"1 minute"},"schema":{"@context":"https:\/\/schema.org","@graph":[{"@type":"WebPage","@id":"https:\/\/depressionhurts.ca\/fr\/manage\/","url":"https:\/\/depressionhurts.ca\/fr\/manage\/","name":"Prise en charge de la d\u00e9pression - DepressionHurts.ca","isPartOf":{"@id":"https:\/\/depressionhurts.ca\/fr\/#website"},"primaryImageOfPage":{"@id":"https:\/\/depressionhurts.ca\/fr\/manage\/#primaryimage"},"image":{"@id":"https:\/\/depressionhurts.ca\/fr\/manage\/#primaryimage"},"thumbnailUrl":"https:\/\/depressionhurts.ca\/wp-content\/uploads\/2021\/01\/managing-your-depression.jpg","datePublished":"2021-01-16T11:18:57+00:00","dateModified":"2021-01-17T13:24:10+00:00","breadcrumb":{"@id":"https:\/\/depressionhurts.ca\/fr\/manage\/#breadcrumb"},"inLanguage":"fr-FR","potentialAction":[{"@type":"ReadAction","target":["https:\/\/depressionhurts.ca\/fr\/manage\/"]}]},{"@type":"ImageObject","inLanguage":"fr-FR","@id":"https:\/\/depressionhurts.ca\/fr\/manage\/#primaryimage","url":"https:\/\/depressionhurts.ca\/wp-content\/uploads\/2021\/01\/managing-your-depression.jpg","contentUrl":"https:\/\/depressionhurts.ca\/wp-content\/uploads\/2021\/01\/managing-your-depression.jpg"},{"@type":"BreadcrumbList","@id":"https:\/\/depressionhurts.ca\/fr\/manage\/#breadcrumb","itemListElement":[{"@type":"ListItem","position":1,"name":"Home","item":"https:\/\/depressionhurts.ca\/fr\/"},{"@type":"ListItem","position":2,"name":"Prise en charge de la d\u00e9pression"}]},{"@type":"WebSite","@id":"https:\/\/depressionhurts.ca\/fr\/#website","url":"https:\/\/depressionhurts.ca\/fr\/","name":"DepressionHurts.ca","description":"","publisher":{"@id":"https:\/\/depressionhurts.ca\/fr\/#organization"},"potentialAction":[{"@type":"SearchAction","target":{"@type":"EntryPoint","urlTemplate":"https:\/\/depressionhurts.ca\/fr\/?s={search_term_string}"},"query-input":{"@type":"PropertyValueSpecification","valueRequired":true,"valueName":"search_term_string"}}],"inLanguage":"fr-FR"},{"@type":"Organization","@id":"https:\/\/depressionhurts.ca\/fr\/#organization","name":"DepressionHurts.ca","url":"https:\/\/depressionhurts.ca\/fr\/","logo":{"@type":"ImageObject","inLanguage":"fr-FR","@id":"https:\/\/depressionhurts.ca\/fr\/#\/schema\/logo\/image\/","url":"https:\/\/secureservercdn.net\/166.62.108.229\/g2y.e38.myftpupload.com\/wp-content\/uploads\/2021\/01\/logo-dark.png?time=1620301712","contentUrl":"https:\/\/secureservercdn.net\/166.62.108.229\/g2y.e38.myftpupload.com\/wp-content\/uploads\/2021\/01\/logo-dark.png?time=1620301712","width":310,"height":120,"caption":"DepressionHurts.ca"},"image":{"@id":"https:\/\/depressionhurts.ca\/fr\/#\/schema\/logo\/image\/"}}]}},"_links":{"self":[{"href":"https:\/\/depressionhurts.ca\/fr\/wp-json\/wp\/v2\/pages\/1255","targetHints":{"allow":["GET"]}}],"collection":[{"href":"https:\/\/depressionhurts.ca\/fr\/wp-json\/wp\/v2\/pages"}],"about":[{"href":"https:\/\/depressionhurts.ca\/fr\/wp-json\/wp\/v2\/types\/page"}],"author":[{"embeddable":true,"href":"https:\/\/depressionhurts.ca\/fr\/wp-json\/wp\/v2\/users\/3"}],"replies":[{"embeddable":true,"href":"https:\/\/depressionhurts.ca\/fr\/wp-json\/wp\/v2\/comments?post=1255"}],"version-history":[{"count":19,"href":"https:\/\/depressionhurts.ca\/fr\/wp-json\/wp\/v2\/pages\/1255\/revisions"}],"predecessor-version":[{"id":2199,"href":"https:\/\/depressionhurts.ca\/fr\/wp-json\/wp\/v2\/pages\/1255\/revisions\/2199"}],"wp:attachment":[{"href":"https:\/\/depressionhurts.ca\/fr\/wp-json\/wp\/v2\/media?parent=1255"}],"curies":[{"name":"wp","href":"https:\/\/api.w.org\/{rel}","templated":true}]}}