{"id":1274,"date":"2021-01-16T11:26:56","date_gmt":"2021-01-16T11:26:56","guid":{"rendered":"https:\/\/depressionhurts.ca\/?page_id=1274"},"modified":"2021-01-17T13:24:57","modified_gmt":"2021-01-17T13:24:57","slug":"healthy-lifestyle","status":"publish","type":"page","link":"https:\/\/depressionhurts.ca\/fr\/manage\/healthy-lifestyle\/","title":{"rendered":"Adopter un mode de vie sain"},"content":{"rendered":"\t\t<div data-elementor-type=\"wp-page\" data-elementor-id=\"1274\" class=\"elementor elementor-1274\">\n\t\t\t\t\t\t<section class=\"elementor-section elementor-top-section elementor-element elementor-element-e521d5c elementor-section-boxed elementor-section-height-default elementor-section-height-default\" data-id=\"e521d5c\" data-element_type=\"section\">\n\t\t\t\t\t\t<div class=\"elementor-container elementor-column-gap-default\">\n\t\t\t\t\t<div class=\"elementor-column elementor-col-100 elementor-top-column elementor-element elementor-element-6e47552\" data-id=\"6e47552\" data-element_type=\"column\">\n\t\t\t<div class=\"elementor-widget-wrap elementor-element-populated\">\n\t\t\t\t\t\t<div class=\"elementor-element elementor-element-fb5586e elementor-widget elementor-widget-text-editor\" data-id=\"fb5586e\" data-element_type=\"widget\" data-widget_type=\"text-editor.default\">\n\t\t\t\t<div class=\"elementor-widget-container\">\n\t\t\t\t\t\t\t\t\tLa d\u00e9pression peut toucher de nombreux aspects diff\u00e9rents de votre vie. Par cons\u00e9quent, votre m\u00e9decin pourrait recommander des changements pr\u00e9cis \u00e0 apporter \u00e0 votre style de vie, par exemple au chapitre de l&rsquo;exercice physique, de la nutrition et du sommeil. Communiquer avec des amis et de la famille pour demander leur soutien, ainsi que prendre le temps d&rsquo;\u00eatre plus sociable peut \u00e9galement s&rsquo;av\u00e9rer b\u00e9n\u00e9fique.<sup>8,11<\/sup>\t\t\t\t\t\t\t\t<\/div>\n\t\t\t\t<\/div>\n\t\t\t\t<div class=\"elementor-element elementor-element-f01068f elementor-widget elementor-widget-heading\" data-id=\"f01068f\" data-element_type=\"widget\" data-widget_type=\"heading.default\">\n\t\t\t\t<div class=\"elementor-widget-container\">\n\t\t\t\t\t<h2 class=\"elementor-heading-title elementor-size-default\">Pratiquer des activit\u00e9s physiques<sup>11<\/sup><\/h2>\t\t\t\t<\/div>\n\t\t\t\t<\/div>\n\t\t\t\t<div class=\"elementor-element elementor-element-219d819 elementor-widget elementor-widget-text-editor\" data-id=\"219d819\" data-element_type=\"widget\" data-widget_type=\"text-editor.default\">\n\t\t\t\t<div class=\"elementor-widget-container\">\n\t\t\t\t\t\t\t\t\t<p>Bien qu&rsquo;il puisse \u00eatre difficile de s&rsquo;y mettre, commencer \u00e0 \u00eatre physiquement plus actif peut vous aider \u00e0 prendre en charge votre d\u00e9pression. Une activit\u00e9 physique r\u00e9guli\u00e8re est li\u00e9e \u00e0 un meilleur bien-\u00eatre mental et physique. Des \u00e9tudes r\u00e9centes indiquent que les personnes en bonne condition physique sont moins vuln\u00e9rables \u00e0 la d\u00e9pression et que la pratique r\u00e9guli\u00e8re d&rsquo;activit\u00e9s physiques peut r\u00e9duire de fa\u00e7on importante les sympt\u00f4mes de la d\u00e9pression chez de nombreuses personnes.<\/p><p>La pratique d&rsquo;exercices physiques a une incidence sur l&rsquo;humeur de quatre fa\u00e7ons:<sup>11<\/sup><\/p><ul><li>Elle peut produire une am\u00e9lioration imm\u00e9diate de l&rsquo;humeur apr\u00e8s l&rsquo;exercice chez certaines personnes (pendant la d\u00e9pression, cet effet peut ne pas se produire).<\/li><li>Apr\u00e8s quelques semaines de pratique r\u00e9guli\u00e8re d&rsquo;activit\u00e9s physiques (trois \u00e0 quatre fois par semaine, au moins 20 minutes \u00e0 la fois), une am\u00e9lioration g\u00e9n\u00e9rale de l&rsquo;humeur commencerait.<\/li><li>Une meilleure condition physique est associ\u00e9e \u00e0 une am\u00e9lioration de l&rsquo;\u00e9nergie qui peut vous permettre de faire plus.<\/li><li>L&rsquo;exercice est une bonne fa\u00e7on d\u2019\u00ab \u00e9vacuer \u00bb le stress lorsque vous vous sentez tendu.<\/li><\/ul>\t\t\t\t\t\t\t\t<\/div>\n\t\t\t\t<\/div>\n\t\t\t\t<div class=\"elementor-element elementor-element-af6c308 elementor-widget elementor-widget-heading\" data-id=\"af6c308\" data-element_type=\"widget\" data-widget_type=\"heading.default\">\n\t\t\t\t<div class=\"elementor-widget-container\">\n\t\t\t\t\t<h2 class=\"elementor-heading-title elementor-size-default\">Alimentation saine<sup>11<\/sup><\/h2>\t\t\t\t<\/div>\n\t\t\t\t<\/div>\n\t\t\t\t<div class=\"elementor-element elementor-element-f75259f elementor-widget elementor-widget-text-editor\" data-id=\"f75259f\" data-element_type=\"widget\" data-widget_type=\"text-editor.default\">\n\t\t\t\t<div class=\"elementor-widget-container\">\n\t\t\t\t\t\t\t\t\t<p>La d\u00e9pression est une maladie qui a tendance \u00e0 faire perdre l&rsquo;app\u00e9tit. C&rsquo;est pourquoi il peut s&rsquo;av\u00e9rer difficile de garder un r\u00e9gime \u00e9quilibr\u00e9. Cependant, on ne peut pas n\u00e9gliger les effets positifs potentiels d&rsquo;un r\u00e9gime sain et \u00e9quilibr\u00e9 sur la sant\u00e9 g\u00e9n\u00e9rale et m\u00eame sur un \u00e9tat d\u00e9pressif.<\/p>\t\t\t\t\t\t\t\t<\/div>\n\t\t\t\t<\/div>\n\t\t\t\t\t<\/div>\n\t\t<\/div>\n\t\t\t\t\t<\/div>\n\t\t<\/section>\n\t\t\t\t<section class=\"elementor-section elementor-top-section elementor-element elementor-element-114bb48 elementor-section-boxed elementor-section-height-default elementor-section-height-default\" data-id=\"114bb48\" data-element_type=\"section\">\n\t\t\t\t\t\t<div class=\"elementor-container elementor-column-gap-default\">\n\t\t\t\t\t<div class=\"elementor-column elementor-col-100 elementor-top-column elementor-element elementor-element-eb57cf3\" data-id=\"eb57cf3\" data-element_type=\"column\">\n\t\t\t<div class=\"elementor-widget-wrap elementor-element-populated\">\n\t\t\t\t\t\t<div class=\"elementor-element elementor-element-0573811 elementor-widget elementor-widget-heading\" data-id=\"0573811\" data-element_type=\"widget\" data-widget_type=\"heading.default\">\n\t\t\t\t<div class=\"elementor-widget-container\">\n\t\t\t\t\t<h2 class=\"elementor-heading-title elementor-size-default\">Am\u00e9liorer le sommeil<sup>11<\/sup><\/h2>\t\t\t\t<\/div>\n\t\t\t\t<\/div>\n\t\t\t\t<div class=\"elementor-element elementor-element-bd3d648 elementor-widget elementor-widget-text-editor\" data-id=\"bd3d648\" data-element_type=\"widget\" data-widget_type=\"text-editor.default\">\n\t\t\t\t<div class=\"elementor-widget-container\">\n\t\t\t\t\t\t\t\t\t<p>Le stress, l&rsquo;anxi\u00e9t\u00e9 et la d\u00e9pression ont souvent un effet perturbateur sur le sommeil, et une mauvaise qualit\u00e9 de sommeil peut exacerber le sentiment d&rsquo;anxi\u00e9t\u00e9 et la d\u00e9pression. En d&rsquo;autres termes, les troubles du sommeil sont une cause et un effet des troubles de l&rsquo;humeur.<\/p>\t\t\t\t\t\t\t\t<\/div>\n\t\t\t\t<\/div>\n\t\t\t\t\t<\/div>\n\t\t<\/div>\n\t\t\t\t\t<\/div>\n\t\t<\/section>\n\t\t\t\t<section class=\"elementor-section elementor-top-section elementor-element elementor-element-040a3aa elementor-section-boxed elementor-section-height-default elementor-section-height-default\" data-id=\"040a3aa\" data-element_type=\"section\">\n\t\t\t\t\t\t<div class=\"elementor-container elementor-column-gap-default\">\n\t\t\t\t\t<div class=\"elementor-column elementor-col-100 elementor-top-column elementor-element elementor-element-4db44f4\" data-id=\"4db44f4\" data-element_type=\"column\">\n\t\t\t<div class=\"elementor-widget-wrap elementor-element-populated\">\n\t\t\t\t\t\t<div class=\"elementor-element elementor-element-330be4f elementor-widget elementor-widget-heading\" data-id=\"330be4f\" data-element_type=\"widget\" data-widget_type=\"heading.default\">\n\t\t\t\t<div class=\"elementor-widget-container\">\n\t\t\t\t\t<h2 class=\"elementor-heading-title elementor-size-default\">Limiter la consommation d'alcool et \u00e9viter l'usage de drogues (cannabis ou autres drogues)1<sup>11<\/sup><\/h2>\t\t\t\t<\/div>\n\t\t\t\t<\/div>\n\t\t\t\t\t<\/div>\n\t\t<\/div>\n\t\t\t\t\t<\/div>\n\t\t<\/section>\n\t\t\t\t<section class=\"elementor-section elementor-top-section elementor-element elementor-element-4075227 elementor-section-boxed elementor-section-height-default elementor-section-height-default\" data-id=\"4075227\" data-element_type=\"section\">\n\t\t\t\t\t\t<div class=\"elementor-container elementor-column-gap-default\">\n\t\t\t\t\t<div class=\"elementor-column elementor-col-100 elementor-top-column elementor-element elementor-element-90b311c\" data-id=\"90b311c\" data-element_type=\"column\">\n\t\t\t<div class=\"elementor-widget-wrap elementor-element-populated\">\n\t\t\t\t\t\t<div class=\"elementor-element elementor-element-ab959ef elementor-widget elementor-widget-text-editor\" data-id=\"ab959ef\" data-element_type=\"widget\" data-widget_type=\"text-editor.default\">\n\t\t\t\t<div class=\"elementor-widget-container\">\n\t\t\t\t\t\t\t\t\t<p>L&rsquo;angoisse \u00e9prouv\u00e9e pendant une d\u00e9pression peut inciter \u00e0 consommer de l&rsquo;alcool ou d&rsquo;autres substances qui suscitent une d\u00e9pendance (comme le tabac, le cannabis, les amph\u00e9tamines et la coca\u00efne). Au d\u00e9but, ces substances semblent avoir des vertus apaisantes, mais ces effets imm\u00e9diats sont trompeurs : l&rsquo;impression d&rsquo;am\u00e9lioration dispara\u00eet rapidement et ces substances deviennent toxiques.<\/p>\t\t\t\t\t\t\t\t<\/div>\n\t\t\t\t<\/div>\n\t\t\t\t\t<\/div>\n\t\t<\/div>\n\t\t\t\t\t<\/div>\n\t\t<\/section>\n\t\t\t\t<section class=\"elementor-section elementor-top-section elementor-element elementor-element-6c7f69e elementor-section-boxed elementor-section-height-default elementor-section-height-default\" data-id=\"6c7f69e\" data-element_type=\"section\">\n\t\t\t\t\t\t<div class=\"elementor-container elementor-column-gap-default\">\n\t\t\t\t\t<div class=\"elementor-column elementor-col-100 elementor-top-column elementor-element elementor-element-73a6233\" data-id=\"73a6233\" data-element_type=\"column\">\n\t\t\t<div class=\"elementor-widget-wrap elementor-element-populated\">\n\t\t\t\t\t\t<div class=\"elementor-element elementor-element-d359399 elementor-widget elementor-widget-spacer\" data-id=\"d359399\" data-element_type=\"widget\" data-widget_type=\"spacer.default\">\n\t\t\t\t<div class=\"elementor-widget-container\">\n\t\t\t\t\t\t\t<div class=\"elementor-spacer\">\n\t\t\t<div class=\"elementor-spacer-inner\"><\/div>\n\t\t<\/div>\n\t\t\t\t\t\t<\/div>\n\t\t\t\t<\/div>\n\t\t\t\t\t<\/div>\n\t\t<\/div>\n\t\t\t\t\t<\/div>\n\t\t<\/section>\n\t\t\t\t<section class=\"elementor-section elementor-top-section elementor-element elementor-element-f3c599d elementor-section-boxed elementor-section-height-default elementor-section-height-default\" data-id=\"f3c599d\" data-element_type=\"section\">\n\t\t\t\t\t\t<div class=\"elementor-container elementor-column-gap-default\">\n\t\t\t\t\t\t<\/div>\n\t\t<\/section>\n\t\t\t\t<\/div>\n\t\t","protected":false},"excerpt":{"rendered":"<p>La d\u00e9pression peut toucher de nombreux aspects diff\u00e9rents de votre vie. Par cons\u00e9quent, votre m\u00e9decin pourrait recommander des changements pr\u00e9cis \u00e0 apporter \u00e0 votre style de vie, par exemple au chapitre de l&rsquo;exercice physique, de la nutrition et du sommeil. Communiquer avec des amis et de la famille pour demander leur soutien, ainsi que prendre [&hellip;]<\/p>\n","protected":false},"author":3,"featured_media":0,"parent":1255,"menu_order":0,"comment_status":"closed","ping_status":"closed","template":"page-internal.php","meta":{"_acf_changed":false,"footnotes":""},"class_list":["post-1274","page","type-page","status-publish","hentry","entry"],"acf":[],"yoast_head":"<!-- This site is optimized with the Yoast SEO plugin v26.9 - https:\/\/yoast.com\/product\/yoast-seo-wordpress\/ -->\n<title>Adopter un mode de vie sain - DepressionHurts.ca<\/title>\n<meta name=\"robots\" content=\"index, follow, max-snippet:-1, max-image-preview:large, max-video-preview:-1\" \/>\n<link rel=\"canonical\" href=\"https:\/\/depressionhurts.ca\/fr\/manage\/healthy-lifestyle\/\" \/>\n<meta property=\"og:locale\" content=\"fr_FR\" \/>\n<meta property=\"og:type\" content=\"article\" \/>\n<meta property=\"og:title\" content=\"Adopter un mode de vie sain - DepressionHurts.ca\" \/>\n<meta property=\"og:description\" content=\"La d\u00e9pression peut toucher de nombreux aspects diff\u00e9rents de votre vie. Par cons\u00e9quent, votre m\u00e9decin pourrait recommander des changements pr\u00e9cis \u00e0 apporter \u00e0 votre style de vie, par exemple au chapitre de l&rsquo;exercice physique, de la nutrition et du sommeil. Communiquer avec des amis et de la famille pour demander leur soutien, ainsi que prendre [&hellip;]\" \/>\n<meta property=\"og:url\" content=\"https:\/\/depressionhurts.ca\/fr\/manage\/healthy-lifestyle\/\" \/>\n<meta property=\"og:site_name\" content=\"DepressionHurts.ca\" \/>\n<meta property=\"article:modified_time\" content=\"2021-01-17T13:24:57+00:00\" \/>\n<meta name=\"twitter:card\" content=\"summary_large_image\" \/>\n<meta name=\"twitter:label1\" content=\"Dur\u00e9e de lecture estim\u00e9e\" \/>\n\t<meta name=\"twitter:data1\" content=\"2 minutes\" \/>\n<script type=\"application\/ld+json\" class=\"yoast-schema-graph\">{\"@context\":\"https:\/\/schema.org\",\"@graph\":[{\"@type\":\"WebPage\",\"@id\":\"https:\/\/depressionhurts.ca\/fr\/manage\/healthy-lifestyle\/\",\"url\":\"https:\/\/depressionhurts.ca\/fr\/manage\/healthy-lifestyle\/\",\"name\":\"Adopter un mode de vie sain - DepressionHurts.ca\",\"isPartOf\":{\"@id\":\"https:\/\/depressionhurts.ca\/fr\/#website\"},\"datePublished\":\"2021-01-16T11:26:56+00:00\",\"dateModified\":\"2021-01-17T13:24:57+00:00\",\"breadcrumb\":{\"@id\":\"https:\/\/depressionhurts.ca\/fr\/manage\/healthy-lifestyle\/#breadcrumb\"},\"inLanguage\":\"fr-FR\",\"potentialAction\":[{\"@type\":\"ReadAction\",\"target\":[\"https:\/\/depressionhurts.ca\/fr\/manage\/healthy-lifestyle\/\"]}]},{\"@type\":\"BreadcrumbList\",\"@id\":\"https:\/\/depressionhurts.ca\/fr\/manage\/healthy-lifestyle\/#breadcrumb\",\"itemListElement\":[{\"@type\":\"ListItem\",\"position\":1,\"name\":\"Home\",\"item\":\"https:\/\/depressionhurts.ca\/fr\/\"},{\"@type\":\"ListItem\",\"position\":2,\"name\":\"Prise en charge de la d\u00e9pression\",\"item\":\"https:\/\/depressionhurts.ca\/fr\/manage\/\"},{\"@type\":\"ListItem\",\"position\":3,\"name\":\"Adopter un mode de vie sain\"}]},{\"@type\":\"WebSite\",\"@id\":\"https:\/\/depressionhurts.ca\/fr\/#website\",\"url\":\"https:\/\/depressionhurts.ca\/fr\/\",\"name\":\"DepressionHurts.ca\",\"description\":\"\",\"publisher\":{\"@id\":\"https:\/\/depressionhurts.ca\/fr\/#organization\"},\"potentialAction\":[{\"@type\":\"SearchAction\",\"target\":{\"@type\":\"EntryPoint\",\"urlTemplate\":\"https:\/\/depressionhurts.ca\/fr\/?s={search_term_string}\"},\"query-input\":{\"@type\":\"PropertyValueSpecification\",\"valueRequired\":true,\"valueName\":\"search_term_string\"}}],\"inLanguage\":\"fr-FR\"},{\"@type\":\"Organization\",\"@id\":\"https:\/\/depressionhurts.ca\/fr\/#organization\",\"name\":\"DepressionHurts.ca\",\"url\":\"https:\/\/depressionhurts.ca\/fr\/\",\"logo\":{\"@type\":\"ImageObject\",\"inLanguage\":\"fr-FR\",\"@id\":\"https:\/\/depressionhurts.ca\/fr\/#\/schema\/logo\/image\/\",\"url\":\"https:\/\/secureservercdn.net\/166.62.108.229\/g2y.e38.myftpupload.com\/wp-content\/uploads\/2021\/01\/logo-dark.png?time=1620301712\",\"contentUrl\":\"https:\/\/secureservercdn.net\/166.62.108.229\/g2y.e38.myftpupload.com\/wp-content\/uploads\/2021\/01\/logo-dark.png?time=1620301712\",\"width\":310,\"height\":120,\"caption\":\"DepressionHurts.ca\"},\"image\":{\"@id\":\"https:\/\/depressionhurts.ca\/fr\/#\/schema\/logo\/image\/\"}}]}<\/script>\n<!-- \/ Yoast SEO plugin. -->","yoast_head_json":{"title":"Adopter un mode de vie sain - DepressionHurts.ca","robots":{"index":"index","follow":"follow","max-snippet":"max-snippet:-1","max-image-preview":"max-image-preview:large","max-video-preview":"max-video-preview:-1"},"canonical":"https:\/\/depressionhurts.ca\/fr\/manage\/healthy-lifestyle\/","og_locale":"fr_FR","og_type":"article","og_title":"Adopter un mode de vie sain - DepressionHurts.ca","og_description":"La d\u00e9pression peut toucher de nombreux aspects diff\u00e9rents de votre vie. Par cons\u00e9quent, votre m\u00e9decin pourrait recommander des changements pr\u00e9cis \u00e0 apporter \u00e0 votre style de vie, par exemple au chapitre de l&rsquo;exercice physique, de la nutrition et du sommeil. Communiquer avec des amis et de la famille pour demander leur soutien, ainsi que prendre [&hellip;]","og_url":"https:\/\/depressionhurts.ca\/fr\/manage\/healthy-lifestyle\/","og_site_name":"DepressionHurts.ca","article_modified_time":"2021-01-17T13:24:57+00:00","twitter_card":"summary_large_image","twitter_misc":{"Dur\u00e9e de lecture estim\u00e9e":"2 minutes"},"schema":{"@context":"https:\/\/schema.org","@graph":[{"@type":"WebPage","@id":"https:\/\/depressionhurts.ca\/fr\/manage\/healthy-lifestyle\/","url":"https:\/\/depressionhurts.ca\/fr\/manage\/healthy-lifestyle\/","name":"Adopter un mode de vie sain - DepressionHurts.ca","isPartOf":{"@id":"https:\/\/depressionhurts.ca\/fr\/#website"},"datePublished":"2021-01-16T11:26:56+00:00","dateModified":"2021-01-17T13:24:57+00:00","breadcrumb":{"@id":"https:\/\/depressionhurts.ca\/fr\/manage\/healthy-lifestyle\/#breadcrumb"},"inLanguage":"fr-FR","potentialAction":[{"@type":"ReadAction","target":["https:\/\/depressionhurts.ca\/fr\/manage\/healthy-lifestyle\/"]}]},{"@type":"BreadcrumbList","@id":"https:\/\/depressionhurts.ca\/fr\/manage\/healthy-lifestyle\/#breadcrumb","itemListElement":[{"@type":"ListItem","position":1,"name":"Home","item":"https:\/\/depressionhurts.ca\/fr\/"},{"@type":"ListItem","position":2,"name":"Prise en charge de la d\u00e9pression","item":"https:\/\/depressionhurts.ca\/fr\/manage\/"},{"@type":"ListItem","position":3,"name":"Adopter un mode de vie sain"}]},{"@type":"WebSite","@id":"https:\/\/depressionhurts.ca\/fr\/#website","url":"https:\/\/depressionhurts.ca\/fr\/","name":"DepressionHurts.ca","description":"","publisher":{"@id":"https:\/\/depressionhurts.ca\/fr\/#organization"},"potentialAction":[{"@type":"SearchAction","target":{"@type":"EntryPoint","urlTemplate":"https:\/\/depressionhurts.ca\/fr\/?s={search_term_string}"},"query-input":{"@type":"PropertyValueSpecification","valueRequired":true,"valueName":"search_term_string"}}],"inLanguage":"fr-FR"},{"@type":"Organization","@id":"https:\/\/depressionhurts.ca\/fr\/#organization","name":"DepressionHurts.ca","url":"https:\/\/depressionhurts.ca\/fr\/","logo":{"@type":"ImageObject","inLanguage":"fr-FR","@id":"https:\/\/depressionhurts.ca\/fr\/#\/schema\/logo\/image\/","url":"https:\/\/secureservercdn.net\/166.62.108.229\/g2y.e38.myftpupload.com\/wp-content\/uploads\/2021\/01\/logo-dark.png?time=1620301712","contentUrl":"https:\/\/secureservercdn.net\/166.62.108.229\/g2y.e38.myftpupload.com\/wp-content\/uploads\/2021\/01\/logo-dark.png?time=1620301712","width":310,"height":120,"caption":"DepressionHurts.ca"},"image":{"@id":"https:\/\/depressionhurts.ca\/fr\/#\/schema\/logo\/image\/"}}]}},"_links":{"self":[{"href":"https:\/\/depressionhurts.ca\/fr\/wp-json\/wp\/v2\/pages\/1274","targetHints":{"allow":["GET"]}}],"collection":[{"href":"https:\/\/depressionhurts.ca\/fr\/wp-json\/wp\/v2\/pages"}],"about":[{"href":"https:\/\/depressionhurts.ca\/fr\/wp-json\/wp\/v2\/types\/page"}],"author":[{"embeddable":true,"href":"https:\/\/depressionhurts.ca\/fr\/wp-json\/wp\/v2\/users\/3"}],"replies":[{"embeddable":true,"href":"https:\/\/depressionhurts.ca\/fr\/wp-json\/wp\/v2\/comments?post=1274"}],"version-history":[{"count":12,"href":"https:\/\/depressionhurts.ca\/fr\/wp-json\/wp\/v2\/pages\/1274\/revisions"}],"predecessor-version":[{"id":2202,"href":"https:\/\/depressionhurts.ca\/fr\/wp-json\/wp\/v2\/pages\/1274\/revisions\/2202"}],"up":[{"embeddable":true,"href":"https:\/\/depressionhurts.ca\/fr\/wp-json\/wp\/v2\/pages\/1255"}],"wp:attachment":[{"href":"https:\/\/depressionhurts.ca\/fr\/wp-json\/wp\/v2\/media?parent=1274"}],"curies":[{"name":"wp","href":"https:\/\/api.w.org\/{rel}","templated":true}]}}