{"id":1325,"date":"2021-01-13T12:51:19","date_gmt":"2021-01-13T12:51:19","guid":{"rendered":"https:\/\/depressionhurts.ca\/manage\/barriers-to-recovery\/"},"modified":"2021-01-16T12:13:28","modified_gmt":"2021-01-16T12:13:28","slug":"barriers-to-recovery","status":"publish","type":"page","link":"https:\/\/depressionhurts.ca\/fr\/manage\/barriers-to-recovery\/","title":{"rendered":"D\u00e9terminer les obstacles au r\u00e9tablissement"},"content":{"rendered":"\t\t<div data-elementor-type=\"wp-page\" data-elementor-id=\"1325\" class=\"elementor elementor-1325\">\n\t\t\t\t\t\t<section class=\"elementor-section elementor-top-section elementor-element elementor-element-e521d5c elementor-section-boxed elementor-section-height-default elementor-section-height-default\" data-id=\"e521d5c\" data-element_type=\"section\">\n\t\t\t\t\t\t<div class=\"elementor-container elementor-column-gap-default\">\n\t\t\t\t\t<div class=\"elementor-column elementor-col-100 elementor-top-column elementor-element elementor-element-6e47552\" data-id=\"6e47552\" data-element_type=\"column\">\n\t\t\t<div class=\"elementor-widget-wrap elementor-element-populated\">\n\t\t\t\t\t\t<div class=\"elementor-element elementor-element-fb5586e elementor-widget elementor-widget-text-editor\" data-id=\"fb5586e\" data-element_type=\"widget\" data-widget_type=\"text-editor.default\">\n\t\t\t\t<div class=\"elementor-widget-container\">\n\t\t\t\t\t\t\t\t\t<p>Le r\u00e9tablissement est un parcours qui n\u2019est facile pour personne, mais pour certains, il est sem\u00e9 d\u2019emb\u00fbches qui sont autant de freins aux progr\u00e8s. Il est facile de dire \u00ab Apportez des changements dans votre vie \u00bb, mais certains changements peuvent \u00eatre difficiles \u00e0 envisager. Voici quelques exemples:<\/p>\n<p>Abus d&rsquo;alcool ou de drogues : Beaucoup de personnes qui souffrent de d\u00e9pression tentent de g\u00e9rer leurs sympt\u00f4mes en se tournant vers l\u2019alcool, la drogue ou le jeu pathologique.<sup>8,14<\/sup> La plupart des experts pensent que l&rsquo;abus d&rsquo;alcool et d&rsquo;autres drogues n&rsquo;indique pas que les personnes d\u00e9prim\u00e9es tentent de \u00ab soigner \u00bb elles-m\u00eames leur d\u00e9pression, mais qu&rsquo;il s&rsquo;agit d&rsquo;une tout autre maladie.<sup>14<br>\n<\/sup><\/p>\n<ul>\n<li>C&rsquo;est une solution qui ne fonctionnera pas \u00e0 long terme et qui peut conduire \u00e0 d&rsquo;autres complications. Pour obtenir des conseils sur la fa\u00e7on de mener un mode de vie sain et d&rsquo;\u00e9viter la consommation excessive d&rsquo;alcool ou l&rsquo;usage de drogues <a href=\"https:\/\/depressionhurts.ca\/fr\/manage\/healthy-lifestyle\">cliquez ici<\/a>.<\/li>\n<\/ul>\n<p>Mauvaises conditions de vie : On peut \u00eatre victime de violence conjugale ou s\u2019entourer de personnes qui font de mauvais choix ou de personnes dangereuses ou cruelles, ou encore vivre dans un logement insalubre.<sup>8<\/sup><\/p>\n<ul>\n<li>Pour quitter un milieu de vie malsain, il faut d\u2019abord reconna\u00eetre les effets qu\u2019il a sur vous, puis prendre des d\u00e9cisions difficiles.<\/li>\n<\/ul>\n<p>Violence subie pendant l\u2019enfance : Les personnes victimes de violence physique, sexuelle ou psychologique pendant l\u2019enfance connaissent de nombreux probl\u00e8mes dans leur vie adulte, dont l\u2019un est la d\u00e9pression.<sup>8<\/sup><\/p>\n<ul>\n<li>Il n&rsquo;est pas facile de faire face \u00e0 ce que l&rsquo;on a v\u00e9cu, mais avec de l&rsquo;aide, cela peut et doit \u00eatre fait afin d&rsquo;aider la personne \u00e0 passer \u00e0 autre chose. Parlez \u00e0 votre m\u00e9decin. Pour aider \u00e0 entamer cette discussion avec un m\u00e9decin et pour obtenir des conseils utiles concernant l&rsquo;entretien <a href=\"https:\/\/depressionhurts.ca\/fr\/improvement\/discussion-guide\">cliquez ici<\/a>.<\/li>\n<\/ul>\n<p>Circonstances d\u00e9favorables de la vie : Les personnes qui vivent dans la pauvret\u00e9 ou qui sont seules sont plus pr\u00e9dispos\u00e9es \u00e0 la d\u00e9pression, et leur r\u00e9tablissement peut \u00eatre ralenti par les difficult\u00e9s qu\u2019elles rencontrent chaque jour.<sup>8<\/sup> D\u2019autres sont aux prises avec de mauvaises conditions de travail, le ch\u00f4mage, la perte d\u2019un \u00eatre cher, un divorce, ou d&rsquo;autres situations difficiles.<sup>8<\/sup><\/p>\n<ul>\n<li>Dans certains cas, des changements ou des am\u00e9liorations peuvent \u00eatre apport\u00e9s, mais dans d\u2019autres cas, des strat\u00e9gies sont n\u00e9cessaires pour composer avec ces situations..<\/li>\n<li>Dans certaines circonstances, discuter de la situation avec un ami ou un proche peut aider la personne \u00e0 mieux faire face \u00e0 la situation. La cr\u00e9ation d&rsquo;un r\u00e9seau de soutien peut \u00eatre tr\u00e8s utile sur le chemin menant au r\u00e9tablissement. Pour en savoir davantage sur la cr\u00e9ation d&rsquo;un r\u00e9seau de soutien, <a href=\"https:\/\/depressionhurts.ca\/fr\/improvement\/support-network\"><span style=\"text-decoration: underline;\">cliquez ici<\/span><\/a>.<\/li>\n<\/ul>\t\t\t\t\t\t\t\t<\/div>\n\t\t\t\t<\/div>\n\t\t\t\t\t<\/div>\n\t\t<\/div>\n\t\t\t\t\t<\/div>\n\t\t<\/section>\n\t\t\t\t<section class=\"elementor-section elementor-top-section elementor-element elementor-element-6c7f69e elementor-section-boxed elementor-section-height-default elementor-section-height-default\" data-id=\"6c7f69e\" data-element_type=\"section\">\n\t\t\t\t\t\t<div class=\"elementor-container elementor-column-gap-default\">\n\t\t\t\t\t<div class=\"elementor-column elementor-col-100 elementor-top-column elementor-element elementor-element-73a6233\" data-id=\"73a6233\" data-element_type=\"column\">\n\t\t\t<div class=\"elementor-widget-wrap elementor-element-populated\">\n\t\t\t\t\t\t<div class=\"elementor-element elementor-element-d359399 elementor-widget elementor-widget-spacer\" data-id=\"d359399\" data-element_type=\"widget\" data-widget_type=\"spacer.default\">\n\t\t\t\t<div class=\"elementor-widget-container\">\n\t\t\t\t\t\t\t<div class=\"elementor-spacer\">\n\t\t\t<div class=\"elementor-spacer-inner\"><\/div>\n\t\t<\/div>\n\t\t\t\t\t\t<\/div>\n\t\t\t\t<\/div>\n\t\t\t\t\t<\/div>\n\t\t<\/div>\n\t\t\t\t\t<\/div>\n\t\t<\/section>\n\t\t\t\t<section class=\"elementor-section elementor-top-section elementor-element elementor-element-f3c599d elementor-section-boxed elementor-section-height-default elementor-section-height-default\" data-id=\"f3c599d\" data-element_type=\"section\">\n\t\t\t\t\t\t<div class=\"elementor-container elementor-column-gap-default\">\n\t\t\t\t\t\t<\/div>\n\t\t<\/section>\n\t\t\t\t<\/div>\n\t\t","protected":false},"excerpt":{"rendered":"<p>Le r\u00e9tablissement est un parcours qui n\u2019est facile pour personne, mais pour certains, il est sem\u00e9 d\u2019emb\u00fbches qui sont autant de freins aux progr\u00e8s. Il est facile de dire \u00ab Apportez des changements dans votre vie \u00bb, mais certains changements peuvent \u00eatre difficiles \u00e0 envisager. Voici quelques exemples: Abus d&rsquo;alcool ou de drogues : Beaucoup [&hellip;]<\/p>\n","protected":false},"author":3,"featured_media":0,"parent":1255,"menu_order":0,"comment_status":"closed","ping_status":"closed","template":"page-internal.php","meta":{"_acf_changed":false,"footnotes":""},"class_list":["post-1325","page","type-page","status-publish","hentry","entry"],"acf":[],"yoast_head":"<!-- This site is optimized with the Yoast SEO plugin v26.9 - https:\/\/yoast.com\/product\/yoast-seo-wordpress\/ -->\n<title>D\u00e9terminer les obstacles au r\u00e9tablissement - DepressionHurts.ca<\/title>\n<meta name=\"robots\" content=\"index, follow, max-snippet:-1, max-image-preview:large, max-video-preview:-1\" \/>\n<link rel=\"canonical\" href=\"https:\/\/depressionhurts.ca\/fr\/manage\/barriers-to-recovery\/\" \/>\n<meta property=\"og:locale\" content=\"fr_FR\" \/>\n<meta property=\"og:type\" content=\"article\" \/>\n<meta property=\"og:title\" content=\"D\u00e9terminer les obstacles au r\u00e9tablissement - DepressionHurts.ca\" \/>\n<meta property=\"og:description\" content=\"Le r\u00e9tablissement est un parcours qui n\u2019est facile pour personne, mais pour certains, il est sem\u00e9 d\u2019emb\u00fbches qui sont autant de freins aux progr\u00e8s. Il est facile de dire \u00ab Apportez des changements dans votre vie \u00bb, mais certains changements peuvent \u00eatre difficiles \u00e0 envisager. Voici quelques exemples: Abus d&rsquo;alcool ou de drogues : Beaucoup [&hellip;]\" \/>\n<meta property=\"og:url\" content=\"https:\/\/depressionhurts.ca\/fr\/manage\/barriers-to-recovery\/\" \/>\n<meta property=\"og:site_name\" content=\"DepressionHurts.ca\" \/>\n<meta property=\"article:modified_time\" content=\"2021-01-16T12:13:28+00:00\" \/>\n<meta name=\"twitter:card\" content=\"summary_large_image\" \/>\n<meta name=\"twitter:label1\" content=\"Dur\u00e9e de lecture estim\u00e9e\" \/>\n\t<meta name=\"twitter:data1\" content=\"2 minutes\" \/>\n<script type=\"application\/ld+json\" class=\"yoast-schema-graph\">{\"@context\":\"https:\/\/schema.org\",\"@graph\":[{\"@type\":\"WebPage\",\"@id\":\"https:\/\/depressionhurts.ca\/fr\/manage\/barriers-to-recovery\/\",\"url\":\"https:\/\/depressionhurts.ca\/fr\/manage\/barriers-to-recovery\/\",\"name\":\"D\u00e9terminer les obstacles au r\u00e9tablissement - DepressionHurts.ca\",\"isPartOf\":{\"@id\":\"https:\/\/depressionhurts.ca\/fr\/#website\"},\"datePublished\":\"2021-01-13T12:51:19+00:00\",\"dateModified\":\"2021-01-16T12:13:28+00:00\",\"breadcrumb\":{\"@id\":\"https:\/\/depressionhurts.ca\/fr\/manage\/barriers-to-recovery\/#breadcrumb\"},\"inLanguage\":\"fr-FR\",\"potentialAction\":[{\"@type\":\"ReadAction\",\"target\":[\"https:\/\/depressionhurts.ca\/fr\/manage\/barriers-to-recovery\/\"]}]},{\"@type\":\"BreadcrumbList\",\"@id\":\"https:\/\/depressionhurts.ca\/fr\/manage\/barriers-to-recovery\/#breadcrumb\",\"itemListElement\":[{\"@type\":\"ListItem\",\"position\":1,\"name\":\"Home\",\"item\":\"https:\/\/depressionhurts.ca\/fr\/\"},{\"@type\":\"ListItem\",\"position\":2,\"name\":\"Prise en charge de la d\u00e9pression\",\"item\":\"https:\/\/depressionhurts.ca\/fr\/manage\/\"},{\"@type\":\"ListItem\",\"position\":3,\"name\":\"D\u00e9terminer les obstacles au r\u00e9tablissement\"}]},{\"@type\":\"WebSite\",\"@id\":\"https:\/\/depressionhurts.ca\/fr\/#website\",\"url\":\"https:\/\/depressionhurts.ca\/fr\/\",\"name\":\"DepressionHurts.ca\",\"description\":\"\",\"publisher\":{\"@id\":\"https:\/\/depressionhurts.ca\/fr\/#organization\"},\"potentialAction\":[{\"@type\":\"SearchAction\",\"target\":{\"@type\":\"EntryPoint\",\"urlTemplate\":\"https:\/\/depressionhurts.ca\/fr\/?s={search_term_string}\"},\"query-input\":{\"@type\":\"PropertyValueSpecification\",\"valueRequired\":true,\"valueName\":\"search_term_string\"}}],\"inLanguage\":\"fr-FR\"},{\"@type\":\"Organization\",\"@id\":\"https:\/\/depressionhurts.ca\/fr\/#organization\",\"name\":\"DepressionHurts.ca\",\"url\":\"https:\/\/depressionhurts.ca\/fr\/\",\"logo\":{\"@type\":\"ImageObject\",\"inLanguage\":\"fr-FR\",\"@id\":\"https:\/\/depressionhurts.ca\/fr\/#\/schema\/logo\/image\/\",\"url\":\"https:\/\/secureservercdn.net\/166.62.108.229\/g2y.e38.myftpupload.com\/wp-content\/uploads\/2021\/01\/logo-dark.png?time=1620301712\",\"contentUrl\":\"https:\/\/secureservercdn.net\/166.62.108.229\/g2y.e38.myftpupload.com\/wp-content\/uploads\/2021\/01\/logo-dark.png?time=1620301712\",\"width\":310,\"height\":120,\"caption\":\"DepressionHurts.ca\"},\"image\":{\"@id\":\"https:\/\/depressionhurts.ca\/fr\/#\/schema\/logo\/image\/\"}}]}<\/script>\n<!-- \/ Yoast SEO plugin. -->","yoast_head_json":{"title":"D\u00e9terminer les obstacles au r\u00e9tablissement - DepressionHurts.ca","robots":{"index":"index","follow":"follow","max-snippet":"max-snippet:-1","max-image-preview":"max-image-preview:large","max-video-preview":"max-video-preview:-1"},"canonical":"https:\/\/depressionhurts.ca\/fr\/manage\/barriers-to-recovery\/","og_locale":"fr_FR","og_type":"article","og_title":"D\u00e9terminer les obstacles au r\u00e9tablissement - DepressionHurts.ca","og_description":"Le r\u00e9tablissement est un parcours qui n\u2019est facile pour personne, mais pour certains, il est sem\u00e9 d\u2019emb\u00fbches qui sont autant de freins aux progr\u00e8s. Il est facile de dire \u00ab Apportez des changements dans votre vie \u00bb, mais certains changements peuvent \u00eatre difficiles \u00e0 envisager. Voici quelques exemples: Abus d&rsquo;alcool ou de drogues : Beaucoup [&hellip;]","og_url":"https:\/\/depressionhurts.ca\/fr\/manage\/barriers-to-recovery\/","og_site_name":"DepressionHurts.ca","article_modified_time":"2021-01-16T12:13:28+00:00","twitter_card":"summary_large_image","twitter_misc":{"Dur\u00e9e de lecture estim\u00e9e":"2 minutes"},"schema":{"@context":"https:\/\/schema.org","@graph":[{"@type":"WebPage","@id":"https:\/\/depressionhurts.ca\/fr\/manage\/barriers-to-recovery\/","url":"https:\/\/depressionhurts.ca\/fr\/manage\/barriers-to-recovery\/","name":"D\u00e9terminer les obstacles au r\u00e9tablissement - DepressionHurts.ca","isPartOf":{"@id":"https:\/\/depressionhurts.ca\/fr\/#website"},"datePublished":"2021-01-13T12:51:19+00:00","dateModified":"2021-01-16T12:13:28+00:00","breadcrumb":{"@id":"https:\/\/depressionhurts.ca\/fr\/manage\/barriers-to-recovery\/#breadcrumb"},"inLanguage":"fr-FR","potentialAction":[{"@type":"ReadAction","target":["https:\/\/depressionhurts.ca\/fr\/manage\/barriers-to-recovery\/"]}]},{"@type":"BreadcrumbList","@id":"https:\/\/depressionhurts.ca\/fr\/manage\/barriers-to-recovery\/#breadcrumb","itemListElement":[{"@type":"ListItem","position":1,"name":"Home","item":"https:\/\/depressionhurts.ca\/fr\/"},{"@type":"ListItem","position":2,"name":"Prise en charge de la d\u00e9pression","item":"https:\/\/depressionhurts.ca\/fr\/manage\/"},{"@type":"ListItem","position":3,"name":"D\u00e9terminer les obstacles au r\u00e9tablissement"}]},{"@type":"WebSite","@id":"https:\/\/depressionhurts.ca\/fr\/#website","url":"https:\/\/depressionhurts.ca\/fr\/","name":"DepressionHurts.ca","description":"","publisher":{"@id":"https:\/\/depressionhurts.ca\/fr\/#organization"},"potentialAction":[{"@type":"SearchAction","target":{"@type":"EntryPoint","urlTemplate":"https:\/\/depressionhurts.ca\/fr\/?s={search_term_string}"},"query-input":{"@type":"PropertyValueSpecification","valueRequired":true,"valueName":"search_term_string"}}],"inLanguage":"fr-FR"},{"@type":"Organization","@id":"https:\/\/depressionhurts.ca\/fr\/#organization","name":"DepressionHurts.ca","url":"https:\/\/depressionhurts.ca\/fr\/","logo":{"@type":"ImageObject","inLanguage":"fr-FR","@id":"https:\/\/depressionhurts.ca\/fr\/#\/schema\/logo\/image\/","url":"https:\/\/secureservercdn.net\/166.62.108.229\/g2y.e38.myftpupload.com\/wp-content\/uploads\/2021\/01\/logo-dark.png?time=1620301712","contentUrl":"https:\/\/secureservercdn.net\/166.62.108.229\/g2y.e38.myftpupload.com\/wp-content\/uploads\/2021\/01\/logo-dark.png?time=1620301712","width":310,"height":120,"caption":"DepressionHurts.ca"},"image":{"@id":"https:\/\/depressionhurts.ca\/fr\/#\/schema\/logo\/image\/"}}]}},"_links":{"self":[{"href":"https:\/\/depressionhurts.ca\/fr\/wp-json\/wp\/v2\/pages\/1325","targetHints":{"allow":["GET"]}}],"collection":[{"href":"https:\/\/depressionhurts.ca\/fr\/wp-json\/wp\/v2\/pages"}],"about":[{"href":"https:\/\/depressionhurts.ca\/fr\/wp-json\/wp\/v2\/types\/page"}],"author":[{"embeddable":true,"href":"https:\/\/depressionhurts.ca\/fr\/wp-json\/wp\/v2\/users\/3"}],"replies":[{"embeddable":true,"href":"https:\/\/depressionhurts.ca\/fr\/wp-json\/wp\/v2\/comments?post=1325"}],"version-history":[{"count":16,"href":"https:\/\/depressionhurts.ca\/fr\/wp-json\/wp\/v2\/pages\/1325\/revisions"}],"predecessor-version":[{"id":1395,"href":"https:\/\/depressionhurts.ca\/fr\/wp-json\/wp\/v2\/pages\/1325\/revisions\/1395"}],"up":[{"embeddable":true,"href":"https:\/\/depressionhurts.ca\/fr\/wp-json\/wp\/v2\/pages\/1255"}],"wp:attachment":[{"href":"https:\/\/depressionhurts.ca\/fr\/wp-json\/wp\/v2\/media?parent=1325"}],"curies":[{"name":"wp","href":"https:\/\/api.w.org\/{rel}","templated":true}]}}