{"id":1337,"date":"2021-01-13T12:53:30","date_gmt":"2021-01-13T12:53:30","guid":{"rendered":"https:\/\/depressionhurts.ca\/manage\/points-to-consider\/"},"modified":"2021-01-16T12:19:49","modified_gmt":"2021-01-16T12:19:49","slug":"points-to-consider","status":"publish","type":"page","link":"https:\/\/depressionhurts.ca\/fr\/manage\/points-to-consider\/","title":{"rendered":"Points importants \u00e0 prendre en consid\u00e9ration"},"content":{"rendered":"\t\t<div data-elementor-type=\"wp-page\" data-elementor-id=\"1337\" class=\"elementor elementor-1337\">\n\t\t\t\t\t\t<section class=\"elementor-section elementor-top-section elementor-element elementor-element-e521d5c elementor-section-boxed elementor-section-height-default elementor-section-height-default\" data-id=\"e521d5c\" data-element_type=\"section\">\n\t\t\t\t\t\t<div class=\"elementor-container elementor-column-gap-default\">\n\t\t\t\t\t<div class=\"elementor-column elementor-col-100 elementor-top-column elementor-element elementor-element-6e47552\" data-id=\"6e47552\" data-element_type=\"column\">\n\t\t\t<div class=\"elementor-widget-wrap elementor-element-populated\">\n\t\t\t\t\t\t<div class=\"elementor-element elementor-element-f01068f elementor-widget elementor-widget-heading\" data-id=\"f01068f\" data-element_type=\"widget\" data-widget_type=\"heading.default\">\n\t\t\t\t<div class=\"elementor-widget-container\">\n\t\t\t\t\t<h2 class=\"elementor-heading-title elementor-size-default\">Parler \u00e0 son m\u00e9decin<\/h2>\t\t\t\t<\/div>\n\t\t\t\t<\/div>\n\t\t\t\t<div class=\"elementor-element elementor-element-fb5586e elementor-widget elementor-widget-text-editor\" data-id=\"fb5586e\" data-element_type=\"widget\" data-widget_type=\"text-editor.default\">\n\t\t\t\t<div class=\"elementor-widget-container\">\n\t\t\t\t\t\t\t\t\t<p>Vous et votre m\u00e9decin avez un objectif commun : vous aider \u00e0 vous r\u00e9tablir d&rsquo;une d\u00e9pression.<\/p><p>Cela n&rsquo;est pas possible tant que TOUS les sympt\u00f4mes n&rsquo;ont pas \u00e9t\u00e9 enti\u00e8rement trait\u00e9s. C&rsquo;est pourquoi il est important que vous parliez \u00e0 votre m\u00e9decin de tout ce que vous ressentez, et pas seulement au cours de votre premi\u00e8re visite, mais \u00e9galement pendant votre suivi.<\/p><p>Certains sympt\u00f4mes peuvent persister, m\u00eame si vous vous sentez mieux dans l&rsquo;ensemble. N&rsquo;ignorez pas ces sympt\u00f4mes persistants. Parlez-en \u00e0 votre m\u00e9decin.<\/p><p>L&rsquo;objectif du traitement de la d\u00e9pression est le soulagement de tous vos sympt\u00f4mes afin que vous puissiez redevenir vous-m\u00eame et profiter de la vie comme avant.<sup>3<\/sup><\/p><p>N&rsquo;oubliez pas que la d\u00e9pression peut \u00eatre trait\u00e9e.<sup>1<br \/><\/sup><\/p>\t\t\t\t\t\t\t\t<\/div>\n\t\t\t\t<\/div>\n\t\t\t\t<div class=\"elementor-element elementor-element-219d819 elementor-widget elementor-widget-text-editor\" data-id=\"219d819\" data-element_type=\"widget\" data-widget_type=\"text-editor.default\">\n\t\t\t\t<div class=\"elementor-widget-container\">\n\t\t\t\t\t\t\t\t\t<p>En savoir plus:<\/p><p><a href=\"https:\/\/depressionhurts.ca\/fr\/improvement\/\"><span style=\"text-decoration: underline;\">Parcours vers l&rsquo;am\u00e9lioration<\/span><\/a> and <span style=\"text-decoration: underline;\"> <a href=\"https:\/\/depressionhurts.ca\/fr\/information\/\"> Information pour la famille et les amis<\/a><\/span><\/p>\t\t\t\t\t\t\t\t<\/div>\n\t\t\t\t<\/div>\n\t\t\t\t\t<\/div>\n\t\t<\/div>\n\t\t\t\t\t<\/div>\n\t\t<\/section>\n\t\t\t\t<section class=\"elementor-section elementor-top-section elementor-element elementor-element-114bb48 elementor-section-boxed elementor-section-height-default elementor-section-height-default\" data-id=\"114bb48\" data-element_type=\"section\">\n\t\t\t\t\t\t<div class=\"elementor-container elementor-column-gap-default\">\n\t\t\t\t\t<div class=\"elementor-column elementor-col-100 elementor-top-column elementor-element elementor-element-eb57cf3\" data-id=\"eb57cf3\" data-element_type=\"column\">\n\t\t\t<div class=\"elementor-widget-wrap elementor-element-populated\">\n\t\t\t\t\t\t<div class=\"elementor-element elementor-element-0573811 elementor-widget elementor-widget-heading\" data-id=\"0573811\" data-element_type=\"widget\" data-widget_type=\"heading.default\">\n\t\t\t\t<div class=\"elementor-widget-container\">\n\t\t\t\t\t<h2 class=\"elementor-heading-title elementor-size-default\">Participer \u00e0 vos soins<\/h2>\t\t\t\t<\/div>\n\t\t\t\t<\/div>\n\t\t\t\t<div class=\"elementor-element elementor-element-bd3d648 elementor-widget elementor-widget-text-editor\" data-id=\"bd3d648\" data-element_type=\"widget\" data-widget_type=\"text-editor.default\">\n\t\t\t\t<div class=\"elementor-widget-container\">\n\t\t\t\t\t\t\t\t\t<p>La d\u00e9pression peut \u00eatre caus\u00e9e par de nombreux facteurs et trouver une solution adapt\u00e9e \u00e0 vos besoins peut prendre du temps. Ne vous d\u00e9couragez pas si le premier traitement que votre m\u00e9decin vous a prescrit ne permet pas d&rsquo;obtenir les r\u00e9sultats escompt\u00e9s. Il est important de se souvenir que de nombreuses options existent et qu&rsquo;on peut trouver un traitement qui marche pour presque tous les patients.<sup>1<\/sup><\/p><p>Quel que soit le traitement que vous avez commenc\u00e9, n&rsquo;oubliez pas que vous pouvez jouer un r\u00f4le actif dans la prise en charge de votre maladie. Travaillez donc en \u00e9quipe avec votre m\u00e9decin en maintenant un dialogue et une collaboration \u00e9troite avec lui. De plus, n&rsquo;h\u00e9sitez pas \u00e0 poser des questions ou \u00e0 faire part de vos attentes et de vos pr\u00e9occupations en tout temps.<\/p>\t\t\t\t\t\t\t\t<\/div>\n\t\t\t\t<\/div>\n\t\t\t\t<div class=\"elementor-element elementor-element-b76240a elementor-widget elementor-widget-text-editor\" data-id=\"b76240a\" data-element_type=\"widget\" data-widget_type=\"text-editor.default\">\n\t\t\t\t<div class=\"elementor-widget-container\">\n\t\t\t\t\t\t\t\t\t<p>En savoir plus:<br><\/p>\n<p><a href=\"https:\/\/depressionhurts.ca\/fr\/manage\/healthy-lifestyle\"><span style=\"text-decoration: underline;\">Adopter un mode de vie sain<\/span><\/a><\/p>\t\t\t\t\t\t\t\t<\/div>\n\t\t\t\t<\/div>\n\t\t\t\t\t<\/div>\n\t\t<\/div>\n\t\t\t\t\t<\/div>\n\t\t<\/section>\n\t\t\t\t<section class=\"elementor-section elementor-top-section elementor-element elementor-element-040a3aa elementor-section-boxed elementor-section-height-default elementor-section-height-default\" data-id=\"040a3aa\" data-element_type=\"section\">\n\t\t\t\t\t\t<div class=\"elementor-container elementor-column-gap-default\">\n\t\t\t\t\t<div class=\"elementor-column elementor-col-100 elementor-top-column elementor-element elementor-element-4db44f4\" data-id=\"4db44f4\" data-element_type=\"column\">\n\t\t\t<div class=\"elementor-widget-wrap elementor-element-populated\">\n\t\t\t\t\t\t<div class=\"elementor-element elementor-element-330be4f elementor-widget elementor-widget-heading\" data-id=\"330be4f\" data-element_type=\"widget\" data-widget_type=\"heading.default\">\n\t\t\t\t<div class=\"elementor-widget-container\">\n\t\t\t\t\t<h2 class=\"elementor-heading-title elementor-size-default\">Ne prenez pas les pens\u00e9es suicidaires \u00e0 la l\u00e9g\u00e8re<\/h2>\t\t\t\t<\/div>\n\t\t\t\t<\/div>\n\t\t\t\t\t<\/div>\n\t\t<\/div>\n\t\t\t\t\t<\/div>\n\t\t<\/section>\n\t\t\t\t<section class=\"elementor-section elementor-top-section elementor-element elementor-element-4075227 elementor-section-boxed elementor-section-height-default elementor-section-height-default\" data-id=\"4075227\" data-element_type=\"section\">\n\t\t\t\t\t\t<div class=\"elementor-container elementor-column-gap-default\">\n\t\t\t\t\t<div class=\"elementor-column elementor-col-100 elementor-top-column elementor-element elementor-element-90b311c\" data-id=\"90b311c\" data-element_type=\"column\">\n\t\t\t<div class=\"elementor-widget-wrap elementor-element-populated\">\n\t\t\t\t\t\t<div class=\"elementor-element elementor-element-ab959ef elementor-widget elementor-widget-text-editor\" data-id=\"ab959ef\" data-element_type=\"widget\" data-widget_type=\"text-editor.default\">\n\t\t\t\t<div class=\"elementor-widget-container\">\n\t\t\t\t\t\t\t\t\t<p>Le risque de suicide augmente chez les personnes qui souffrent de d\u00e9pression et il est important de prendre ce risque tr\u00e8s au s\u00e9rieux.<sup>4<\/sup> Si vous sentez que vous abandonnez ou que vous pourriez vous faire du mal, DEMANDEZ IMM\u00c9DIATEMENT DE L&rsquo;AIDE.<\/p><ul><li>Appelez votre m\u00e9decin.<\/li><li>Rendez-vous \u00e0 la salle d&rsquo;urgence.<\/li><li>Composez le 911.<\/li><\/ul>\t\t\t\t\t\t\t\t<\/div>\n\t\t\t\t<\/div>\n\t\t\t\t\t<\/div>\n\t\t<\/div>\n\t\t\t\t\t<\/div>\n\t\t<\/section>\n\t\t\t\t<section class=\"elementor-section elementor-top-section elementor-element elementor-element-6c7f69e elementor-section-boxed elementor-section-height-default elementor-section-height-default\" data-id=\"6c7f69e\" data-element_type=\"section\">\n\t\t\t\t\t\t<div class=\"elementor-container elementor-column-gap-default\">\n\t\t\t\t\t<div class=\"elementor-column elementor-col-100 elementor-top-column elementor-element elementor-element-73a6233\" data-id=\"73a6233\" data-element_type=\"column\">\n\t\t\t<div class=\"elementor-widget-wrap elementor-element-populated\">\n\t\t\t\t\t\t<div class=\"elementor-element elementor-element-d359399 elementor-widget elementor-widget-spacer\" data-id=\"d359399\" data-element_type=\"widget\" data-widget_type=\"spacer.default\">\n\t\t\t\t<div class=\"elementor-widget-container\">\n\t\t\t\t\t\t\t<div class=\"elementor-spacer\">\n\t\t\t<div class=\"elementor-spacer-inner\"><\/div>\n\t\t<\/div>\n\t\t\t\t\t\t<\/div>\n\t\t\t\t<\/div>\n\t\t\t\t\t<\/div>\n\t\t<\/div>\n\t\t\t\t\t<\/div>\n\t\t<\/section>\n\t\t\t\t<section class=\"elementor-section elementor-top-section elementor-element elementor-element-f3c599d elementor-section-boxed elementor-section-height-default elementor-section-height-default\" data-id=\"f3c599d\" data-element_type=\"section\">\n\t\t\t\t\t\t<div class=\"elementor-container elementor-column-gap-default\">\n\t\t\t\t\t\t<\/div>\n\t\t<\/section>\n\t\t\t\t<\/div>\n\t\t","protected":false},"excerpt":{"rendered":"<p>Parler \u00e0 son m\u00e9decin Vous et votre m\u00e9decin avez un objectif commun : vous aider \u00e0 vous r\u00e9tablir d&rsquo;une d\u00e9pression. Cela n&rsquo;est pas possible tant que TOUS les sympt\u00f4mes n&rsquo;ont pas \u00e9t\u00e9 enti\u00e8rement trait\u00e9s. C&rsquo;est pourquoi il est important que vous parliez \u00e0 votre m\u00e9decin de tout ce que vous ressentez, et pas seulement au [&hellip;]<\/p>\n","protected":false},"author":3,"featured_media":0,"parent":1255,"menu_order":0,"comment_status":"closed","ping_status":"closed","template":"page-internal.php","meta":{"_acf_changed":false,"footnotes":""},"class_list":["post-1337","page","type-page","status-publish","hentry","entry"],"acf":[],"yoast_head":"<!-- This site is optimized with the Yoast SEO plugin v26.9 - https:\/\/yoast.com\/product\/yoast-seo-wordpress\/ -->\n<title>Points importants \u00e0 prendre en consid\u00e9ration - DepressionHurts.ca<\/title>\n<meta name=\"robots\" content=\"index, follow, max-snippet:-1, max-image-preview:large, max-video-preview:-1\" \/>\n<link rel=\"canonical\" href=\"https:\/\/depressionhurts.ca\/fr\/manage\/points-to-consider\/\" \/>\n<meta property=\"og:locale\" content=\"fr_FR\" \/>\n<meta property=\"og:type\" content=\"article\" \/>\n<meta property=\"og:title\" content=\"Points importants \u00e0 prendre en consid\u00e9ration - DepressionHurts.ca\" \/>\n<meta property=\"og:description\" content=\"Parler \u00e0 son m\u00e9decin Vous et votre m\u00e9decin avez un objectif commun : vous aider \u00e0 vous r\u00e9tablir d&rsquo;une d\u00e9pression. Cela n&rsquo;est pas possible tant que TOUS les sympt\u00f4mes n&rsquo;ont pas \u00e9t\u00e9 enti\u00e8rement trait\u00e9s. C&rsquo;est pourquoi il est important que vous parliez \u00e0 votre m\u00e9decin de tout ce que vous ressentez, et pas seulement au [&hellip;]\" \/>\n<meta property=\"og:url\" content=\"https:\/\/depressionhurts.ca\/fr\/manage\/points-to-consider\/\" \/>\n<meta property=\"og:site_name\" content=\"DepressionHurts.ca\" \/>\n<meta property=\"article:modified_time\" content=\"2021-01-16T12:19:49+00:00\" \/>\n<meta name=\"twitter:card\" content=\"summary_large_image\" \/>\n<meta name=\"twitter:label1\" content=\"Dur\u00e9e de lecture estim\u00e9e\" \/>\n\t<meta name=\"twitter:data1\" content=\"2 minutes\" \/>\n<script type=\"application\/ld+json\" class=\"yoast-schema-graph\">{\"@context\":\"https:\/\/schema.org\",\"@graph\":[{\"@type\":\"WebPage\",\"@id\":\"https:\/\/depressionhurts.ca\/fr\/manage\/points-to-consider\/\",\"url\":\"https:\/\/depressionhurts.ca\/fr\/manage\/points-to-consider\/\",\"name\":\"Points importants \u00e0 prendre en consid\u00e9ration - DepressionHurts.ca\",\"isPartOf\":{\"@id\":\"https:\/\/depressionhurts.ca\/fr\/#website\"},\"datePublished\":\"2021-01-13T12:53:30+00:00\",\"dateModified\":\"2021-01-16T12:19:49+00:00\",\"breadcrumb\":{\"@id\":\"https:\/\/depressionhurts.ca\/fr\/manage\/points-to-consider\/#breadcrumb\"},\"inLanguage\":\"fr-FR\",\"potentialAction\":[{\"@type\":\"ReadAction\",\"target\":[\"https:\/\/depressionhurts.ca\/fr\/manage\/points-to-consider\/\"]}]},{\"@type\":\"BreadcrumbList\",\"@id\":\"https:\/\/depressionhurts.ca\/fr\/manage\/points-to-consider\/#breadcrumb\",\"itemListElement\":[{\"@type\":\"ListItem\",\"position\":1,\"name\":\"Home\",\"item\":\"https:\/\/depressionhurts.ca\/fr\/\"},{\"@type\":\"ListItem\",\"position\":2,\"name\":\"Prise en charge de la d\u00e9pression\",\"item\":\"https:\/\/depressionhurts.ca\/fr\/manage\/\"},{\"@type\":\"ListItem\",\"position\":3,\"name\":\"Points importants \u00e0 prendre en consid\u00e9ration\"}]},{\"@type\":\"WebSite\",\"@id\":\"https:\/\/depressionhurts.ca\/fr\/#website\",\"url\":\"https:\/\/depressionhurts.ca\/fr\/\",\"name\":\"DepressionHurts.ca\",\"description\":\"\",\"publisher\":{\"@id\":\"https:\/\/depressionhurts.ca\/fr\/#organization\"},\"potentialAction\":[{\"@type\":\"SearchAction\",\"target\":{\"@type\":\"EntryPoint\",\"urlTemplate\":\"https:\/\/depressionhurts.ca\/fr\/?s={search_term_string}\"},\"query-input\":{\"@type\":\"PropertyValueSpecification\",\"valueRequired\":true,\"valueName\":\"search_term_string\"}}],\"inLanguage\":\"fr-FR\"},{\"@type\":\"Organization\",\"@id\":\"https:\/\/depressionhurts.ca\/fr\/#organization\",\"name\":\"DepressionHurts.ca\",\"url\":\"https:\/\/depressionhurts.ca\/fr\/\",\"logo\":{\"@type\":\"ImageObject\",\"inLanguage\":\"fr-FR\",\"@id\":\"https:\/\/depressionhurts.ca\/fr\/#\/schema\/logo\/image\/\",\"url\":\"https:\/\/secureservercdn.net\/166.62.108.229\/g2y.e38.myftpupload.com\/wp-content\/uploads\/2021\/01\/logo-dark.png?time=1620301712\",\"contentUrl\":\"https:\/\/secureservercdn.net\/166.62.108.229\/g2y.e38.myftpupload.com\/wp-content\/uploads\/2021\/01\/logo-dark.png?time=1620301712\",\"width\":310,\"height\":120,\"caption\":\"DepressionHurts.ca\"},\"image\":{\"@id\":\"https:\/\/depressionhurts.ca\/fr\/#\/schema\/logo\/image\/\"}}]}<\/script>\n<!-- \/ Yoast SEO plugin. -->","yoast_head_json":{"title":"Points importants \u00e0 prendre en consid\u00e9ration - DepressionHurts.ca","robots":{"index":"index","follow":"follow","max-snippet":"max-snippet:-1","max-image-preview":"max-image-preview:large","max-video-preview":"max-video-preview:-1"},"canonical":"https:\/\/depressionhurts.ca\/fr\/manage\/points-to-consider\/","og_locale":"fr_FR","og_type":"article","og_title":"Points importants \u00e0 prendre en consid\u00e9ration - DepressionHurts.ca","og_description":"Parler \u00e0 son m\u00e9decin Vous et votre m\u00e9decin avez un objectif commun : vous aider \u00e0 vous r\u00e9tablir d&rsquo;une d\u00e9pression. Cela n&rsquo;est pas possible tant que TOUS les sympt\u00f4mes n&rsquo;ont pas \u00e9t\u00e9 enti\u00e8rement trait\u00e9s. C&rsquo;est pourquoi il est important que vous parliez \u00e0 votre m\u00e9decin de tout ce que vous ressentez, et pas seulement au [&hellip;]","og_url":"https:\/\/depressionhurts.ca\/fr\/manage\/points-to-consider\/","og_site_name":"DepressionHurts.ca","article_modified_time":"2021-01-16T12:19:49+00:00","twitter_card":"summary_large_image","twitter_misc":{"Dur\u00e9e de lecture estim\u00e9e":"2 minutes"},"schema":{"@context":"https:\/\/schema.org","@graph":[{"@type":"WebPage","@id":"https:\/\/depressionhurts.ca\/fr\/manage\/points-to-consider\/","url":"https:\/\/depressionhurts.ca\/fr\/manage\/points-to-consider\/","name":"Points importants \u00e0 prendre en consid\u00e9ration - DepressionHurts.ca","isPartOf":{"@id":"https:\/\/depressionhurts.ca\/fr\/#website"},"datePublished":"2021-01-13T12:53:30+00:00","dateModified":"2021-01-16T12:19:49+00:00","breadcrumb":{"@id":"https:\/\/depressionhurts.ca\/fr\/manage\/points-to-consider\/#breadcrumb"},"inLanguage":"fr-FR","potentialAction":[{"@type":"ReadAction","target":["https:\/\/depressionhurts.ca\/fr\/manage\/points-to-consider\/"]}]},{"@type":"BreadcrumbList","@id":"https:\/\/depressionhurts.ca\/fr\/manage\/points-to-consider\/#breadcrumb","itemListElement":[{"@type":"ListItem","position":1,"name":"Home","item":"https:\/\/depressionhurts.ca\/fr\/"},{"@type":"ListItem","position":2,"name":"Prise en charge de la d\u00e9pression","item":"https:\/\/depressionhurts.ca\/fr\/manage\/"},{"@type":"ListItem","position":3,"name":"Points importants \u00e0 prendre en consid\u00e9ration"}]},{"@type":"WebSite","@id":"https:\/\/depressionhurts.ca\/fr\/#website","url":"https:\/\/depressionhurts.ca\/fr\/","name":"DepressionHurts.ca","description":"","publisher":{"@id":"https:\/\/depressionhurts.ca\/fr\/#organization"},"potentialAction":[{"@type":"SearchAction","target":{"@type":"EntryPoint","urlTemplate":"https:\/\/depressionhurts.ca\/fr\/?s={search_term_string}"},"query-input":{"@type":"PropertyValueSpecification","valueRequired":true,"valueName":"search_term_string"}}],"inLanguage":"fr-FR"},{"@type":"Organization","@id":"https:\/\/depressionhurts.ca\/fr\/#organization","name":"DepressionHurts.ca","url":"https:\/\/depressionhurts.ca\/fr\/","logo":{"@type":"ImageObject","inLanguage":"fr-FR","@id":"https:\/\/depressionhurts.ca\/fr\/#\/schema\/logo\/image\/","url":"https:\/\/secureservercdn.net\/166.62.108.229\/g2y.e38.myftpupload.com\/wp-content\/uploads\/2021\/01\/logo-dark.png?time=1620301712","contentUrl":"https:\/\/secureservercdn.net\/166.62.108.229\/g2y.e38.myftpupload.com\/wp-content\/uploads\/2021\/01\/logo-dark.png?time=1620301712","width":310,"height":120,"caption":"DepressionHurts.ca"},"image":{"@id":"https:\/\/depressionhurts.ca\/fr\/#\/schema\/logo\/image\/"}}]}},"_links":{"self":[{"href":"https:\/\/depressionhurts.ca\/fr\/wp-json\/wp\/v2\/pages\/1337","targetHints":{"allow":["GET"]}}],"collection":[{"href":"https:\/\/depressionhurts.ca\/fr\/wp-json\/wp\/v2\/pages"}],"about":[{"href":"https:\/\/depressionhurts.ca\/fr\/wp-json\/wp\/v2\/types\/page"}],"author":[{"embeddable":true,"href":"https:\/\/depressionhurts.ca\/fr\/wp-json\/wp\/v2\/users\/3"}],"replies":[{"embeddable":true,"href":"https:\/\/depressionhurts.ca\/fr\/wp-json\/wp\/v2\/comments?post=1337"}],"version-history":[{"count":25,"href":"https:\/\/depressionhurts.ca\/fr\/wp-json\/wp\/v2\/pages\/1337\/revisions"}],"predecessor-version":[{"id":1410,"href":"https:\/\/depressionhurts.ca\/fr\/wp-json\/wp\/v2\/pages\/1337\/revisions\/1410"}],"up":[{"embeddable":true,"href":"https:\/\/depressionhurts.ca\/fr\/wp-json\/wp\/v2\/pages\/1255"}],"wp:attachment":[{"href":"https:\/\/depressionhurts.ca\/fr\/wp-json\/wp\/v2\/media?parent=1337"}],"curies":[{"name":"wp","href":"https:\/\/api.w.org\/{rel}","templated":true}]}}