{"id":1507,"date":"2021-01-13T13:58:15","date_gmt":"2021-01-13T13:58:15","guid":{"rendered":"https:\/\/depressionhurts.ca\/improvement\/seeing-a-doctor\/"},"modified":"2021-01-17T11:40:21","modified_gmt":"2021-01-17T11:40:21","slug":"seeing-a-doctor","status":"publish","type":"page","link":"https:\/\/depressionhurts.ca\/fr\/improvement\/seeing-a-doctor\/","title":{"rendered":"Parler \u00e0 son m\u00e9decin"},"content":{"rendered":"\t\t<div data-elementor-type=\"wp-page\" data-elementor-id=\"1507\" class=\"elementor elementor-1507\">\n\t\t\t\t\t\t<section class=\"elementor-section elementor-top-section elementor-element elementor-element-b572bb6 elementor-section-boxed elementor-section-height-default elementor-section-height-default\" data-id=\"b572bb6\" data-element_type=\"section\">\n\t\t\t\t\t\t<div class=\"elementor-container elementor-column-gap-default\">\n\t\t\t\t\t<div class=\"elementor-column elementor-col-66 elementor-top-column elementor-element elementor-element-10592d2\" data-id=\"10592d2\" data-element_type=\"column\">\n\t\t\t<div class=\"elementor-widget-wrap elementor-element-populated\">\n\t\t\t\t\t\t<div class=\"elementor-element elementor-element-50b2149 elementor-widget elementor-widget-text-editor\" data-id=\"50b2149\" data-element_type=\"widget\" data-widget_type=\"text-editor.default\">\n\t\t\t\t<div class=\"elementor-widget-container\">\n\t\t\t\t\t\t\t\t\t<p>Si vous pensez que vous \u00e9prouvez peut-\u00eatre certains des sympt\u00f4mes de la d\u00e9pression, il est bon d&rsquo;en parler \u00e0 votre m\u00e9decin. Lorsque vous prenez un rendez-vous pour une consultation m\u00e9dicale, n\u2019oubliez pas d\u2019informer votre m\u00e9decin que vous aurez peut-\u00eatre besoin de plus de temps pour parler de ces questions. Pour obtenir des conseils sur les sujets \u00e0 aborder avec votre m\u00e9decin, <a href=\"https:\/\/depressionhurts.ca\/fr\/improvement\/discussion-guide\">cliquez ici<\/a>.<br><\/p>\n<p>Votre m\u00e9decin de soins de premier recours est un bon point de d\u00e9part. Il peut \u00e9valuer vos sympt\u00f4mes et d\u00e9terminer si la d\u00e9pression en est la cause sous-jacente. Vous pouvez prendre une longueur d&rsquo;avance en cr\u00e9ant votre propre liste de sympt\u00f4mes en utilisant la <a href=\"https:\/\/depressionhurts.ca\/fr\/checklist\" rel=\"noopener\">liste de contr\u00f4le des sympt\u00f4mes<\/a>. Elle vous permet d&rsquo;\u00e9num\u00e9rer vos sympt\u00f4mes et de leur attribuer un degr\u00e9 d&rsquo;importance selon les r\u00e9percussions de chacun sur votre capacit\u00e9 \u00e0 fonctionner au quotidien. Apportez cette liste chez votre m\u00e9decin pour en discuter.<\/p>\n<p>S&rsquo;il pense que vous souffrez de d\u00e9pression, votre m\u00e9decin peut sugg\u00e9rer un traitement \u00e0 suivre ou vous diriger vers un sp\u00e9cialiste, par exemple un psychiatre ou un th\u00e9rapeute. Si vous n&rsquo;avez pas de fournisseur de soins de premier recours, demandez \u00e0 vos amis ou aux membres de votre famille de vous en recommander un.<\/p>\n<p>Si vous recevez un traitement pour la d\u00e9pression, mais que vous ne vous sentez pas encore vous-m\u00eame, veillez \u00e0 en discuter avec votre m\u00e9decin. Indiquez-lui vos sympt\u00f4mes et la fa\u00e7on dont ils influent sur votre vie.<\/p>\n<p>Il est bon de se pr\u00e9parer \u00e0 la visite. \u00c9tablissez une liste de questions que vous pourriez vouloir poser, et notez vos sympt\u00f4mes et vos ant\u00e9c\u00e9dents m\u00e9dicaux. <\/p>\t\t\t\t\t\t\t\t<\/div>\n\t\t\t\t<\/div>\n\t\t\t\t\t<\/div>\n\t\t<\/div>\n\t\t\t\t<div class=\"elementor-column elementor-col-33 elementor-top-column elementor-element elementor-element-c7806ec\" data-id=\"c7806ec\" data-element_type=\"column\">\n\t\t\t<div class=\"elementor-widget-wrap elementor-element-populated\">\n\t\t\t\t\t\t<div class=\"elementor-element elementor-element-ab26087 elementor-widget elementor-widget-image\" data-id=\"ab26087\" data-element_type=\"widget\" data-widget_type=\"image.default\">\n\t\t\t\t<div class=\"elementor-widget-container\">\n\t\t\t\t\t\t\t\t\t\t\t\t\t\t\t<img fetchpriority=\"high\" decoding=\"async\" width=\"384\" height=\"500\" src=\"https:\/\/depressionhurts.ca\/wp-content\/uploads\/2021\/01\/talk-to-your-doctor.jpg\" class=\"attachment-large size-large wp-image-1808\" alt=\"\" srcset=\"https:\/\/depressionhurts.ca\/wp-content\/uploads\/2021\/01\/talk-to-your-doctor.jpg 384w, https:\/\/depressionhurts.ca\/wp-content\/uploads\/2021\/01\/talk-to-your-doctor-230x300.jpg 230w\" sizes=\"(max-width: 384px) 100vw, 384px\" \/>\t\t\t\t\t\t\t\t\t\t\t\t\t\t\t<\/div>\n\t\t\t\t<\/div>\n\t\t\t\t\t<\/div>\n\t\t<\/div>\n\t\t\t\t\t<\/div>\n\t\t<\/section>\n\t\t\t\t<section class=\"elementor-section elementor-top-section elementor-element elementor-element-f3c599d elementor-section-boxed elementor-section-height-default elementor-section-height-default\" data-id=\"f3c599d\" data-element_type=\"section\">\n\t\t\t\t\t\t<div class=\"elementor-container elementor-column-gap-default\">\n\t\t\t\t\t\t<\/div>\n\t\t<\/section>\n\t\t\t\t<\/div>\n\t\t","protected":false},"excerpt":{"rendered":"<p>Si vous pensez que vous \u00e9prouvez peut-\u00eatre certains des sympt\u00f4mes de la d\u00e9pression, il est bon d&rsquo;en parler \u00e0 votre m\u00e9decin. Lorsque vous prenez un rendez-vous pour une consultation m\u00e9dicale, n\u2019oubliez pas d\u2019informer votre m\u00e9decin que vous aurez peut-\u00eatre besoin de plus de temps pour parler de ces questions. Pour obtenir des conseils sur les [&hellip;]<\/p>\n","protected":false},"author":3,"featured_media":0,"parent":1496,"menu_order":0,"comment_status":"closed","ping_status":"closed","template":"page-internal.php","meta":{"_acf_changed":false,"footnotes":""},"class_list":["post-1507","page","type-page","status-publish","hentry","entry"],"acf":[],"yoast_head":"<!-- This site is optimized with the Yoast SEO plugin v26.9 - https:\/\/yoast.com\/product\/yoast-seo-wordpress\/ -->\n<title>Parler \u00e0 son m\u00e9decin - DepressionHurts.ca<\/title>\n<meta name=\"robots\" content=\"index, follow, max-snippet:-1, max-image-preview:large, max-video-preview:-1\" \/>\n<link rel=\"canonical\" href=\"https:\/\/depressionhurts.ca\/fr\/improvement\/seeing-a-doctor\/\" \/>\n<meta property=\"og:locale\" content=\"fr_FR\" \/>\n<meta property=\"og:type\" content=\"article\" \/>\n<meta property=\"og:title\" content=\"Parler \u00e0 son m\u00e9decin - DepressionHurts.ca\" \/>\n<meta property=\"og:description\" content=\"Si vous pensez que vous \u00e9prouvez peut-\u00eatre certains des sympt\u00f4mes de la d\u00e9pression, il est bon d&rsquo;en parler \u00e0 votre m\u00e9decin. Lorsque vous prenez un rendez-vous pour une consultation m\u00e9dicale, n\u2019oubliez pas d\u2019informer votre m\u00e9decin que vous aurez peut-\u00eatre besoin de plus de temps pour parler de ces questions. Pour obtenir des conseils sur les [&hellip;]\" \/>\n<meta property=\"og:url\" content=\"https:\/\/depressionhurts.ca\/fr\/improvement\/seeing-a-doctor\/\" \/>\n<meta property=\"og:site_name\" content=\"DepressionHurts.ca\" \/>\n<meta property=\"article:modified_time\" content=\"2021-01-17T11:40:21+00:00\" \/>\n<meta property=\"og:image\" content=\"https:\/\/depressionhurts.ca\/wp-content\/uploads\/2021\/01\/talk-to-your-doctor.jpg\" \/>\n<meta name=\"twitter:card\" content=\"summary_large_image\" \/>\n<meta name=\"twitter:label1\" content=\"Dur\u00e9e de lecture estim\u00e9e\" \/>\n\t<meta name=\"twitter:data1\" content=\"1 minute\" \/>\n<script type=\"application\/ld+json\" class=\"yoast-schema-graph\">{\"@context\":\"https:\/\/schema.org\",\"@graph\":[{\"@type\":\"WebPage\",\"@id\":\"https:\/\/depressionhurts.ca\/fr\/improvement\/seeing-a-doctor\/\",\"url\":\"https:\/\/depressionhurts.ca\/fr\/improvement\/seeing-a-doctor\/\",\"name\":\"Parler \u00e0 son m\u00e9decin - DepressionHurts.ca\",\"isPartOf\":{\"@id\":\"https:\/\/depressionhurts.ca\/fr\/#website\"},\"primaryImageOfPage\":{\"@id\":\"https:\/\/depressionhurts.ca\/fr\/improvement\/seeing-a-doctor\/#primaryimage\"},\"image\":{\"@id\":\"https:\/\/depressionhurts.ca\/fr\/improvement\/seeing-a-doctor\/#primaryimage\"},\"thumbnailUrl\":\"https:\/\/depressionhurts.ca\/wp-content\/uploads\/2021\/01\/talk-to-your-doctor.jpg\",\"datePublished\":\"2021-01-13T13:58:15+00:00\",\"dateModified\":\"2021-01-17T11:40:21+00:00\",\"breadcrumb\":{\"@id\":\"https:\/\/depressionhurts.ca\/fr\/improvement\/seeing-a-doctor\/#breadcrumb\"},\"inLanguage\":\"fr-FR\",\"potentialAction\":[{\"@type\":\"ReadAction\",\"target\":[\"https:\/\/depressionhurts.ca\/fr\/improvement\/seeing-a-doctor\/\"]}]},{\"@type\":\"ImageObject\",\"inLanguage\":\"fr-FR\",\"@id\":\"https:\/\/depressionhurts.ca\/fr\/improvement\/seeing-a-doctor\/#primaryimage\",\"url\":\"https:\/\/depressionhurts.ca\/wp-content\/uploads\/2021\/01\/talk-to-your-doctor.jpg\",\"contentUrl\":\"https:\/\/depressionhurts.ca\/wp-content\/uploads\/2021\/01\/talk-to-your-doctor.jpg\"},{\"@type\":\"BreadcrumbList\",\"@id\":\"https:\/\/depressionhurts.ca\/fr\/improvement\/seeing-a-doctor\/#breadcrumb\",\"itemListElement\":[{\"@type\":\"ListItem\",\"position\":1,\"name\":\"Home\",\"item\":\"https:\/\/depressionhurts.ca\/fr\/\"},{\"@type\":\"ListItem\",\"position\":2,\"name\":\"Parcours vers l&rsquo;am\u00e9lioration\",\"item\":\"https:\/\/depressionhurts.ca\/fr\/improvement\/\"},{\"@type\":\"ListItem\",\"position\":3,\"name\":\"Parler \u00e0 son m\u00e9decin\"}]},{\"@type\":\"WebSite\",\"@id\":\"https:\/\/depressionhurts.ca\/fr\/#website\",\"url\":\"https:\/\/depressionhurts.ca\/fr\/\",\"name\":\"DepressionHurts.ca\",\"description\":\"\",\"publisher\":{\"@id\":\"https:\/\/depressionhurts.ca\/fr\/#organization\"},\"potentialAction\":[{\"@type\":\"SearchAction\",\"target\":{\"@type\":\"EntryPoint\",\"urlTemplate\":\"https:\/\/depressionhurts.ca\/fr\/?s={search_term_string}\"},\"query-input\":{\"@type\":\"PropertyValueSpecification\",\"valueRequired\":true,\"valueName\":\"search_term_string\"}}],\"inLanguage\":\"fr-FR\"},{\"@type\":\"Organization\",\"@id\":\"https:\/\/depressionhurts.ca\/fr\/#organization\",\"name\":\"DepressionHurts.ca\",\"url\":\"https:\/\/depressionhurts.ca\/fr\/\",\"logo\":{\"@type\":\"ImageObject\",\"inLanguage\":\"fr-FR\",\"@id\":\"https:\/\/depressionhurts.ca\/fr\/#\/schema\/logo\/image\/\",\"url\":\"https:\/\/secureservercdn.net\/166.62.108.229\/g2y.e38.myftpupload.com\/wp-content\/uploads\/2021\/01\/logo-dark.png?time=1620301712\",\"contentUrl\":\"https:\/\/secureservercdn.net\/166.62.108.229\/g2y.e38.myftpupload.com\/wp-content\/uploads\/2021\/01\/logo-dark.png?time=1620301712\",\"width\":310,\"height\":120,\"caption\":\"DepressionHurts.ca\"},\"image\":{\"@id\":\"https:\/\/depressionhurts.ca\/fr\/#\/schema\/logo\/image\/\"}}]}<\/script>\n<!-- \/ Yoast SEO plugin. -->","yoast_head_json":{"title":"Parler \u00e0 son m\u00e9decin - DepressionHurts.ca","robots":{"index":"index","follow":"follow","max-snippet":"max-snippet:-1","max-image-preview":"max-image-preview:large","max-video-preview":"max-video-preview:-1"},"canonical":"https:\/\/depressionhurts.ca\/fr\/improvement\/seeing-a-doctor\/","og_locale":"fr_FR","og_type":"article","og_title":"Parler \u00e0 son m\u00e9decin - DepressionHurts.ca","og_description":"Si vous pensez que vous \u00e9prouvez peut-\u00eatre certains des sympt\u00f4mes de la d\u00e9pression, il est bon d&rsquo;en parler \u00e0 votre m\u00e9decin. Lorsque vous prenez un rendez-vous pour une consultation m\u00e9dicale, n\u2019oubliez pas d\u2019informer votre m\u00e9decin que vous aurez peut-\u00eatre besoin de plus de temps pour parler de ces questions. Pour obtenir des conseils sur les [&hellip;]","og_url":"https:\/\/depressionhurts.ca\/fr\/improvement\/seeing-a-doctor\/","og_site_name":"DepressionHurts.ca","article_modified_time":"2021-01-17T11:40:21+00:00","og_image":[{"url":"https:\/\/depressionhurts.ca\/wp-content\/uploads\/2021\/01\/talk-to-your-doctor.jpg","type":"","width":"","height":""}],"twitter_card":"summary_large_image","twitter_misc":{"Dur\u00e9e de lecture estim\u00e9e":"1 minute"},"schema":{"@context":"https:\/\/schema.org","@graph":[{"@type":"WebPage","@id":"https:\/\/depressionhurts.ca\/fr\/improvement\/seeing-a-doctor\/","url":"https:\/\/depressionhurts.ca\/fr\/improvement\/seeing-a-doctor\/","name":"Parler \u00e0 son m\u00e9decin - DepressionHurts.ca","isPartOf":{"@id":"https:\/\/depressionhurts.ca\/fr\/#website"},"primaryImageOfPage":{"@id":"https:\/\/depressionhurts.ca\/fr\/improvement\/seeing-a-doctor\/#primaryimage"},"image":{"@id":"https:\/\/depressionhurts.ca\/fr\/improvement\/seeing-a-doctor\/#primaryimage"},"thumbnailUrl":"https:\/\/depressionhurts.ca\/wp-content\/uploads\/2021\/01\/talk-to-your-doctor.jpg","datePublished":"2021-01-13T13:58:15+00:00","dateModified":"2021-01-17T11:40:21+00:00","breadcrumb":{"@id":"https:\/\/depressionhurts.ca\/fr\/improvement\/seeing-a-doctor\/#breadcrumb"},"inLanguage":"fr-FR","potentialAction":[{"@type":"ReadAction","target":["https:\/\/depressionhurts.ca\/fr\/improvement\/seeing-a-doctor\/"]}]},{"@type":"ImageObject","inLanguage":"fr-FR","@id":"https:\/\/depressionhurts.ca\/fr\/improvement\/seeing-a-doctor\/#primaryimage","url":"https:\/\/depressionhurts.ca\/wp-content\/uploads\/2021\/01\/talk-to-your-doctor.jpg","contentUrl":"https:\/\/depressionhurts.ca\/wp-content\/uploads\/2021\/01\/talk-to-your-doctor.jpg"},{"@type":"BreadcrumbList","@id":"https:\/\/depressionhurts.ca\/fr\/improvement\/seeing-a-doctor\/#breadcrumb","itemListElement":[{"@type":"ListItem","position":1,"name":"Home","item":"https:\/\/depressionhurts.ca\/fr\/"},{"@type":"ListItem","position":2,"name":"Parcours vers l&rsquo;am\u00e9lioration","item":"https:\/\/depressionhurts.ca\/fr\/improvement\/"},{"@type":"ListItem","position":3,"name":"Parler \u00e0 son m\u00e9decin"}]},{"@type":"WebSite","@id":"https:\/\/depressionhurts.ca\/fr\/#website","url":"https:\/\/depressionhurts.ca\/fr\/","name":"DepressionHurts.ca","description":"","publisher":{"@id":"https:\/\/depressionhurts.ca\/fr\/#organization"},"potentialAction":[{"@type":"SearchAction","target":{"@type":"EntryPoint","urlTemplate":"https:\/\/depressionhurts.ca\/fr\/?s={search_term_string}"},"query-input":{"@type":"PropertyValueSpecification","valueRequired":true,"valueName":"search_term_string"}}],"inLanguage":"fr-FR"},{"@type":"Organization","@id":"https:\/\/depressionhurts.ca\/fr\/#organization","name":"DepressionHurts.ca","url":"https:\/\/depressionhurts.ca\/fr\/","logo":{"@type":"ImageObject","inLanguage":"fr-FR","@id":"https:\/\/depressionhurts.ca\/fr\/#\/schema\/logo\/image\/","url":"https:\/\/secureservercdn.net\/166.62.108.229\/g2y.e38.myftpupload.com\/wp-content\/uploads\/2021\/01\/logo-dark.png?time=1620301712","contentUrl":"https:\/\/secureservercdn.net\/166.62.108.229\/g2y.e38.myftpupload.com\/wp-content\/uploads\/2021\/01\/logo-dark.png?time=1620301712","width":310,"height":120,"caption":"DepressionHurts.ca"},"image":{"@id":"https:\/\/depressionhurts.ca\/fr\/#\/schema\/logo\/image\/"}}]}},"_links":{"self":[{"href":"https:\/\/depressionhurts.ca\/fr\/wp-json\/wp\/v2\/pages\/1507","targetHints":{"allow":["GET"]}}],"collection":[{"href":"https:\/\/depressionhurts.ca\/fr\/wp-json\/wp\/v2\/pages"}],"about":[{"href":"https:\/\/depressionhurts.ca\/fr\/wp-json\/wp\/v2\/types\/page"}],"author":[{"embeddable":true,"href":"https:\/\/depressionhurts.ca\/fr\/wp-json\/wp\/v2\/users\/3"}],"replies":[{"embeddable":true,"href":"https:\/\/depressionhurts.ca\/fr\/wp-json\/wp\/v2\/comments?post=1507"}],"version-history":[{"count":7,"href":"https:\/\/depressionhurts.ca\/fr\/wp-json\/wp\/v2\/pages\/1507\/revisions"}],"predecessor-version":[{"id":2020,"href":"https:\/\/depressionhurts.ca\/fr\/wp-json\/wp\/v2\/pages\/1507\/revisions\/2020"}],"up":[{"embeddable":true,"href":"https:\/\/depressionhurts.ca\/fr\/wp-json\/wp\/v2\/pages\/1496"}],"wp:attachment":[{"href":"https:\/\/depressionhurts.ca\/fr\/wp-json\/wp\/v2\/media?parent=1507"}],"curies":[{"name":"wp","href":"https:\/\/api.w.org\/{rel}","templated":true}]}}