{"id":1513,"date":"2021-01-13T15:05:01","date_gmt":"2021-01-13T15:05:01","guid":{"rendered":"https:\/\/depressionhurts.ca\/improvement\/discussion-guide\/"},"modified":"2021-01-16T13:14:18","modified_gmt":"2021-01-16T13:14:18","slug":"discussion-guide","status":"publish","type":"page","link":"https:\/\/depressionhurts.ca\/fr\/improvement\/discussion-guide\/","title":{"rendered":"Guide de discussion avec le m\u00e9decin"},"content":{"rendered":"\t\t<div data-elementor-type=\"wp-page\" data-elementor-id=\"1513\" class=\"elementor elementor-1513\">\n\t\t\t\t\t\t<section class=\"elementor-section elementor-top-section elementor-element elementor-element-b572bb6 elementor-section-boxed elementor-section-height-default elementor-section-height-default\" data-id=\"b572bb6\" data-element_type=\"section\">\n\t\t\t\t\t\t<div class=\"elementor-container elementor-column-gap-default\">\n\t\t\t\t\t<div class=\"elementor-column elementor-col-100 elementor-top-column elementor-element elementor-element-10592d2\" data-id=\"10592d2\" data-element_type=\"column\">\n\t\t\t<div class=\"elementor-widget-wrap elementor-element-populated\">\n\t\t\t\t\t\t<div class=\"elementor-element elementor-element-50b2149 elementor-widget elementor-widget-text-editor\" data-id=\"50b2149\" data-element_type=\"widget\" data-widget_type=\"text-editor.default\">\n\t\t\t\t<div class=\"elementor-widget-container\">\n\t\t\t\t\t\t\t\t\t<p>Si vous pensez que vous \u00e9prouvez des sympt\u00f4mes de la d\u00e9pression ou que votre traitement actuel ne les prend pas en charge, vous devez consulter votre m\u00e9decin. Lorsque vous prenez un rendez-vous pour une consultation m\u00e9dicale, informez votre m\u00e9decin que vous aurez peut-\u00eatre besoin de plus de temps pour parler de vos sympt\u00f4mes.<\/p>\t\t\t\t\t\t\t\t<\/div>\n\t\t\t\t<\/div>\n\t\t\t\t<div class=\"elementor-element elementor-element-1784002 elementor-widget elementor-widget-heading\" data-id=\"1784002\" data-element_type=\"widget\" data-widget_type=\"heading.default\">\n\t\t\t\t<div class=\"elementor-widget-container\">\n\t\t\t\t\t<h2 class=\"elementor-heading-title elementor-size-default\">Questions \u00e0 poser \u00e0 son m\u00e9decin<\/h2>\t\t\t\t<\/div>\n\t\t\t\t<\/div>\n\t\t\t\t<div class=\"elementor-element elementor-element-84194c1 elementor-widget elementor-widget-text-editor\" data-id=\"84194c1\" data-element_type=\"widget\" data-widget_type=\"text-editor.default\">\n\t\t\t\t<div class=\"elementor-widget-container\">\n\t\t\t\t\t\t\t\t\t<p>Une fa\u00e7on de tirer le meilleur parti de votre visite est d&rsquo;\u00e9tablir au pr\u00e9alable une liste de questions, puis de les cocher \u00e0 mesure qu&rsquo;elles ont \u00e9t\u00e9 abord\u00e9es avec votre m\u00e9decin.<\/p><p>Voici quelques exemples de questions pour commencer. <a href=\"https:\/\/depressionhurts.ca\/download\/pdf\/examples-de-questions.pdf\" target=\"_blank\" rel=\"noopener\">Vous pouvez \u00e9galement les imprimer ici.<\/a>.<\/p>\t\t\t\t\t\t\t\t<\/div>\n\t\t\t\t<\/div>\n\t\t\t\t<div class=\"elementor-element elementor-element-54ae6f9 elementor-widget elementor-widget-heading\" data-id=\"54ae6f9\" data-element_type=\"widget\" data-widget_type=\"heading.default\">\n\t\t\t\t<div class=\"elementor-widget-container\">\n\t\t\t\t\t<h3 class=\"elementor-heading-title elementor-size-default\">Apr\u00e8s avoir d\u00e9crit vos sympt\u00f4mes, posez les questions suivantes:<\/h3>\t\t\t\t<\/div>\n\t\t\t\t<\/div>\n\t\t\t\t<div class=\"elementor-element elementor-element-7115667 elementor-widget elementor-widget-text-editor\" data-id=\"7115667\" data-element_type=\"widget\" data-widget_type=\"text-editor.default\">\n\t\t\t\t<div class=\"elementor-widget-container\">\n\t\t\t\t\t\t\t\t\t<ul><li>Pensez-vous que je souffre de d\u00e9pression?<\/li><li>Ma d\u00e9pression a-t-elle pu \u00eatre d\u00e9clench\u00e9e par une autre maladie ou par des m\u00e9dicaments que je prends actuellement?<\/li><li>Quelles sont certaines des options de traitement permettant d&rsquo;am\u00e9liorer ces sympt\u00f4mes?<\/li><\/ul>\t\t\t\t\t\t\t\t<\/div>\n\t\t\t\t<\/div>\n\t\t\t\t<div class=\"elementor-element elementor-element-1521d0b elementor-widget elementor-widget-heading\" data-id=\"1521d0b\" data-element_type=\"widget\" data-widget_type=\"heading.default\">\n\t\t\t\t<div class=\"elementor-widget-container\">\n\t\t\t\t\t<h3 class=\"elementor-heading-title elementor-size-default\">Si votre m\u00e9decin diagnostique une d\u00e9pression, posez les questions suivantes:<\/h3>\t\t\t\t<\/div>\n\t\t\t\t<\/div>\n\t\t\t\t<div class=\"elementor-element elementor-element-161df75 elementor-widget elementor-widget-text-editor\" data-id=\"161df75\" data-element_type=\"widget\" data-widget_type=\"text-editor.default\">\n\t\t\t\t<div class=\"elementor-widget-container\">\n\t\t\t\t\t\t\t\t\t<ul><li>Pouvez-vous traiter ma d\u00e9pression ou dois-je consulter un sp\u00e9cialiste tel qu&rsquo;un psychiatre ou un th\u00e9rapeute? Le cas \u00e9ch\u00e9ant, pouvez-vous me recommander quelqu&rsquo;un?<\/li><li>Ai-je besoin de conseils? Le cas \u00e9ch\u00e9ant, pouvez-vous me recommander quelqu&rsquo;un?<\/li><li>Qu&rsquo;est-ce que la th\u00e9rapie par la parole, et comment puis-je savoir si elle fonctionne?<\/li><li>Existe-t-il des strat\u00e9gies d&rsquo;entraide ou des changements de style de vie que vous recommanderiez?<\/li><\/ul>\t\t\t\t\t\t\t\t<\/div>\n\t\t\t\t<\/div>\n\t\t\t\t<div class=\"elementor-element elementor-element-33470bf elementor-widget elementor-widget-heading\" data-id=\"33470bf\" data-element_type=\"widget\" data-widget_type=\"heading.default\">\n\t\t\t\t<div class=\"elementor-widget-container\">\n\t\t\t\t\t<h3 class=\"elementor-heading-title elementor-size-default\">Si vous recevez un traitement pour la d\u00e9pression, mais que vous ne vous sentez pas encore vous-m\u00eame, posez les questions suivantes:<\/h3>\t\t\t\t<\/div>\n\t\t\t\t<\/div>\n\t\t\t\t<div class=\"elementor-element elementor-element-4dc6c6a elementor-widget elementor-widget-text-editor\" data-id=\"4dc6c6a\" data-element_type=\"widget\" data-widget_type=\"text-editor.default\">\n\t\t\t\t<div class=\"elementor-widget-container\">\n\t\t\t\t\t\t\t\t\t<ul><li>Ces sympt\u00f4mes s&rsquo;am\u00e9lioreront-ils ou ne puis-je pas esp\u00e9rer mieux?<\/li><li>Combien de temps dois-je attendre jusqu&rsquo;\u00e0 ce que je puisse envisager de changer de m\u00e9dicaments ou d&rsquo;essayer autre chose?<\/li><\/ul>\t\t\t\t\t\t\t\t<\/div>\n\t\t\t\t<\/div>\n\t\t\t\t<div class=\"elementor-element elementor-element-395013b elementor-widget elementor-widget-heading\" data-id=\"395013b\" data-element_type=\"widget\" data-widget_type=\"heading.default\">\n\t\t\t\t<div class=\"elementor-widget-container\">\n\t\t\t\t\t<h3 class=\"elementor-heading-title elementor-size-default\">Si votre m\u00e9decin prescrit des m\u00e9dicaments, posez les questions suivantes:<\/h3>\t\t\t\t<\/div>\n\t\t\t\t<\/div>\n\t\t\t\t<div class=\"elementor-element elementor-element-f3f5104 elementor-widget elementor-widget-text-editor\" data-id=\"f3f5104\" data-element_type=\"widget\" data-widget_type=\"text-editor.default\">\n\t\t\t\t<div class=\"elementor-widget-container\">\n\t\t\t\t\t\t\t\t\t<ul><li>Quels sont les avantages de ces m\u00e9dicaments?<\/li><li>Quand les m\u00e9dicaments commenceront-ils \u00e0 faire effet? Comment saurai-je s&rsquo;ils agissent?<\/li><li>Comment me sentirai-je en prenant ces m\u00e9dicaments?<\/li><li>Que sont les effets secondaires? Vont-ils dispara\u00eetre au fil du temps? Que dois-je faire s&rsquo;ils se manifestent?<\/li><li>Pendant combien de temps devrai-je prendre ces m\u00e9dicaments? Pourrai-je un jour cesser de les prendre?<\/li><li>Dois-je \u00e9viter certaines choses (p. ex. d&rsquo;autres m\u00e9dicaments, l&rsquo;alcool) ou certains aliments pendant ce traitement?<\/li><li>Que se passera-t-il si les m\u00e9dicaments ne fonctionnent pas? Y a-t-il autre chose que je puisse faire?<\/li><li>Ces m\u00e9dicaments auront-ils un effet sur mes sympt\u00f4mes de d\u00e9pression?<\/li><li>Si je prends ces m\u00e9dicaments, ma d\u00e9pression reviendra-t-elle un jour?<\/li><\/ul>\t\t\t\t\t\t\t\t<\/div>\n\t\t\t\t<\/div>\n\t\t\t\t<div class=\"elementor-element elementor-element-8a5fba6 elementor-widget elementor-widget-text-editor\" data-id=\"8a5fba6\" data-element_type=\"widget\" data-widget_type=\"text-editor.default\">\n\t\t\t\t<div class=\"elementor-widget-container\">\n\t\t\t\t\t\t\t\t\t<p>Il est bon \u00e9galement de discuter avec votre m\u00e9decin de son approche globale \u00e0 l&rsquo;\u00e9gard du traitement. Mettez-vous d&rsquo;accord sur la mani\u00e8re dont il suivra l&rsquo;\u00e9volution de votre \u00e9tat. Informez-vous pour savoir s&rsquo;il est mieux d&rsquo;avoir un suivi en personne ou par t\u00e9l\u00e9phone et \u00e0 quelle fr\u00e9quence ce suivi doit \u00eatre fait.<\/p>\t\t\t\t\t\t\t\t<\/div>\n\t\t\t\t<\/div>\n\t\t\t\t<div class=\"elementor-element elementor-element-d8bc20d elementor-widget elementor-widget-heading\" data-id=\"d8bc20d\" data-element_type=\"widget\" data-widget_type=\"heading.default\">\n\t\t\t\t<div class=\"elementor-widget-container\">\n\t\t\t\t\t<h3 class=\"elementor-heading-title elementor-size-default\">Liste de v\u00e9rification des renseignements \u00e0 prendre<\/h3>\t\t\t\t<\/div>\n\t\t\t\t<\/div>\n\t\t\t\t<div class=\"elementor-element elementor-element-b812a17 elementor-widget elementor-widget-text-editor\" data-id=\"b812a17\" data-element_type=\"widget\" data-widget_type=\"text-editor.default\">\n\t\t\t\t<div class=\"elementor-widget-container\">\n\t\t\t\t\t\t\t\t\t<p>Dressez la liste de tous vos sympt\u00f4mes. \u00c9crivez les dates approximatives auxquelles ces sympt\u00f4mes sont apparus. Notez les tendances ou les \u00e9l\u00e9ments d\u00e9clencheurs que vous avez remarqu\u00e9s.<\/p><p>Dressez la liste des m\u00e9dicaments que vous prenez. Incluez tous les m\u00e9dicaments sur ordonnance et en vente libre, les rem\u00e8des \u00e0 base de plantes m\u00e9dicinales et les compl\u00e9ments alimentaires.<\/p><p>Dressez la liste des probl\u00e8mes m\u00e9dicaux dont vous souffrez. Notez toutes les maladies chroniques (p. ex. diab\u00e8te, hypertension ou maladie diagnostiqu\u00e9e r\u00e9cemment).<\/p><p>Indiquez tous les changements majeurs survenus dans votre vie derni\u00e8rement. N&rsquo;oubliez pas les \u00e9v\u00e9nements positifs (p. ex. votre mariage ou une promotion).<\/p><p>Notez les ant\u00e9c\u00e9dents m\u00e9dicaux de votre famille. Mentionnez tous les membres de votre famille qui ont souffert de d\u00e9pression ou de toute autre maladie mentale, ainsi que les ant\u00e9c\u00e9dents familiaux en mati\u00e8re de suicide, d&rsquo;alcoolisme, de toxicomanie ou de comportement excentrique.<\/p><p>Dressez la liste des traitements que vous avez suivis auparavant, s&rsquo;il y a lieu. Incluez les traitements parall\u00e8les, notamment l&rsquo;acupuncture ou la m\u00e9ditation.<\/p><p>En plus des renseignements que vous avez fournis ci-dessus, veuillez remplir et <a href=\"https:\/\/depressionhurts.ca\/fr\/checklist\/\">imprimer cette liste de contr\u00f4le des sympt\u00f4mes<\/a> et l&rsquo;apporter \u00e0 votre m\u00e9decin \u00e0 chaque visite. Vous lui permettrez ainsi de suivre les progr\u00e8s de votre parcours vers l\u2019am\u00e9lioration.<\/p>\t\t\t\t\t\t\t\t<\/div>\n\t\t\t\t<\/div>\n\t\t\t\t\t<\/div>\n\t\t<\/div>\n\t\t\t\t\t<\/div>\n\t\t<\/section>\n\t\t\t\t<section class=\"elementor-section elementor-top-section elementor-element elementor-element-f3c599d elementor-section-boxed elementor-section-height-default elementor-section-height-default\" data-id=\"f3c599d\" data-element_type=\"section\">\n\t\t\t\t\t\t<div class=\"elementor-container elementor-column-gap-default\">\n\t\t\t\t\t\t<\/div>\n\t\t<\/section>\n\t\t\t\t<\/div>\n\t\t","protected":false},"excerpt":{"rendered":"<p>Si vous pensez que vous \u00e9prouvez des sympt\u00f4mes de la d\u00e9pression ou que votre traitement actuel ne les prend pas en charge, vous devez consulter votre m\u00e9decin. Lorsque vous prenez un rendez-vous pour une consultation m\u00e9dicale, informez votre m\u00e9decin que vous aurez peut-\u00eatre besoin de plus de temps pour parler de vos sympt\u00f4mes. Questions \u00e0 [&hellip;]<\/p>\n","protected":false},"author":3,"featured_media":0,"parent":1496,"menu_order":0,"comment_status":"closed","ping_status":"closed","template":"page-internal.php","meta":{"_acf_changed":false,"footnotes":""},"class_list":["post-1513","page","type-page","status-publish","hentry","entry"],"acf":[],"yoast_head":"<!-- This site is optimized with the Yoast SEO plugin v26.9 - https:\/\/yoast.com\/product\/yoast-seo-wordpress\/ -->\n<title>Guide de discussion avec le m\u00e9decin - DepressionHurts.ca<\/title>\n<meta name=\"robots\" content=\"index, follow, max-snippet:-1, max-image-preview:large, max-video-preview:-1\" \/>\n<link rel=\"canonical\" href=\"https:\/\/depressionhurts.ca\/fr\/improvement\/discussion-guide\/\" \/>\n<meta property=\"og:locale\" content=\"fr_FR\" \/>\n<meta property=\"og:type\" content=\"article\" \/>\n<meta property=\"og:title\" content=\"Guide de discussion avec le m\u00e9decin - DepressionHurts.ca\" \/>\n<meta property=\"og:description\" content=\"Si vous pensez que vous \u00e9prouvez des sympt\u00f4mes de la d\u00e9pression ou que votre traitement actuel ne les prend pas en charge, vous devez consulter votre m\u00e9decin. Lorsque vous prenez un rendez-vous pour une consultation m\u00e9dicale, informez votre m\u00e9decin que vous aurez peut-\u00eatre besoin de plus de temps pour parler de vos sympt\u00f4mes. Questions \u00e0 [&hellip;]\" \/>\n<meta property=\"og:url\" content=\"https:\/\/depressionhurts.ca\/fr\/improvement\/discussion-guide\/\" \/>\n<meta property=\"og:site_name\" content=\"DepressionHurts.ca\" \/>\n<meta property=\"article:modified_time\" content=\"2021-01-16T13:14:18+00:00\" \/>\n<meta name=\"twitter:card\" content=\"summary_large_image\" \/>\n<meta name=\"twitter:label1\" content=\"Dur\u00e9e de lecture estim\u00e9e\" \/>\n\t<meta name=\"twitter:data1\" content=\"4 minutes\" \/>\n<script type=\"application\/ld+json\" class=\"yoast-schema-graph\">{\"@context\":\"https:\/\/schema.org\",\"@graph\":[{\"@type\":\"WebPage\",\"@id\":\"https:\/\/depressionhurts.ca\/fr\/improvement\/discussion-guide\/\",\"url\":\"https:\/\/depressionhurts.ca\/fr\/improvement\/discussion-guide\/\",\"name\":\"Guide de discussion avec le m\u00e9decin - DepressionHurts.ca\",\"isPartOf\":{\"@id\":\"https:\/\/depressionhurts.ca\/fr\/#website\"},\"datePublished\":\"2021-01-13T15:05:01+00:00\",\"dateModified\":\"2021-01-16T13:14:18+00:00\",\"breadcrumb\":{\"@id\":\"https:\/\/depressionhurts.ca\/fr\/improvement\/discussion-guide\/#breadcrumb\"},\"inLanguage\":\"fr-FR\",\"potentialAction\":[{\"@type\":\"ReadAction\",\"target\":[\"https:\/\/depressionhurts.ca\/fr\/improvement\/discussion-guide\/\"]}]},{\"@type\":\"BreadcrumbList\",\"@id\":\"https:\/\/depressionhurts.ca\/fr\/improvement\/discussion-guide\/#breadcrumb\",\"itemListElement\":[{\"@type\":\"ListItem\",\"position\":1,\"name\":\"Home\",\"item\":\"https:\/\/depressionhurts.ca\/fr\/\"},{\"@type\":\"ListItem\",\"position\":2,\"name\":\"Parcours vers l&rsquo;am\u00e9lioration\",\"item\":\"https:\/\/depressionhurts.ca\/fr\/improvement\/\"},{\"@type\":\"ListItem\",\"position\":3,\"name\":\"Guide de discussion avec le m\u00e9decin\"}]},{\"@type\":\"WebSite\",\"@id\":\"https:\/\/depressionhurts.ca\/fr\/#website\",\"url\":\"https:\/\/depressionhurts.ca\/fr\/\",\"name\":\"DepressionHurts.ca\",\"description\":\"\",\"publisher\":{\"@id\":\"https:\/\/depressionhurts.ca\/fr\/#organization\"},\"potentialAction\":[{\"@type\":\"SearchAction\",\"target\":{\"@type\":\"EntryPoint\",\"urlTemplate\":\"https:\/\/depressionhurts.ca\/fr\/?s={search_term_string}\"},\"query-input\":{\"@type\":\"PropertyValueSpecification\",\"valueRequired\":true,\"valueName\":\"search_term_string\"}}],\"inLanguage\":\"fr-FR\"},{\"@type\":\"Organization\",\"@id\":\"https:\/\/depressionhurts.ca\/fr\/#organization\",\"name\":\"DepressionHurts.ca\",\"url\":\"https:\/\/depressionhurts.ca\/fr\/\",\"logo\":{\"@type\":\"ImageObject\",\"inLanguage\":\"fr-FR\",\"@id\":\"https:\/\/depressionhurts.ca\/fr\/#\/schema\/logo\/image\/\",\"url\":\"https:\/\/secureservercdn.net\/166.62.108.229\/g2y.e38.myftpupload.com\/wp-content\/uploads\/2021\/01\/logo-dark.png?time=1620301712\",\"contentUrl\":\"https:\/\/secureservercdn.net\/166.62.108.229\/g2y.e38.myftpupload.com\/wp-content\/uploads\/2021\/01\/logo-dark.png?time=1620301712\",\"width\":310,\"height\":120,\"caption\":\"DepressionHurts.ca\"},\"image\":{\"@id\":\"https:\/\/depressionhurts.ca\/fr\/#\/schema\/logo\/image\/\"}}]}<\/script>\n<!-- \/ Yoast SEO plugin. -->","yoast_head_json":{"title":"Guide de discussion avec le m\u00e9decin - DepressionHurts.ca","robots":{"index":"index","follow":"follow","max-snippet":"max-snippet:-1","max-image-preview":"max-image-preview:large","max-video-preview":"max-video-preview:-1"},"canonical":"https:\/\/depressionhurts.ca\/fr\/improvement\/discussion-guide\/","og_locale":"fr_FR","og_type":"article","og_title":"Guide de discussion avec le m\u00e9decin - DepressionHurts.ca","og_description":"Si vous pensez que vous \u00e9prouvez des sympt\u00f4mes de la d\u00e9pression ou que votre traitement actuel ne les prend pas en charge, vous devez consulter votre m\u00e9decin. Lorsque vous prenez un rendez-vous pour une consultation m\u00e9dicale, informez votre m\u00e9decin que vous aurez peut-\u00eatre besoin de plus de temps pour parler de vos sympt\u00f4mes. Questions \u00e0 [&hellip;]","og_url":"https:\/\/depressionhurts.ca\/fr\/improvement\/discussion-guide\/","og_site_name":"DepressionHurts.ca","article_modified_time":"2021-01-16T13:14:18+00:00","twitter_card":"summary_large_image","twitter_misc":{"Dur\u00e9e de lecture estim\u00e9e":"4 minutes"},"schema":{"@context":"https:\/\/schema.org","@graph":[{"@type":"WebPage","@id":"https:\/\/depressionhurts.ca\/fr\/improvement\/discussion-guide\/","url":"https:\/\/depressionhurts.ca\/fr\/improvement\/discussion-guide\/","name":"Guide de discussion avec le m\u00e9decin - DepressionHurts.ca","isPartOf":{"@id":"https:\/\/depressionhurts.ca\/fr\/#website"},"datePublished":"2021-01-13T15:05:01+00:00","dateModified":"2021-01-16T13:14:18+00:00","breadcrumb":{"@id":"https:\/\/depressionhurts.ca\/fr\/improvement\/discussion-guide\/#breadcrumb"},"inLanguage":"fr-FR","potentialAction":[{"@type":"ReadAction","target":["https:\/\/depressionhurts.ca\/fr\/improvement\/discussion-guide\/"]}]},{"@type":"BreadcrumbList","@id":"https:\/\/depressionhurts.ca\/fr\/improvement\/discussion-guide\/#breadcrumb","itemListElement":[{"@type":"ListItem","position":1,"name":"Home","item":"https:\/\/depressionhurts.ca\/fr\/"},{"@type":"ListItem","position":2,"name":"Parcours vers l&rsquo;am\u00e9lioration","item":"https:\/\/depressionhurts.ca\/fr\/improvement\/"},{"@type":"ListItem","position":3,"name":"Guide de discussion avec le m\u00e9decin"}]},{"@type":"WebSite","@id":"https:\/\/depressionhurts.ca\/fr\/#website","url":"https:\/\/depressionhurts.ca\/fr\/","name":"DepressionHurts.ca","description":"","publisher":{"@id":"https:\/\/depressionhurts.ca\/fr\/#organization"},"potentialAction":[{"@type":"SearchAction","target":{"@type":"EntryPoint","urlTemplate":"https:\/\/depressionhurts.ca\/fr\/?s={search_term_string}"},"query-input":{"@type":"PropertyValueSpecification","valueRequired":true,"valueName":"search_term_string"}}],"inLanguage":"fr-FR"},{"@type":"Organization","@id":"https:\/\/depressionhurts.ca\/fr\/#organization","name":"DepressionHurts.ca","url":"https:\/\/depressionhurts.ca\/fr\/","logo":{"@type":"ImageObject","inLanguage":"fr-FR","@id":"https:\/\/depressionhurts.ca\/fr\/#\/schema\/logo\/image\/","url":"https:\/\/secureservercdn.net\/166.62.108.229\/g2y.e38.myftpupload.com\/wp-content\/uploads\/2021\/01\/logo-dark.png?time=1620301712","contentUrl":"https:\/\/secureservercdn.net\/166.62.108.229\/g2y.e38.myftpupload.com\/wp-content\/uploads\/2021\/01\/logo-dark.png?time=1620301712","width":310,"height":120,"caption":"DepressionHurts.ca"},"image":{"@id":"https:\/\/depressionhurts.ca\/fr\/#\/schema\/logo\/image\/"}}]}},"_links":{"self":[{"href":"https:\/\/depressionhurts.ca\/fr\/wp-json\/wp\/v2\/pages\/1513","targetHints":{"allow":["GET"]}}],"collection":[{"href":"https:\/\/depressionhurts.ca\/fr\/wp-json\/wp\/v2\/pages"}],"about":[{"href":"https:\/\/depressionhurts.ca\/fr\/wp-json\/wp\/v2\/types\/page"}],"author":[{"embeddable":true,"href":"https:\/\/depressionhurts.ca\/fr\/wp-json\/wp\/v2\/users\/3"}],"replies":[{"embeddable":true,"href":"https:\/\/depressionhurts.ca\/fr\/wp-json\/wp\/v2\/comments?post=1513"}],"version-history":[{"count":7,"href":"https:\/\/depressionhurts.ca\/fr\/wp-json\/wp\/v2\/pages\/1513\/revisions"}],"predecessor-version":[{"id":1520,"href":"https:\/\/depressionhurts.ca\/fr\/wp-json\/wp\/v2\/pages\/1513\/revisions\/1520"}],"up":[{"embeddable":true,"href":"https:\/\/depressionhurts.ca\/fr\/wp-json\/wp\/v2\/pages\/1496"}],"wp:attachment":[{"href":"https:\/\/depressionhurts.ca\/fr\/wp-json\/wp\/v2\/media?parent=1513"}],"curies":[{"name":"wp","href":"https:\/\/api.w.org\/{rel}","templated":true}]}}