{"id":1522,"date":"2021-01-13T14:07:00","date_gmt":"2021-01-13T14:07:00","guid":{"rendered":"https:\/\/depressionhurts.ca\/improvement\/seeing-a-specialist\/"},"modified":"2021-01-16T13:16:04","modified_gmt":"2021-01-16T13:16:04","slug":"seeing-a-specialist","status":"publish","type":"page","link":"https:\/\/depressionhurts.ca\/fr\/improvement\/seeing-a-specialist\/","title":{"rendered":"Consulter un sp\u00e9cialiste"},"content":{"rendered":"\t\t<div data-elementor-type=\"wp-page\" data-elementor-id=\"1522\" class=\"elementor elementor-1522\">\n\t\t\t\t\t\t<section class=\"elementor-section elementor-top-section elementor-element elementor-element-b572bb6 elementor-section-boxed elementor-section-height-default elementor-section-height-default\" data-id=\"b572bb6\" data-element_type=\"section\">\n\t\t\t\t\t\t<div class=\"elementor-container elementor-column-gap-default\">\n\t\t\t\t\t<div class=\"elementor-column elementor-col-100 elementor-top-column elementor-element elementor-element-10592d2\" data-id=\"10592d2\" data-element_type=\"column\">\n\t\t\t<div class=\"elementor-widget-wrap elementor-element-populated\">\n\t\t\t\t\t\t<div class=\"elementor-element elementor-element-50b2149 elementor-widget elementor-widget-text-editor\" data-id=\"50b2149\" data-element_type=\"widget\" data-widget_type=\"text-editor.default\">\n\t\t\t\t<div class=\"elementor-widget-container\">\n\t\t\t\t\t\t\t\t\t<p>Si vous pensez que vous souffrez de sympt\u00f4mes qui semblent \u00eatre li\u00e9s \u00e0 la d\u00e9pression, consultez votre m\u00e9decin de famille, qui peut prendre en charge la situation ou vous diriger vers un sp\u00e9cialiste.<\/p>\t\t\t\t\t\t\t\t<\/div>\n\t\t\t\t<\/div>\n\t\t\t\t<div class=\"elementor-element elementor-element-9be11b9 elementor-widget elementor-widget-heading\" data-id=\"9be11b9\" data-element_type=\"widget\" data-widget_type=\"heading.default\">\n\t\t\t\t<div class=\"elementor-widget-container\">\n\t\t\t\t\t<h2 class=\"elementor-heading-title elementor-size-default\">Dois-je consulter un psychiatre?<\/h2>\t\t\t\t<\/div>\n\t\t\t\t<\/div>\n\t\t\t\t<div class=\"elementor-element elementor-element-4132efa elementor-widget elementor-widget-text-editor\" data-id=\"4132efa\" data-element_type=\"widget\" data-widget_type=\"text-editor.default\">\n\t\t\t\t<div class=\"elementor-widget-container\">\n\t\t\t\t\t\t\t\t\t<p>Dans certains cas, un m\u00e9decin de famille peut demander de l&rsquo;aide pour prendre en charge les sympt\u00f4mes particuliers d&rsquo;un patient en le dirigeant vers un psychiatre. Un psychiatre est un m\u00e9decin qui a re\u00e7u une formation suppl\u00e9mentaire dans le domaine de la sant\u00e9 mentale et des maladies mentales. Le psychiatre \u00e9valuera l&rsquo;\u00e9tat mental d&rsquo;un patient ainsi que toute affection physique associ\u00e9e ou sous-jacente. Un psychiatre peut prescrire des m\u00e9dicaments pour traiter une maladie mentale.<sup>15<\/sup><\/p>\t\t\t\t\t\t\t\t<\/div>\n\t\t\t\t<\/div>\n\t\t\t\t\t<\/div>\n\t\t<\/div>\n\t\t\t\t\t<\/div>\n\t\t<\/section>\n\t\t\t\t<section class=\"elementor-section elementor-top-section elementor-element elementor-element-f3c599d elementor-section-boxed elementor-section-height-default elementor-section-height-default\" data-id=\"f3c599d\" data-element_type=\"section\">\n\t\t\t\t\t\t<div class=\"elementor-container elementor-column-gap-default\">\n\t\t\t\t\t\t<\/div>\n\t\t<\/section>\n\t\t\t\t<\/div>\n\t\t","protected":false},"excerpt":{"rendered":"<p>Si vous pensez que vous souffrez de sympt\u00f4mes qui semblent \u00eatre li\u00e9s \u00e0 la d\u00e9pression, consultez votre m\u00e9decin de famille, qui peut prendre en charge la situation ou vous diriger vers un sp\u00e9cialiste. Dois-je consulter un psychiatre? Dans certains cas, un m\u00e9decin de famille peut demander de l&rsquo;aide pour prendre en charge les sympt\u00f4mes particuliers [&hellip;]<\/p>\n","protected":false},"author":3,"featured_media":0,"parent":1496,"menu_order":0,"comment_status":"closed","ping_status":"closed","template":"page-internal.php","meta":{"_acf_changed":false,"footnotes":""},"class_list":["post-1522","page","type-page","status-publish","hentry","entry"],"acf":[],"yoast_head":"<!-- This site is optimized with the Yoast SEO plugin v26.9 - https:\/\/yoast.com\/product\/yoast-seo-wordpress\/ -->\n<title>Consulter un sp\u00e9cialiste - DepressionHurts.ca<\/title>\n<meta name=\"robots\" content=\"index, follow, max-snippet:-1, max-image-preview:large, max-video-preview:-1\" \/>\n<link rel=\"canonical\" href=\"https:\/\/depressionhurts.ca\/fr\/improvement\/seeing-a-specialist\/\" \/>\n<meta property=\"og:locale\" content=\"fr_FR\" \/>\n<meta property=\"og:type\" content=\"article\" \/>\n<meta property=\"og:title\" content=\"Consulter un sp\u00e9cialiste - DepressionHurts.ca\" \/>\n<meta property=\"og:description\" content=\"Si vous pensez que vous souffrez de sympt\u00f4mes qui semblent \u00eatre li\u00e9s \u00e0 la d\u00e9pression, consultez votre m\u00e9decin de famille, qui peut prendre en charge la situation ou vous diriger vers un sp\u00e9cialiste. Dois-je consulter un psychiatre? Dans certains cas, un m\u00e9decin de famille peut demander de l&rsquo;aide pour prendre en charge les sympt\u00f4mes particuliers [&hellip;]\" \/>\n<meta property=\"og:url\" content=\"https:\/\/depressionhurts.ca\/fr\/improvement\/seeing-a-specialist\/\" \/>\n<meta property=\"og:site_name\" content=\"DepressionHurts.ca\" \/>\n<meta property=\"article:modified_time\" content=\"2021-01-16T13:16:04+00:00\" \/>\n<meta name=\"twitter:card\" content=\"summary_large_image\" \/>\n<meta name=\"twitter:label1\" content=\"Dur\u00e9e de lecture estim\u00e9e\" \/>\n\t<meta name=\"twitter:data1\" content=\"1 minute\" \/>\n<script type=\"application\/ld+json\" class=\"yoast-schema-graph\">{\"@context\":\"https:\/\/schema.org\",\"@graph\":[{\"@type\":\"WebPage\",\"@id\":\"https:\/\/depressionhurts.ca\/fr\/improvement\/seeing-a-specialist\/\",\"url\":\"https:\/\/depressionhurts.ca\/fr\/improvement\/seeing-a-specialist\/\",\"name\":\"Consulter un sp\u00e9cialiste - DepressionHurts.ca\",\"isPartOf\":{\"@id\":\"https:\/\/depressionhurts.ca\/fr\/#website\"},\"datePublished\":\"2021-01-13T14:07:00+00:00\",\"dateModified\":\"2021-01-16T13:16:04+00:00\",\"breadcrumb\":{\"@id\":\"https:\/\/depressionhurts.ca\/fr\/improvement\/seeing-a-specialist\/#breadcrumb\"},\"inLanguage\":\"fr-FR\",\"potentialAction\":[{\"@type\":\"ReadAction\",\"target\":[\"https:\/\/depressionhurts.ca\/fr\/improvement\/seeing-a-specialist\/\"]}]},{\"@type\":\"BreadcrumbList\",\"@id\":\"https:\/\/depressionhurts.ca\/fr\/improvement\/seeing-a-specialist\/#breadcrumb\",\"itemListElement\":[{\"@type\":\"ListItem\",\"position\":1,\"name\":\"Home\",\"item\":\"https:\/\/depressionhurts.ca\/fr\/\"},{\"@type\":\"ListItem\",\"position\":2,\"name\":\"Parcours vers l&rsquo;am\u00e9lioration\",\"item\":\"https:\/\/depressionhurts.ca\/fr\/improvement\/\"},{\"@type\":\"ListItem\",\"position\":3,\"name\":\"Consulter un sp\u00e9cialiste\"}]},{\"@type\":\"WebSite\",\"@id\":\"https:\/\/depressionhurts.ca\/fr\/#website\",\"url\":\"https:\/\/depressionhurts.ca\/fr\/\",\"name\":\"DepressionHurts.ca\",\"description\":\"\",\"publisher\":{\"@id\":\"https:\/\/depressionhurts.ca\/fr\/#organization\"},\"potentialAction\":[{\"@type\":\"SearchAction\",\"target\":{\"@type\":\"EntryPoint\",\"urlTemplate\":\"https:\/\/depressionhurts.ca\/fr\/?s={search_term_string}\"},\"query-input\":{\"@type\":\"PropertyValueSpecification\",\"valueRequired\":true,\"valueName\":\"search_term_string\"}}],\"inLanguage\":\"fr-FR\"},{\"@type\":\"Organization\",\"@id\":\"https:\/\/depressionhurts.ca\/fr\/#organization\",\"name\":\"DepressionHurts.ca\",\"url\":\"https:\/\/depressionhurts.ca\/fr\/\",\"logo\":{\"@type\":\"ImageObject\",\"inLanguage\":\"fr-FR\",\"@id\":\"https:\/\/depressionhurts.ca\/fr\/#\/schema\/logo\/image\/\",\"url\":\"https:\/\/secureservercdn.net\/166.62.108.229\/g2y.e38.myftpupload.com\/wp-content\/uploads\/2021\/01\/logo-dark.png?time=1620301712\",\"contentUrl\":\"https:\/\/secureservercdn.net\/166.62.108.229\/g2y.e38.myftpupload.com\/wp-content\/uploads\/2021\/01\/logo-dark.png?time=1620301712\",\"width\":310,\"height\":120,\"caption\":\"DepressionHurts.ca\"},\"image\":{\"@id\":\"https:\/\/depressionhurts.ca\/fr\/#\/schema\/logo\/image\/\"}}]}<\/script>\n<!-- \/ Yoast SEO plugin. -->","yoast_head_json":{"title":"Consulter un sp\u00e9cialiste - DepressionHurts.ca","robots":{"index":"index","follow":"follow","max-snippet":"max-snippet:-1","max-image-preview":"max-image-preview:large","max-video-preview":"max-video-preview:-1"},"canonical":"https:\/\/depressionhurts.ca\/fr\/improvement\/seeing-a-specialist\/","og_locale":"fr_FR","og_type":"article","og_title":"Consulter un sp\u00e9cialiste - DepressionHurts.ca","og_description":"Si vous pensez que vous souffrez de sympt\u00f4mes qui semblent \u00eatre li\u00e9s \u00e0 la d\u00e9pression, consultez votre m\u00e9decin de famille, qui peut prendre en charge la situation ou vous diriger vers un sp\u00e9cialiste. Dois-je consulter un psychiatre? Dans certains cas, un m\u00e9decin de famille peut demander de l&rsquo;aide pour prendre en charge les sympt\u00f4mes particuliers [&hellip;]","og_url":"https:\/\/depressionhurts.ca\/fr\/improvement\/seeing-a-specialist\/","og_site_name":"DepressionHurts.ca","article_modified_time":"2021-01-16T13:16:04+00:00","twitter_card":"summary_large_image","twitter_misc":{"Dur\u00e9e de lecture estim\u00e9e":"1 minute"},"schema":{"@context":"https:\/\/schema.org","@graph":[{"@type":"WebPage","@id":"https:\/\/depressionhurts.ca\/fr\/improvement\/seeing-a-specialist\/","url":"https:\/\/depressionhurts.ca\/fr\/improvement\/seeing-a-specialist\/","name":"Consulter un sp\u00e9cialiste - DepressionHurts.ca","isPartOf":{"@id":"https:\/\/depressionhurts.ca\/fr\/#website"},"datePublished":"2021-01-13T14:07:00+00:00","dateModified":"2021-01-16T13:16:04+00:00","breadcrumb":{"@id":"https:\/\/depressionhurts.ca\/fr\/improvement\/seeing-a-specialist\/#breadcrumb"},"inLanguage":"fr-FR","potentialAction":[{"@type":"ReadAction","target":["https:\/\/depressionhurts.ca\/fr\/improvement\/seeing-a-specialist\/"]}]},{"@type":"BreadcrumbList","@id":"https:\/\/depressionhurts.ca\/fr\/improvement\/seeing-a-specialist\/#breadcrumb","itemListElement":[{"@type":"ListItem","position":1,"name":"Home","item":"https:\/\/depressionhurts.ca\/fr\/"},{"@type":"ListItem","position":2,"name":"Parcours vers l&rsquo;am\u00e9lioration","item":"https:\/\/depressionhurts.ca\/fr\/improvement\/"},{"@type":"ListItem","position":3,"name":"Consulter un sp\u00e9cialiste"}]},{"@type":"WebSite","@id":"https:\/\/depressionhurts.ca\/fr\/#website","url":"https:\/\/depressionhurts.ca\/fr\/","name":"DepressionHurts.ca","description":"","publisher":{"@id":"https:\/\/depressionhurts.ca\/fr\/#organization"},"potentialAction":[{"@type":"SearchAction","target":{"@type":"EntryPoint","urlTemplate":"https:\/\/depressionhurts.ca\/fr\/?s={search_term_string}"},"query-input":{"@type":"PropertyValueSpecification","valueRequired":true,"valueName":"search_term_string"}}],"inLanguage":"fr-FR"},{"@type":"Organization","@id":"https:\/\/depressionhurts.ca\/fr\/#organization","name":"DepressionHurts.ca","url":"https:\/\/depressionhurts.ca\/fr\/","logo":{"@type":"ImageObject","inLanguage":"fr-FR","@id":"https:\/\/depressionhurts.ca\/fr\/#\/schema\/logo\/image\/","url":"https:\/\/secureservercdn.net\/166.62.108.229\/g2y.e38.myftpupload.com\/wp-content\/uploads\/2021\/01\/logo-dark.png?time=1620301712","contentUrl":"https:\/\/secureservercdn.net\/166.62.108.229\/g2y.e38.myftpupload.com\/wp-content\/uploads\/2021\/01\/logo-dark.png?time=1620301712","width":310,"height":120,"caption":"DepressionHurts.ca"},"image":{"@id":"https:\/\/depressionhurts.ca\/fr\/#\/schema\/logo\/image\/"}}]}},"_links":{"self":[{"href":"https:\/\/depressionhurts.ca\/fr\/wp-json\/wp\/v2\/pages\/1522","targetHints":{"allow":["GET"]}}],"collection":[{"href":"https:\/\/depressionhurts.ca\/fr\/wp-json\/wp\/v2\/pages"}],"about":[{"href":"https:\/\/depressionhurts.ca\/fr\/wp-json\/wp\/v2\/types\/page"}],"author":[{"embeddable":true,"href":"https:\/\/depressionhurts.ca\/fr\/wp-json\/wp\/v2\/users\/3"}],"replies":[{"embeddable":true,"href":"https:\/\/depressionhurts.ca\/fr\/wp-json\/wp\/v2\/comments?post=1522"}],"version-history":[{"count":4,"href":"https:\/\/depressionhurts.ca\/fr\/wp-json\/wp\/v2\/pages\/1522\/revisions"}],"predecessor-version":[{"id":1526,"href":"https:\/\/depressionhurts.ca\/fr\/wp-json\/wp\/v2\/pages\/1522\/revisions\/1526"}],"up":[{"embeddable":true,"href":"https:\/\/depressionhurts.ca\/fr\/wp-json\/wp\/v2\/pages\/1496"}],"wp:attachment":[{"href":"https:\/\/depressionhurts.ca\/fr\/wp-json\/wp\/v2\/media?parent=1522"}],"curies":[{"name":"wp","href":"https:\/\/api.w.org\/{rel}","templated":true}]}}