{"id":1556,"date":"2021-01-13T14:44:01","date_gmt":"2021-01-13T14:44:01","guid":{"rendered":"https:\/\/depressionhurts.ca\/information\/questions-about-treatment\/"},"modified":"2021-01-17T11:44:40","modified_gmt":"2021-01-17T11:44:40","slug":"questions-about-treatment","status":"publish","type":"page","link":"https:\/\/depressionhurts.ca\/fr\/information\/questions-about-treatment\/","title":{"rendered":"Questions au sujet du traitement"},"content":{"rendered":"\t\t<div data-elementor-type=\"wp-page\" data-elementor-id=\"1556\" class=\"elementor elementor-1556\">\n\t\t\t\t\t\t<section class=\"elementor-section elementor-top-section elementor-element elementor-element-6d2f03e elementor-section-boxed elementor-section-height-default elementor-section-height-default\" data-id=\"6d2f03e\" data-element_type=\"section\">\n\t\t\t\t\t\t<div class=\"elementor-container elementor-column-gap-default\">\n\t\t\t\t\t<div class=\"elementor-column elementor-col-66 elementor-top-column elementor-element elementor-element-87b43c8\" data-id=\"87b43c8\" data-element_type=\"column\">\n\t\t\t<div class=\"elementor-widget-wrap elementor-element-populated\">\n\t\t\t\t\t\t<div class=\"elementor-element elementor-element-100c3c6 elementor-widget elementor-widget-text-editor\" data-id=\"100c3c6\" data-element_type=\"widget\" data-widget_type=\"text-editor.default\">\n\t\t\t\t<div class=\"elementor-widget-container\">\n\t\t\t\t\t\t\t\t\t<p>L&rsquo;instauration d&rsquo;un traitement est une \u00e9tape importante pour quelqu&rsquo;un souffrant de d\u00e9pression. Que le traitement comprenne des m\u00e9dicaments, une psychoth\u00e9rapie ou les deux, toutes les personnes concern\u00e9es peuvent avoir des questions \u00e0 son sujet.<\/p>\t\t\t\t\t\t\t\t<\/div>\n\t\t\t\t<\/div>\n\t\t\t\t<div class=\"elementor-element elementor-element-2c65b6e elementor-widget elementor-widget-heading\" data-id=\"2c65b6e\" data-element_type=\"widget\" data-widget_type=\"heading.default\">\n\t\t\t\t<div class=\"elementor-widget-container\">\n\t\t\t\t\t<h2 class=\"elementor-heading-title elementor-size-default\">Quand mon ami ou le membre de ma famille commencera-t-il \u00e0 se sentir mieux?<\/h2>\t\t\t\t<\/div>\n\t\t\t\t<\/div>\n\t\t\t\t<div class=\"elementor-element elementor-element-b4f9bc6 elementor-widget elementor-widget-text-editor\" data-id=\"b4f9bc6\" data-element_type=\"widget\" data-widget_type=\"text-editor.default\">\n\t\t\t\t<div class=\"elementor-widget-container\">\n\t\t\t\t\t\t\t\t\t<p>En r\u00e8gle g\u00e9n\u00e9rale, les antid\u00e9presseurs prennent plusieurs semaines pour produire leur plein effet.<sup>22<\/sup> Dans certains cas, lorsqu&rsquo;une r\u00e9ponse ad\u00e9quate n&rsquo;a pas \u00e9t\u00e9 obtenue, la dose du premier m\u00e9dicament peut \u00eatre augment\u00e9e, un m\u00e9dicament diff\u00e9rent peut \u00eatre ajout\u00e9 ou le premier m\u00e9dicament peut \u00eatre remplac\u00e9 par un nouveau traitement.<\/p>\t\t\t\t\t\t\t\t<\/div>\n\t\t\t\t<\/div>\n\t\t\t\t<div class=\"elementor-element elementor-element-c45dd48 elementor-widget elementor-widget-heading\" data-id=\"c45dd48\" data-element_type=\"widget\" data-widget_type=\"heading.default\">\n\t\t\t\t<div class=\"elementor-widget-container\">\n\t\t\t\t\t<h2 class=\"elementor-heading-title elementor-size-default\">Le premier m\u00e9dicament prescrit aidera-t-il \u00e0 ma\u00eetriser les sympt\u00f4mes d\u00e9pressifs de mon ami ou du membre de ma famille?<\/h2>\t\t\t\t<\/div>\n\t\t\t\t<\/div>\n\t\t\t\t<div class=\"elementor-element elementor-element-0dad9ec elementor-widget elementor-widget-text-editor\" data-id=\"0dad9ec\" data-element_type=\"widget\" data-widget_type=\"text-editor.default\">\n\t\t\t\t<div class=\"elementor-widget-container\">\n\t\t\t\t\t\t\t\t\t<p>Parfois, le premier traitement recommand\u00e9 par le m\u00e9decin s&rsquo;av\u00e8re efficace, mais ce n&rsquo;est pas toujours le cas et le m\u00e9decin doit alors modifier le traitement.<sup>9<\/sup> L&rsquo;objectif est de trouver le m\u00e9dicament qui convient le mieux \u00e0 la personne souffrant de d\u00e9pression pour traiter tous ses sympt\u00f4mes.<\/p>\t\t\t\t\t\t\t\t<\/div>\n\t\t\t\t<\/div>\n\t\t\t\t\t<\/div>\n\t\t<\/div>\n\t\t\t\t<div class=\"elementor-column elementor-col-33 elementor-top-column elementor-element elementor-element-47306fd\" data-id=\"47306fd\" data-element_type=\"column\">\n\t\t\t<div class=\"elementor-widget-wrap elementor-element-populated\">\n\t\t\t\t\t\t<div class=\"elementor-element elementor-element-9023b36 elementor-widget elementor-widget-image\" data-id=\"9023b36\" data-element_type=\"widget\" data-widget_type=\"image.default\">\n\t\t\t\t<div class=\"elementor-widget-container\">\n\t\t\t\t\t\t\t\t\t\t\t\t\t\t\t<img fetchpriority=\"high\" decoding=\"async\" width=\"360\" height=\"500\" src=\"https:\/\/depressionhurts.ca\/wp-content\/uploads\/2021\/01\/questions-about-treatment.jpg\" class=\"attachment-large size-large wp-image-1844\" alt=\"\" srcset=\"https:\/\/depressionhurts.ca\/wp-content\/uploads\/2021\/01\/questions-about-treatment.jpg 360w, https:\/\/depressionhurts.ca\/wp-content\/uploads\/2021\/01\/questions-about-treatment-216x300.jpg 216w\" sizes=\"(max-width: 360px) 100vw, 360px\" \/>\t\t\t\t\t\t\t\t\t\t\t\t\t\t\t<\/div>\n\t\t\t\t<\/div>\n\t\t\t\t\t<\/div>\n\t\t<\/div>\n\t\t\t\t\t<\/div>\n\t\t<\/section>\n\t\t\t\t<section class=\"elementor-section elementor-top-section elementor-element elementor-element-8a5faea elementor-section-boxed elementor-section-height-default elementor-section-height-default\" data-id=\"8a5faea\" data-element_type=\"section\">\n\t\t\t\t\t\t<div class=\"elementor-container elementor-column-gap-default\">\n\t\t\t\t\t<div class=\"elementor-column elementor-col-100 elementor-top-column elementor-element elementor-element-9be1846\" data-id=\"9be1846\" data-element_type=\"column\">\n\t\t\t<div class=\"elementor-widget-wrap elementor-element-populated\">\n\t\t\t\t\t\t<div class=\"elementor-element elementor-element-9b1f99a elementor-widget elementor-widget-heading\" data-id=\"9b1f99a\" data-element_type=\"widget\" data-widget_type=\"heading.default\">\n\t\t\t\t<div class=\"elementor-widget-container\">\n\t\t\t\t\t<h2 class=\"elementor-heading-title elementor-size-default\">Combien de temps mon ami ou le membre de ma famille devra-t-il prendre les m\u00e9dicaments?<\/h2>\t\t\t\t<\/div>\n\t\t\t\t<\/div>\n\t\t\t\t<div class=\"elementor-element elementor-element-b153427 elementor-widget elementor-widget-text-editor\" data-id=\"b153427\" data-element_type=\"widget\" data-widget_type=\"text-editor.default\">\n\t\t\t\t<div class=\"elementor-widget-container\">\n\t\t\t\t\t\t\t\t\tLa plupart des personnes souffrant de d\u00e9pression doivent \u00eatre trait\u00e9es pendant au moins six \u00e0 neuf mois pour \u00e9viter les rechutes et pendant plus de douze mois dans le cas d&rsquo;un \u00e9pisode r\u00e9current.<sup>9<\/sup>\t\t\t\t\t\t\t\t<\/div>\n\t\t\t\t<\/div>\n\t\t\t\t\t<\/div>\n\t\t<\/div>\n\t\t\t\t\t<\/div>\n\t\t<\/section>\n\t\t\t\t<section class=\"elementor-section elementor-top-section elementor-element elementor-element-9e667c5 elementor-section-boxed elementor-section-height-default elementor-section-height-default\" data-id=\"9e667c5\" data-element_type=\"section\">\n\t\t\t\t\t\t<div class=\"elementor-container elementor-column-gap-default\">\n\t\t\t\t\t<div class=\"elementor-column elementor-col-100 elementor-top-column elementor-element elementor-element-1edb8a5\" data-id=\"1edb8a5\" data-element_type=\"column\">\n\t\t\t<div class=\"elementor-widget-wrap elementor-element-populated\">\n\t\t\t\t\t\t<div class=\"elementor-element elementor-element-a9c1340 elementor-widget elementor-widget-heading\" data-id=\"a9c1340\" data-element_type=\"widget\" data-widget_type=\"heading.default\">\n\t\t\t\t<div class=\"elementor-widget-container\">\n\t\t\t\t\t<h2 class=\"elementor-heading-title elementor-size-default\">Mon ami ou le membre de ma famille subira-t-il des effets secondaires attribuables \u00e0 son m\u00e9dicament?<\/h2>\t\t\t\t<\/div>\n\t\t\t\t<\/div>\n\t\t\t\t<div class=\"elementor-element elementor-element-a12c86c elementor-widget elementor-widget-text-editor\" data-id=\"a12c86c\" data-element_type=\"widget\" data-widget_type=\"text-editor.default\">\n\t\t\t\t<div class=\"elementor-widget-container\">\n\t\t\t\t\t\t\t\t\t<p>Comme avec tous les m\u00e9dicaments, des effets secondaires peuvent se produire avec un traitement par antid\u00e9presseur. Une discussion sur les effets possibles du m\u00e9dicament avec le m\u00e9decin ou le pharmacien peut vous aider \u00e0 avoir une meilleure compr\u00e9hension de ce \u00e0 quoi vous devez vous attendre avant que votre ami ou le membre de votre famille ne commence le traitement. Si des effets secondaires surviennent, il est \u00e9galement important d&rsquo;en informer le m\u00e9decin ou le pharmacien. Ceux-ci peuvent vous offrir des conseils sur la fa\u00e7on de les ma\u00eetriser.<\/p>\t\t\t\t\t\t\t\t<\/div>\n\t\t\t\t<\/div>\n\t\t\t\t\t<\/div>\n\t\t<\/div>\n\t\t\t\t\t<\/div>\n\t\t<\/section>\n\t\t\t\t<section class=\"elementor-section elementor-top-section elementor-element elementor-element-6c7f69e elementor-section-boxed elementor-section-height-default elementor-section-height-default\" data-id=\"6c7f69e\" data-element_type=\"section\">\n\t\t\t\t\t\t<div class=\"elementor-container elementor-column-gap-default\">\n\t\t\t\t\t<div class=\"elementor-column elementor-col-100 elementor-top-column elementor-element elementor-element-73a6233\" data-id=\"73a6233\" data-element_type=\"column\">\n\t\t\t<div class=\"elementor-widget-wrap elementor-element-populated\">\n\t\t\t\t\t\t<div class=\"elementor-element elementor-element-d359399 elementor-widget elementor-widget-spacer\" data-id=\"d359399\" data-element_type=\"widget\" data-widget_type=\"spacer.default\">\n\t\t\t\t<div class=\"elementor-widget-container\">\n\t\t\t\t\t\t\t<div class=\"elementor-spacer\">\n\t\t\t<div class=\"elementor-spacer-inner\"><\/div>\n\t\t<\/div>\n\t\t\t\t\t\t<\/div>\n\t\t\t\t<\/div>\n\t\t\t\t\t<\/div>\n\t\t<\/div>\n\t\t\t\t\t<\/div>\n\t\t<\/section>\n\t\t\t\t<section class=\"elementor-section elementor-top-section elementor-element elementor-element-f3c599d elementor-section-boxed elementor-section-height-default elementor-section-height-default\" data-id=\"f3c599d\" data-element_type=\"section\">\n\t\t\t\t\t\t<div class=\"elementor-container elementor-column-gap-default\">\n\t\t\t\t\t\t<\/div>\n\t\t<\/section>\n\t\t\t\t<\/div>\n\t\t","protected":false},"excerpt":{"rendered":"<p>L&rsquo;instauration d&rsquo;un traitement est une \u00e9tape importante pour quelqu&rsquo;un souffrant de d\u00e9pression. Que le traitement comprenne des m\u00e9dicaments, une psychoth\u00e9rapie ou les deux, toutes les personnes concern\u00e9es peuvent avoir des questions \u00e0 son sujet. Quand mon ami ou le membre de ma famille commencera-t-il \u00e0 se sentir mieux? En r\u00e8gle g\u00e9n\u00e9rale, les antid\u00e9presseurs prennent plusieurs [&hellip;]<\/p>\n","protected":false},"author":3,"featured_media":0,"parent":1541,"menu_order":0,"comment_status":"closed","ping_status":"closed","template":"page-internal.php","meta":{"_acf_changed":false,"footnotes":""},"class_list":["post-1556","page","type-page","status-publish","hentry","entry"],"acf":[],"yoast_head":"<!-- This site is optimized with the Yoast SEO plugin v26.9 - https:\/\/yoast.com\/product\/yoast-seo-wordpress\/ -->\n<title>Questions au sujet du traitement - DepressionHurts.ca<\/title>\n<meta name=\"robots\" content=\"index, follow, max-snippet:-1, max-image-preview:large, max-video-preview:-1\" \/>\n<link rel=\"canonical\" href=\"https:\/\/depressionhurts.ca\/fr\/information\/questions-about-treatment\/\" \/>\n<meta property=\"og:locale\" content=\"fr_FR\" \/>\n<meta property=\"og:type\" content=\"article\" \/>\n<meta property=\"og:title\" content=\"Questions au sujet du traitement - DepressionHurts.ca\" \/>\n<meta property=\"og:description\" content=\"L&rsquo;instauration d&rsquo;un traitement est une \u00e9tape importante pour quelqu&rsquo;un souffrant de d\u00e9pression. Que le traitement comprenne des m\u00e9dicaments, une psychoth\u00e9rapie ou les deux, toutes les personnes concern\u00e9es peuvent avoir des questions \u00e0 son sujet. Quand mon ami ou le membre de ma famille commencera-t-il \u00e0 se sentir mieux? En r\u00e8gle g\u00e9n\u00e9rale, les antid\u00e9presseurs prennent plusieurs [&hellip;]\" \/>\n<meta property=\"og:url\" content=\"https:\/\/depressionhurts.ca\/fr\/information\/questions-about-treatment\/\" \/>\n<meta property=\"og:site_name\" content=\"DepressionHurts.ca\" \/>\n<meta property=\"article:modified_time\" content=\"2021-01-17T11:44:40+00:00\" \/>\n<meta property=\"og:image\" content=\"https:\/\/depressionhurts.ca\/wp-content\/uploads\/2021\/01\/questions-about-treatment.jpg\" \/>\n<meta name=\"twitter:card\" content=\"summary_large_image\" \/>\n<meta name=\"twitter:label1\" content=\"Dur\u00e9e de lecture estim\u00e9e\" \/>\n\t<meta name=\"twitter:data1\" content=\"2 minutes\" \/>\n<script type=\"application\/ld+json\" class=\"yoast-schema-graph\">{\"@context\":\"https:\/\/schema.org\",\"@graph\":[{\"@type\":\"WebPage\",\"@id\":\"https:\/\/depressionhurts.ca\/fr\/information\/questions-about-treatment\/\",\"url\":\"https:\/\/depressionhurts.ca\/fr\/information\/questions-about-treatment\/\",\"name\":\"Questions au sujet du traitement - DepressionHurts.ca\",\"isPartOf\":{\"@id\":\"https:\/\/depressionhurts.ca\/fr\/#website\"},\"primaryImageOfPage\":{\"@id\":\"https:\/\/depressionhurts.ca\/fr\/information\/questions-about-treatment\/#primaryimage\"},\"image\":{\"@id\":\"https:\/\/depressionhurts.ca\/fr\/information\/questions-about-treatment\/#primaryimage\"},\"thumbnailUrl\":\"https:\/\/depressionhurts.ca\/wp-content\/uploads\/2021\/01\/questions-about-treatment.jpg\",\"datePublished\":\"2021-01-13T14:44:01+00:00\",\"dateModified\":\"2021-01-17T11:44:40+00:00\",\"breadcrumb\":{\"@id\":\"https:\/\/depressionhurts.ca\/fr\/information\/questions-about-treatment\/#breadcrumb\"},\"inLanguage\":\"fr-FR\",\"potentialAction\":[{\"@type\":\"ReadAction\",\"target\":[\"https:\/\/depressionhurts.ca\/fr\/information\/questions-about-treatment\/\"]}]},{\"@type\":\"ImageObject\",\"inLanguage\":\"fr-FR\",\"@id\":\"https:\/\/depressionhurts.ca\/fr\/information\/questions-about-treatment\/#primaryimage\",\"url\":\"https:\/\/depressionhurts.ca\/wp-content\/uploads\/2021\/01\/questions-about-treatment.jpg\",\"contentUrl\":\"https:\/\/depressionhurts.ca\/wp-content\/uploads\/2021\/01\/questions-about-treatment.jpg\"},{\"@type\":\"BreadcrumbList\",\"@id\":\"https:\/\/depressionhurts.ca\/fr\/information\/questions-about-treatment\/#breadcrumb\",\"itemListElement\":[{\"@type\":\"ListItem\",\"position\":1,\"name\":\"Home\",\"item\":\"https:\/\/depressionhurts.ca\/fr\/\"},{\"@type\":\"ListItem\",\"position\":2,\"name\":\"Information pour les amis et la famille\",\"item\":\"https:\/\/depressionhurts.ca\/fr\/information\/\"},{\"@type\":\"ListItem\",\"position\":3,\"name\":\"Questions au sujet du traitement\"}]},{\"@type\":\"WebSite\",\"@id\":\"https:\/\/depressionhurts.ca\/fr\/#website\",\"url\":\"https:\/\/depressionhurts.ca\/fr\/\",\"name\":\"DepressionHurts.ca\",\"description\":\"\",\"publisher\":{\"@id\":\"https:\/\/depressionhurts.ca\/fr\/#organization\"},\"potentialAction\":[{\"@type\":\"SearchAction\",\"target\":{\"@type\":\"EntryPoint\",\"urlTemplate\":\"https:\/\/depressionhurts.ca\/fr\/?s={search_term_string}\"},\"query-input\":{\"@type\":\"PropertyValueSpecification\",\"valueRequired\":true,\"valueName\":\"search_term_string\"}}],\"inLanguage\":\"fr-FR\"},{\"@type\":\"Organization\",\"@id\":\"https:\/\/depressionhurts.ca\/fr\/#organization\",\"name\":\"DepressionHurts.ca\",\"url\":\"https:\/\/depressionhurts.ca\/fr\/\",\"logo\":{\"@type\":\"ImageObject\",\"inLanguage\":\"fr-FR\",\"@id\":\"https:\/\/depressionhurts.ca\/fr\/#\/schema\/logo\/image\/\",\"url\":\"https:\/\/secureservercdn.net\/166.62.108.229\/g2y.e38.myftpupload.com\/wp-content\/uploads\/2021\/01\/logo-dark.png?time=1620301712\",\"contentUrl\":\"https:\/\/secureservercdn.net\/166.62.108.229\/g2y.e38.myftpupload.com\/wp-content\/uploads\/2021\/01\/logo-dark.png?time=1620301712\",\"width\":310,\"height\":120,\"caption\":\"DepressionHurts.ca\"},\"image\":{\"@id\":\"https:\/\/depressionhurts.ca\/fr\/#\/schema\/logo\/image\/\"}}]}<\/script>\n<!-- \/ Yoast SEO plugin. -->","yoast_head_json":{"title":"Questions au sujet du traitement - DepressionHurts.ca","robots":{"index":"index","follow":"follow","max-snippet":"max-snippet:-1","max-image-preview":"max-image-preview:large","max-video-preview":"max-video-preview:-1"},"canonical":"https:\/\/depressionhurts.ca\/fr\/information\/questions-about-treatment\/","og_locale":"fr_FR","og_type":"article","og_title":"Questions au sujet du traitement - DepressionHurts.ca","og_description":"L&rsquo;instauration d&rsquo;un traitement est une \u00e9tape importante pour quelqu&rsquo;un souffrant de d\u00e9pression. Que le traitement comprenne des m\u00e9dicaments, une psychoth\u00e9rapie ou les deux, toutes les personnes concern\u00e9es peuvent avoir des questions \u00e0 son sujet. Quand mon ami ou le membre de ma famille commencera-t-il \u00e0 se sentir mieux? En r\u00e8gle g\u00e9n\u00e9rale, les antid\u00e9presseurs prennent plusieurs [&hellip;]","og_url":"https:\/\/depressionhurts.ca\/fr\/information\/questions-about-treatment\/","og_site_name":"DepressionHurts.ca","article_modified_time":"2021-01-17T11:44:40+00:00","og_image":[{"url":"https:\/\/depressionhurts.ca\/wp-content\/uploads\/2021\/01\/questions-about-treatment.jpg","type":"","width":"","height":""}],"twitter_card":"summary_large_image","twitter_misc":{"Dur\u00e9e de lecture estim\u00e9e":"2 minutes"},"schema":{"@context":"https:\/\/schema.org","@graph":[{"@type":"WebPage","@id":"https:\/\/depressionhurts.ca\/fr\/information\/questions-about-treatment\/","url":"https:\/\/depressionhurts.ca\/fr\/information\/questions-about-treatment\/","name":"Questions au sujet du traitement - DepressionHurts.ca","isPartOf":{"@id":"https:\/\/depressionhurts.ca\/fr\/#website"},"primaryImageOfPage":{"@id":"https:\/\/depressionhurts.ca\/fr\/information\/questions-about-treatment\/#primaryimage"},"image":{"@id":"https:\/\/depressionhurts.ca\/fr\/information\/questions-about-treatment\/#primaryimage"},"thumbnailUrl":"https:\/\/depressionhurts.ca\/wp-content\/uploads\/2021\/01\/questions-about-treatment.jpg","datePublished":"2021-01-13T14:44:01+00:00","dateModified":"2021-01-17T11:44:40+00:00","breadcrumb":{"@id":"https:\/\/depressionhurts.ca\/fr\/information\/questions-about-treatment\/#breadcrumb"},"inLanguage":"fr-FR","potentialAction":[{"@type":"ReadAction","target":["https:\/\/depressionhurts.ca\/fr\/information\/questions-about-treatment\/"]}]},{"@type":"ImageObject","inLanguage":"fr-FR","@id":"https:\/\/depressionhurts.ca\/fr\/information\/questions-about-treatment\/#primaryimage","url":"https:\/\/depressionhurts.ca\/wp-content\/uploads\/2021\/01\/questions-about-treatment.jpg","contentUrl":"https:\/\/depressionhurts.ca\/wp-content\/uploads\/2021\/01\/questions-about-treatment.jpg"},{"@type":"BreadcrumbList","@id":"https:\/\/depressionhurts.ca\/fr\/information\/questions-about-treatment\/#breadcrumb","itemListElement":[{"@type":"ListItem","position":1,"name":"Home","item":"https:\/\/depressionhurts.ca\/fr\/"},{"@type":"ListItem","position":2,"name":"Information pour les amis et la famille","item":"https:\/\/depressionhurts.ca\/fr\/information\/"},{"@type":"ListItem","position":3,"name":"Questions au sujet du traitement"}]},{"@type":"WebSite","@id":"https:\/\/depressionhurts.ca\/fr\/#website","url":"https:\/\/depressionhurts.ca\/fr\/","name":"DepressionHurts.ca","description":"","publisher":{"@id":"https:\/\/depressionhurts.ca\/fr\/#organization"},"potentialAction":[{"@type":"SearchAction","target":{"@type":"EntryPoint","urlTemplate":"https:\/\/depressionhurts.ca\/fr\/?s={search_term_string}"},"query-input":{"@type":"PropertyValueSpecification","valueRequired":true,"valueName":"search_term_string"}}],"inLanguage":"fr-FR"},{"@type":"Organization","@id":"https:\/\/depressionhurts.ca\/fr\/#organization","name":"DepressionHurts.ca","url":"https:\/\/depressionhurts.ca\/fr\/","logo":{"@type":"ImageObject","inLanguage":"fr-FR","@id":"https:\/\/depressionhurts.ca\/fr\/#\/schema\/logo\/image\/","url":"https:\/\/secureservercdn.net\/166.62.108.229\/g2y.e38.myftpupload.com\/wp-content\/uploads\/2021\/01\/logo-dark.png?time=1620301712","contentUrl":"https:\/\/secureservercdn.net\/166.62.108.229\/g2y.e38.myftpupload.com\/wp-content\/uploads\/2021\/01\/logo-dark.png?time=1620301712","width":310,"height":120,"caption":"DepressionHurts.ca"},"image":{"@id":"https:\/\/depressionhurts.ca\/fr\/#\/schema\/logo\/image\/"}}]}},"_links":{"self":[{"href":"https:\/\/depressionhurts.ca\/fr\/wp-json\/wp\/v2\/pages\/1556","targetHints":{"allow":["GET"]}}],"collection":[{"href":"https:\/\/depressionhurts.ca\/fr\/wp-json\/wp\/v2\/pages"}],"about":[{"href":"https:\/\/depressionhurts.ca\/fr\/wp-json\/wp\/v2\/types\/page"}],"author":[{"embeddable":true,"href":"https:\/\/depressionhurts.ca\/fr\/wp-json\/wp\/v2\/users\/3"}],"replies":[{"embeddable":true,"href":"https:\/\/depressionhurts.ca\/fr\/wp-json\/wp\/v2\/comments?post=1556"}],"version-history":[{"count":7,"href":"https:\/\/depressionhurts.ca\/fr\/wp-json\/wp\/v2\/pages\/1556\/revisions"}],"predecessor-version":[{"id":2039,"href":"https:\/\/depressionhurts.ca\/fr\/wp-json\/wp\/v2\/pages\/1556\/revisions\/2039"}],"up":[{"embeddable":true,"href":"https:\/\/depressionhurts.ca\/fr\/wp-json\/wp\/v2\/pages\/1541"}],"wp:attachment":[{"href":"https:\/\/depressionhurts.ca\/fr\/wp-json\/wp\/v2\/media?parent=1556"}],"curies":[{"name":"wp","href":"https:\/\/api.w.org\/{rel}","templated":true}]}}