{"id":1563,"date":"2021-01-13T14:46:20","date_gmt":"2021-01-13T14:46:20","guid":{"rendered":"https:\/\/depressionhurts.ca\/information\/talking-about-depression\/"},"modified":"2021-01-17T11:45:11","modified_gmt":"2021-01-17T11:45:11","slug":"talking-about-depression","status":"publish","type":"page","link":"https:\/\/depressionhurts.ca\/fr\/information\/talking-about-depression\/","title":{"rendered":"Parler de la d\u00e9pression"},"content":{"rendered":"\t\t<div data-elementor-type=\"wp-page\" data-elementor-id=\"1563\" class=\"elementor elementor-1563\">\n\t\t\t\t\t\t<section class=\"elementor-section elementor-top-section elementor-element elementor-element-6d2f03e elementor-section-boxed elementor-section-height-default elementor-section-height-default\" data-id=\"6d2f03e\" data-element_type=\"section\">\n\t\t\t\t\t\t<div class=\"elementor-container elementor-column-gap-default\">\n\t\t\t\t\t<div class=\"elementor-column elementor-col-66 elementor-top-column elementor-element elementor-element-87b43c8\" data-id=\"87b43c8\" data-element_type=\"column\">\n\t\t\t<div class=\"elementor-widget-wrap elementor-element-populated\">\n\t\t\t\t\t\t<div class=\"elementor-element elementor-element-100c3c6 elementor-widget elementor-widget-text-editor\" data-id=\"100c3c6\" data-element_type=\"widget\" data-widget_type=\"text-editor.default\">\n\t\t\t\t<div class=\"elementor-widget-container\">\n\t\t\t\t\t\t\t\t\t<p>Parler \u00e0 un ami ou \u00e0 un membre de votre famille de ce qu&rsquo;il est en train de vivre constitue souvent une \u00e9tape essentielle du processus de r\u00e9tablissement. Que vous lui sugg\u00e9riez d&rsquo;obtenir l&rsquo;aide d&rsquo;un professionnel ou que vous l&rsquo;encouragiez \u00e0 continuer de suivre son traitement, il est important de faire attention \u00e0 ce que vous dites et \u00e0 la fa\u00e7on dont vous le dites.<\/p>\t\t\t\t\t\t\t\t<\/div>\n\t\t\t\t<\/div>\n\t\t\t\t<div class=\"elementor-element elementor-element-2c65b6e elementor-widget elementor-widget-heading\" data-id=\"2c65b6e\" data-element_type=\"widget\" data-widget_type=\"heading.default\">\n\t\t\t\t<div class=\"elementor-widget-container\">\n\t\t\t\t\t<h2 class=\"elementor-heading-title elementor-size-default\">Conseils pour une conversation r\u00e9ussie<\/h2>\t\t\t\t<\/div>\n\t\t\t\t<\/div>\n\t\t\t\t<div class=\"elementor-element elementor-element-b4f9bc6 elementor-widget elementor-widget-text-editor\" data-id=\"b4f9bc6\" data-element_type=\"widget\" data-widget_type=\"text-editor.default\">\n\t\t\t\t<div class=\"elementor-widget-container\">\n\t\t\t\t\t\t\t\t\t<ul><li>Faites preuve d&rsquo;\u00ab <strong>\u00e9coute active<\/strong> \u00bb. Avant d&rsquo;exprimer vos propres id\u00e9es, essayez de r\u00e9p\u00e9ter dans vos propres mots ce que la personne vient de vous dire. En agissant ainsi, vous montrez que vous avez r\u00e9ellement compris ce qu&rsquo;elle ressent.<\/li><li>Vous ne devez pas vous soucier de poss\u00e9der les \u00ab\u00a0bonnes r\u00e9ponses\u00a0\u00bb. Votre simple <strong>pr\u00e9sence et votre attention<\/strong> sont extr\u00eamement utiles.<\/li><li><strong>Ne minimisez pas l&rsquo;importance des sentiments<\/strong> de la personne souffrant de d\u00e9pression. Lui dire qu&rsquo;elle ne semble pas malade, m\u00eame si vous consid\u00e9rez que cela est positif, peut aggraver son \u00e9tat.<\/li><li>N&rsquo;oubliez pas de lui exprimer votre amour et votre soutien et de lui rappeler qu&rsquo;elle n&rsquo;est pas\u00a0seule.<\/li><\/ul>\t\t\t\t\t\t\t\t<\/div>\n\t\t\t\t<\/div>\n\t\t\t\t\t<\/div>\n\t\t<\/div>\n\t\t\t\t<div class=\"elementor-column elementor-col-33 elementor-top-column elementor-element elementor-element-47306fd\" data-id=\"47306fd\" data-element_type=\"column\">\n\t\t\t<div class=\"elementor-widget-wrap elementor-element-populated\">\n\t\t\t\t\t\t<div class=\"elementor-element elementor-element-9023b36 elementor-widget elementor-widget-image\" data-id=\"9023b36\" data-element_type=\"widget\" data-widget_type=\"image.default\">\n\t\t\t\t<div class=\"elementor-widget-container\">\n\t\t\t\t\t\t\t\t\t\t\t\t\t\t\t<img fetchpriority=\"high\" decoding=\"async\" width=\"424\" height=\"500\" src=\"https:\/\/depressionhurts.ca\/wp-content\/uploads\/2021\/01\/talking-about-depression.jpg\" class=\"attachment-large size-large wp-image-1851\" alt=\"\" srcset=\"https:\/\/depressionhurts.ca\/wp-content\/uploads\/2021\/01\/talking-about-depression.jpg 424w, https:\/\/depressionhurts.ca\/wp-content\/uploads\/2021\/01\/talking-about-depression-254x300.jpg 254w\" sizes=\"(max-width: 424px) 100vw, 424px\" \/>\t\t\t\t\t\t\t\t\t\t\t\t\t\t\t<\/div>\n\t\t\t\t<\/div>\n\t\t\t\t\t<\/div>\n\t\t<\/div>\n\t\t\t\t\t<\/div>\n\t\t<\/section>\n\t\t\t\t<section class=\"elementor-section elementor-top-section elementor-element elementor-element-8a5faea elementor-section-boxed elementor-section-height-default elementor-section-height-default\" data-id=\"8a5faea\" data-element_type=\"section\">\n\t\t\t\t\t\t<div class=\"elementor-container elementor-column-gap-default\">\n\t\t\t\t\t<div class=\"elementor-column elementor-col-100 elementor-top-column elementor-element elementor-element-9be1846\" data-id=\"9be1846\" data-element_type=\"column\">\n\t\t\t<div class=\"elementor-widget-wrap elementor-element-populated\">\n\t\t\t\t\t\t<div class=\"elementor-element elementor-element-9b1f99a elementor-widget elementor-widget-heading\" data-id=\"9b1f99a\" data-element_type=\"widget\" data-widget_type=\"heading.default\">\n\t\t\t\t<div class=\"elementor-widget-container\">\n\t\t\t\t\t<h2 class=\"elementor-heading-title elementor-size-default\">Parler \u00e0 un proche qui re\u00e7oit un traitement<\/h2>\t\t\t\t<\/div>\n\t\t\t\t<\/div>\n\t\t\t\t<div class=\"elementor-element elementor-element-b153427 elementor-widget elementor-widget-text-editor\" data-id=\"b153427\" data-element_type=\"widget\" data-widget_type=\"text-editor.default\">\n\t\t\t\t<div class=\"elementor-widget-container\">\n\t\t\t\t\t\t\t\t\t<ul><li>Ne pensez pas que quelqu&rsquo;un qui re\u00e7oit un traitement n&rsquo;a plus besoin de parler. Nombre de patients se d\u00e9couragent durant les premi\u00e8res semaines de traitement, surtout lorsqu&rsquo;ils ne peuvent pas d\u00e9celer une r\u00e9elle am\u00e9lioration de leur \u00e9tat. Il est essentiel que vous restiez en contact \u00e9troit avec la personne et que vous l&rsquo;encouragiez \u00e0 continuer le traitement.<\/li><li>Faites des commentaires positifs. Parlez-lui des am\u00e9liorations que vous observez, peu importe leur ampleur.<\/li><li>Continuez \u00e0 rassurer la personne quant au fait qu&rsquo;elle se sentira mieux avec le temps.<\/li><\/ul>\t\t\t\t\t\t\t\t<\/div>\n\t\t\t\t<\/div>\n\t\t\t\t\t<\/div>\n\t\t<\/div>\n\t\t\t\t\t<\/div>\n\t\t<\/section>\n\t\t\t\t<section class=\"elementor-section elementor-top-section elementor-element elementor-element-6c7f69e elementor-section-boxed elementor-section-height-default elementor-section-height-default\" data-id=\"6c7f69e\" data-element_type=\"section\">\n\t\t\t\t\t\t<div class=\"elementor-container elementor-column-gap-default\">\n\t\t\t\t\t<div class=\"elementor-column elementor-col-100 elementor-top-column elementor-element elementor-element-73a6233\" data-id=\"73a6233\" data-element_type=\"column\">\n\t\t\t<div class=\"elementor-widget-wrap elementor-element-populated\">\n\t\t\t\t\t\t<div class=\"elementor-element elementor-element-d359399 elementor-widget elementor-widget-spacer\" data-id=\"d359399\" data-element_type=\"widget\" data-widget_type=\"spacer.default\">\n\t\t\t\t<div class=\"elementor-widget-container\">\n\t\t\t\t\t\t\t<div class=\"elementor-spacer\">\n\t\t\t<div class=\"elementor-spacer-inner\"><\/div>\n\t\t<\/div>\n\t\t\t\t\t\t<\/div>\n\t\t\t\t<\/div>\n\t\t\t\t\t<\/div>\n\t\t<\/div>\n\t\t\t\t\t<\/div>\n\t\t<\/section>\n\t\t\t\t<section class=\"elementor-section elementor-top-section elementor-element elementor-element-f3c599d elementor-section-boxed elementor-section-height-default elementor-section-height-default\" data-id=\"f3c599d\" data-element_type=\"section\">\n\t\t\t\t\t\t<div class=\"elementor-container elementor-column-gap-default\">\n\t\t\t\t\t\t<\/div>\n\t\t<\/section>\n\t\t\t\t<\/div>\n\t\t","protected":false},"excerpt":{"rendered":"<p>Parler \u00e0 un ami ou \u00e0 un membre de votre famille de ce qu&rsquo;il est en train de vivre constitue souvent une \u00e9tape essentielle du processus de r\u00e9tablissement. Que vous lui sugg\u00e9riez d&rsquo;obtenir l&rsquo;aide d&rsquo;un professionnel ou que vous l&rsquo;encouragiez \u00e0 continuer de suivre son traitement, il est important de faire attention \u00e0 ce que [&hellip;]<\/p>\n","protected":false},"author":3,"featured_media":0,"parent":1541,"menu_order":0,"comment_status":"closed","ping_status":"closed","template":"page-internal.php","meta":{"_acf_changed":false,"footnotes":""},"class_list":["post-1563","page","type-page","status-publish","hentry","entry"],"acf":[],"yoast_head":"<!-- This site is optimized with the Yoast SEO plugin v26.9 - https:\/\/yoast.com\/product\/yoast-seo-wordpress\/ -->\n<title>Parler de la d\u00e9pression - DepressionHurts.ca<\/title>\n<meta name=\"robots\" content=\"index, follow, max-snippet:-1, max-image-preview:large, max-video-preview:-1\" \/>\n<link rel=\"canonical\" href=\"https:\/\/depressionhurts.ca\/fr\/information\/talking-about-depression\/\" \/>\n<meta property=\"og:locale\" content=\"fr_FR\" \/>\n<meta property=\"og:type\" content=\"article\" \/>\n<meta property=\"og:title\" content=\"Parler de la d\u00e9pression - DepressionHurts.ca\" \/>\n<meta property=\"og:description\" content=\"Parler \u00e0 un ami ou \u00e0 un membre de votre famille de ce qu&rsquo;il est en train de vivre constitue souvent une \u00e9tape essentielle du processus de r\u00e9tablissement. Que vous lui sugg\u00e9riez d&rsquo;obtenir l&rsquo;aide d&rsquo;un professionnel ou que vous l&rsquo;encouragiez \u00e0 continuer de suivre son traitement, il est important de faire attention \u00e0 ce que [&hellip;]\" \/>\n<meta property=\"og:url\" content=\"https:\/\/depressionhurts.ca\/fr\/information\/talking-about-depression\/\" \/>\n<meta property=\"og:site_name\" content=\"DepressionHurts.ca\" \/>\n<meta property=\"article:modified_time\" content=\"2021-01-17T11:45:11+00:00\" \/>\n<meta property=\"og:image\" content=\"https:\/\/depressionhurts.ca\/wp-content\/uploads\/2021\/01\/talking-about-depression.jpg\" \/>\n<meta name=\"twitter:card\" content=\"summary_large_image\" \/>\n<meta name=\"twitter:label1\" content=\"Dur\u00e9e de lecture estim\u00e9e\" \/>\n\t<meta name=\"twitter:data1\" content=\"1 minute\" \/>\n<script type=\"application\/ld+json\" class=\"yoast-schema-graph\">{\"@context\":\"https:\/\/schema.org\",\"@graph\":[{\"@type\":\"WebPage\",\"@id\":\"https:\/\/depressionhurts.ca\/fr\/information\/talking-about-depression\/\",\"url\":\"https:\/\/depressionhurts.ca\/fr\/information\/talking-about-depression\/\",\"name\":\"Parler de la d\u00e9pression - DepressionHurts.ca\",\"isPartOf\":{\"@id\":\"https:\/\/depressionhurts.ca\/fr\/#website\"},\"primaryImageOfPage\":{\"@id\":\"https:\/\/depressionhurts.ca\/fr\/information\/talking-about-depression\/#primaryimage\"},\"image\":{\"@id\":\"https:\/\/depressionhurts.ca\/fr\/information\/talking-about-depression\/#primaryimage\"},\"thumbnailUrl\":\"https:\/\/depressionhurts.ca\/wp-content\/uploads\/2021\/01\/talking-about-depression.jpg\",\"datePublished\":\"2021-01-13T14:46:20+00:00\",\"dateModified\":\"2021-01-17T11:45:11+00:00\",\"breadcrumb\":{\"@id\":\"https:\/\/depressionhurts.ca\/fr\/information\/talking-about-depression\/#breadcrumb\"},\"inLanguage\":\"fr-FR\",\"potentialAction\":[{\"@type\":\"ReadAction\",\"target\":[\"https:\/\/depressionhurts.ca\/fr\/information\/talking-about-depression\/\"]}]},{\"@type\":\"ImageObject\",\"inLanguage\":\"fr-FR\",\"@id\":\"https:\/\/depressionhurts.ca\/fr\/information\/talking-about-depression\/#primaryimage\",\"url\":\"https:\/\/depressionhurts.ca\/wp-content\/uploads\/2021\/01\/talking-about-depression.jpg\",\"contentUrl\":\"https:\/\/depressionhurts.ca\/wp-content\/uploads\/2021\/01\/talking-about-depression.jpg\"},{\"@type\":\"BreadcrumbList\",\"@id\":\"https:\/\/depressionhurts.ca\/fr\/information\/talking-about-depression\/#breadcrumb\",\"itemListElement\":[{\"@type\":\"ListItem\",\"position\":1,\"name\":\"Home\",\"item\":\"https:\/\/depressionhurts.ca\/fr\/\"},{\"@type\":\"ListItem\",\"position\":2,\"name\":\"Information pour les amis et la famille\",\"item\":\"https:\/\/depressionhurts.ca\/fr\/information\/\"},{\"@type\":\"ListItem\",\"position\":3,\"name\":\"Parler de la d\u00e9pression\"}]},{\"@type\":\"WebSite\",\"@id\":\"https:\/\/depressionhurts.ca\/fr\/#website\",\"url\":\"https:\/\/depressionhurts.ca\/fr\/\",\"name\":\"DepressionHurts.ca\",\"description\":\"\",\"publisher\":{\"@id\":\"https:\/\/depressionhurts.ca\/fr\/#organization\"},\"potentialAction\":[{\"@type\":\"SearchAction\",\"target\":{\"@type\":\"EntryPoint\",\"urlTemplate\":\"https:\/\/depressionhurts.ca\/fr\/?s={search_term_string}\"},\"query-input\":{\"@type\":\"PropertyValueSpecification\",\"valueRequired\":true,\"valueName\":\"search_term_string\"}}],\"inLanguage\":\"fr-FR\"},{\"@type\":\"Organization\",\"@id\":\"https:\/\/depressionhurts.ca\/fr\/#organization\",\"name\":\"DepressionHurts.ca\",\"url\":\"https:\/\/depressionhurts.ca\/fr\/\",\"logo\":{\"@type\":\"ImageObject\",\"inLanguage\":\"fr-FR\",\"@id\":\"https:\/\/depressionhurts.ca\/fr\/#\/schema\/logo\/image\/\",\"url\":\"https:\/\/secureservercdn.net\/166.62.108.229\/g2y.e38.myftpupload.com\/wp-content\/uploads\/2021\/01\/logo-dark.png?time=1620301712\",\"contentUrl\":\"https:\/\/secureservercdn.net\/166.62.108.229\/g2y.e38.myftpupload.com\/wp-content\/uploads\/2021\/01\/logo-dark.png?time=1620301712\",\"width\":310,\"height\":120,\"caption\":\"DepressionHurts.ca\"},\"image\":{\"@id\":\"https:\/\/depressionhurts.ca\/fr\/#\/schema\/logo\/image\/\"}}]}<\/script>\n<!-- \/ Yoast SEO plugin. -->","yoast_head_json":{"title":"Parler de la d\u00e9pression - DepressionHurts.ca","robots":{"index":"index","follow":"follow","max-snippet":"max-snippet:-1","max-image-preview":"max-image-preview:large","max-video-preview":"max-video-preview:-1"},"canonical":"https:\/\/depressionhurts.ca\/fr\/information\/talking-about-depression\/","og_locale":"fr_FR","og_type":"article","og_title":"Parler de la d\u00e9pression - DepressionHurts.ca","og_description":"Parler \u00e0 un ami ou \u00e0 un membre de votre famille de ce qu&rsquo;il est en train de vivre constitue souvent une \u00e9tape essentielle du processus de r\u00e9tablissement. Que vous lui sugg\u00e9riez d&rsquo;obtenir l&rsquo;aide d&rsquo;un professionnel ou que vous l&rsquo;encouragiez \u00e0 continuer de suivre son traitement, il est important de faire attention \u00e0 ce que [&hellip;]","og_url":"https:\/\/depressionhurts.ca\/fr\/information\/talking-about-depression\/","og_site_name":"DepressionHurts.ca","article_modified_time":"2021-01-17T11:45:11+00:00","og_image":[{"url":"https:\/\/depressionhurts.ca\/wp-content\/uploads\/2021\/01\/talking-about-depression.jpg","type":"","width":"","height":""}],"twitter_card":"summary_large_image","twitter_misc":{"Dur\u00e9e de lecture estim\u00e9e":"1 minute"},"schema":{"@context":"https:\/\/schema.org","@graph":[{"@type":"WebPage","@id":"https:\/\/depressionhurts.ca\/fr\/information\/talking-about-depression\/","url":"https:\/\/depressionhurts.ca\/fr\/information\/talking-about-depression\/","name":"Parler de la d\u00e9pression - DepressionHurts.ca","isPartOf":{"@id":"https:\/\/depressionhurts.ca\/fr\/#website"},"primaryImageOfPage":{"@id":"https:\/\/depressionhurts.ca\/fr\/information\/talking-about-depression\/#primaryimage"},"image":{"@id":"https:\/\/depressionhurts.ca\/fr\/information\/talking-about-depression\/#primaryimage"},"thumbnailUrl":"https:\/\/depressionhurts.ca\/wp-content\/uploads\/2021\/01\/talking-about-depression.jpg","datePublished":"2021-01-13T14:46:20+00:00","dateModified":"2021-01-17T11:45:11+00:00","breadcrumb":{"@id":"https:\/\/depressionhurts.ca\/fr\/information\/talking-about-depression\/#breadcrumb"},"inLanguage":"fr-FR","potentialAction":[{"@type":"ReadAction","target":["https:\/\/depressionhurts.ca\/fr\/information\/talking-about-depression\/"]}]},{"@type":"ImageObject","inLanguage":"fr-FR","@id":"https:\/\/depressionhurts.ca\/fr\/information\/talking-about-depression\/#primaryimage","url":"https:\/\/depressionhurts.ca\/wp-content\/uploads\/2021\/01\/talking-about-depression.jpg","contentUrl":"https:\/\/depressionhurts.ca\/wp-content\/uploads\/2021\/01\/talking-about-depression.jpg"},{"@type":"BreadcrumbList","@id":"https:\/\/depressionhurts.ca\/fr\/information\/talking-about-depression\/#breadcrumb","itemListElement":[{"@type":"ListItem","position":1,"name":"Home","item":"https:\/\/depressionhurts.ca\/fr\/"},{"@type":"ListItem","position":2,"name":"Information pour les amis et la famille","item":"https:\/\/depressionhurts.ca\/fr\/information\/"},{"@type":"ListItem","position":3,"name":"Parler de la d\u00e9pression"}]},{"@type":"WebSite","@id":"https:\/\/depressionhurts.ca\/fr\/#website","url":"https:\/\/depressionhurts.ca\/fr\/","name":"DepressionHurts.ca","description":"","publisher":{"@id":"https:\/\/depressionhurts.ca\/fr\/#organization"},"potentialAction":[{"@type":"SearchAction","target":{"@type":"EntryPoint","urlTemplate":"https:\/\/depressionhurts.ca\/fr\/?s={search_term_string}"},"query-input":{"@type":"PropertyValueSpecification","valueRequired":true,"valueName":"search_term_string"}}],"inLanguage":"fr-FR"},{"@type":"Organization","@id":"https:\/\/depressionhurts.ca\/fr\/#organization","name":"DepressionHurts.ca","url":"https:\/\/depressionhurts.ca\/fr\/","logo":{"@type":"ImageObject","inLanguage":"fr-FR","@id":"https:\/\/depressionhurts.ca\/fr\/#\/schema\/logo\/image\/","url":"https:\/\/secureservercdn.net\/166.62.108.229\/g2y.e38.myftpupload.com\/wp-content\/uploads\/2021\/01\/logo-dark.png?time=1620301712","contentUrl":"https:\/\/secureservercdn.net\/166.62.108.229\/g2y.e38.myftpupload.com\/wp-content\/uploads\/2021\/01\/logo-dark.png?time=1620301712","width":310,"height":120,"caption":"DepressionHurts.ca"},"image":{"@id":"https:\/\/depressionhurts.ca\/fr\/#\/schema\/logo\/image\/"}}]}},"_links":{"self":[{"href":"https:\/\/depressionhurts.ca\/fr\/wp-json\/wp\/v2\/pages\/1563","targetHints":{"allow":["GET"]}}],"collection":[{"href":"https:\/\/depressionhurts.ca\/fr\/wp-json\/wp\/v2\/pages"}],"about":[{"href":"https:\/\/depressionhurts.ca\/fr\/wp-json\/wp\/v2\/types\/page"}],"author":[{"embeddable":true,"href":"https:\/\/depressionhurts.ca\/fr\/wp-json\/wp\/v2\/users\/3"}],"replies":[{"embeddable":true,"href":"https:\/\/depressionhurts.ca\/fr\/wp-json\/wp\/v2\/comments?post=1563"}],"version-history":[{"count":7,"href":"https:\/\/depressionhurts.ca\/fr\/wp-json\/wp\/v2\/pages\/1563\/revisions"}],"predecessor-version":[{"id":2042,"href":"https:\/\/depressionhurts.ca\/fr\/wp-json\/wp\/v2\/pages\/1563\/revisions\/2042"}],"up":[{"embeddable":true,"href":"https:\/\/depressionhurts.ca\/fr\/wp-json\/wp\/v2\/pages\/1541"}],"wp:attachment":[{"href":"https:\/\/depressionhurts.ca\/fr\/wp-json\/wp\/v2\/media?parent=1563"}],"curies":[{"name":"wp","href":"https:\/\/api.w.org\/{rel}","templated":true}]}}