{"id":1641,"date":"2021-01-13T15:41:49","date_gmt":"2021-01-13T15:41:49","guid":{"rendered":"https:\/\/depressionhurts.ca\/site-map\/"},"modified":"2024-04-05T17:52:21","modified_gmt":"2024-04-05T17:52:21","slug":"site-map","status":"publish","type":"page","link":"https:\/\/depressionhurts.ca\/fr\/site-map\/","title":{"rendered":"Carte du site"},"content":{"rendered":"\t\t<div data-elementor-type=\"wp-page\" data-elementor-id=\"1641\" class=\"elementor elementor-1641\">\n\t\t\t\t\t\t<section class=\"elementor-section elementor-top-section elementor-element elementor-element-6aa13732 elementor-section-boxed elementor-section-height-default elementor-section-height-default\" data-id=\"6aa13732\" data-element_type=\"section\">\n\t\t\t\t\t\t<div class=\"elementor-container elementor-column-gap-default\">\n\t\t\t\t\t<div class=\"elementor-column elementor-col-100 elementor-top-column elementor-element elementor-element-6f94ef3e\" data-id=\"6f94ef3e\" data-element_type=\"column\">\n\t\t\t<div class=\"elementor-widget-wrap elementor-element-populated\">\n\t\t\t\t\t\t<div class=\"elementor-element elementor-element-e971062 elementor-widget elementor-widget-heading\" data-id=\"e971062\" data-element_type=\"widget\" data-widget_type=\"heading.default\">\n\t\t\t\t<div class=\"elementor-widget-container\">\n\t\t\t\t\t<h2 class=\"elementor-heading-title elementor-size-default\">D\u00e9finition de la d\u00e9pression<\/h2>\t\t\t\t<\/div>\n\t\t\t\t<\/div>\n\t\t\t\t<div class=\"elementor-element elementor-element-31d76bb elementor-widget elementor-widget-text-editor\" data-id=\"31d76bb\" data-element_type=\"widget\" data-widget_type=\"text-editor.default\">\n\t\t\t\t<div class=\"elementor-widget-container\">\n\t\t\t\t\t\t\t\t\t<ul>\n \t<li><a href=\"https:\/\/depressionhurts.ca\/fr\/about\/\">D\u00e9finition de la d\u00e9pression<\/a><\/li>\n \t<li><a href=\"https:\/\/depressionhurts.ca\/fr\/about\/causes\">Causes de la d\u00e9pression<\/a><\/li>\n \t<li><a href=\"https:\/\/depressionhurts.ca\/fr\/about\/symptoms\">Sympt\u00f4mes de la d\u00e9pression<\/a><\/li>\n<\/ul>\t\t\t\t\t\t\t\t<\/div>\n\t\t\t\t<\/div>\n\t\t\t\t<div class=\"elementor-element elementor-element-f00efe1 elementor-widget elementor-widget-heading\" data-id=\"f00efe1\" data-element_type=\"widget\" data-widget_type=\"heading.default\">\n\t\t\t\t<div class=\"elementor-widget-container\">\n\t\t\t\t\t<h2 class=\"elementor-heading-title elementor-size-default\">Pourrait-il s'agir d'une d\u00e9pression?<\/h2>\t\t\t\t<\/div>\n\t\t\t\t<\/div>\n\t\t\t\t<div class=\"elementor-element elementor-element-5a4077e elementor-widget elementor-widget-text-editor\" data-id=\"5a4077e\" data-element_type=\"widget\" data-widget_type=\"text-editor.default\">\n\t\t\t\t<div class=\"elementor-widget-container\">\n\t\t\t\t\t\t\t\t\t<ul><li><a href=\"https:\/\/depressionhurts.ca\/fr\/about\/\">Pourrait-il s&rsquo;agir d&rsquo;une d\u00e9pression?<\/a><\/li><li><a href=\"https:\/\/depressionhurts.ca\/fr\/checklist\/\">Liste de contr\u00f4le des sympt\u00f4mes<\/a><\/li><\/ul>\t\t\t\t\t\t\t\t<\/div>\n\t\t\t\t<\/div>\n\t\t\t\t<div class=\"elementor-element elementor-element-2b4ab70 elementor-widget elementor-widget-heading\" data-id=\"2b4ab70\" data-element_type=\"widget\" data-widget_type=\"heading.default\">\n\t\t\t\t<div class=\"elementor-widget-container\">\n\t\t\t\t\t<h2 class=\"elementor-heading-title elementor-size-default\">Prise en charge de la d\u00e9pression<\/h2>\t\t\t\t<\/div>\n\t\t\t\t<\/div>\n\t\t\t\t<div class=\"elementor-element elementor-element-283460a elementor-widget elementor-widget-text-editor\" data-id=\"283460a\" data-element_type=\"widget\" data-widget_type=\"text-editor.default\">\n\t\t\t\t<div class=\"elementor-widget-container\">\n\t\t\t\t\t\t\t\t\t<ul><li><a href=\"https:\/\/depressionhurts.ca\/fr\/manage\/\">Prise en charge de la d\u00e9pression<\/a><\/li><li><a href=\"https:\/\/depressionhurts.ca\/fr\/manage\/accepting-help\">Accepter de se faire aider<\/a><\/li><li><a href=\"https:\/\/depressionhurts.ca\/fr\/manage\/healthy-lifestyle\">Adopter un mode de vie sain<\/a><\/li><li><a href=\"https:\/\/depressionhurts.ca\/fr\/manage\/social-life\">Conserver une vie sociale<\/a><\/li><li><a href=\"https:\/\/depressionhurts.ca\/fr\/manage\/management-plan\">\u00c9laborer un plan de prise en charge<\/a><\/li><li><a href=\"https:\/\/depressionhurts.ca\/fr\/manage\/barriers-to-recovery\">D\u00e9terminer les obstacles au r\u00e9tablissement<\/a><\/li><li><a href=\"https:\/\/depressionhurts.ca\/fr\/manage\/points-to-consider\">Points importants \u00e0 prendre en consid\u00e9ration<\/a><\/li><\/ul>\t\t\t\t\t\t\t\t<\/div>\n\t\t\t\t<\/div>\n\t\t\t\t<div class=\"elementor-element elementor-element-18576ed elementor-widget elementor-widget-heading\" data-id=\"18576ed\" data-element_type=\"widget\" data-widget_type=\"heading.default\">\n\t\t\t\t<div class=\"elementor-widget-container\">\n\t\t\t\t\t<h2 class=\"elementor-heading-title elementor-size-default\">Parcours vers l'am\u00e9lioration<\/h2>\t\t\t\t<\/div>\n\t\t\t\t<\/div>\n\t\t\t\t<div class=\"elementor-element elementor-element-1b49aea elementor-widget elementor-widget-text-editor\" data-id=\"1b49aea\" data-element_type=\"widget\" data-widget_type=\"text-editor.default\">\n\t\t\t\t<div class=\"elementor-widget-container\">\n\t\t\t\t\t\t\t\t\t<ul><li><a href=\"https:\/\/depressionhurts.ca\/fr\/improvement\/\">Parcours vers l&rsquo;am\u00e9lioration<\/a><\/li><li><a href=\"https:\/\/depressionhurts.ca\/fr\/improvement\/seeing-a-doctor\">Parler \u00e0 son m\u00e9decin<\/a><\/li><li><a href=\"https:\/\/depressionhurts.ca\/fr\/improvement\/seeing-a-specialist\">Consulter un sp\u00e9cialiste<\/a><\/li><li><a href=\"https:\/\/depressionhurts.ca\/fr\/improvement\/self-help-groups\">Groupes d&rsquo;entraide<\/a><\/li><li><a href=\"https:\/\/depressionhurts.ca\/fr\/improvement\/support-network\">Votre r\u00e9seau de soutien<\/a><\/li><\/ul>\t\t\t\t\t\t\t\t<\/div>\n\t\t\t\t<\/div>\n\t\t\t\t<div class=\"elementor-element elementor-element-8d3c041 elementor-widget elementor-widget-heading\" data-id=\"8d3c041\" data-element_type=\"widget\" data-widget_type=\"heading.default\">\n\t\t\t\t<div class=\"elementor-widget-container\">\n\t\t\t\t\t<h2 class=\"elementor-heading-title elementor-size-default\">Information pour les amis et la famille<\/h2>\t\t\t\t<\/div>\n\t\t\t\t<\/div>\n\t\t\t\t<div class=\"elementor-element elementor-element-f62d6ef elementor-widget elementor-widget-text-editor\" data-id=\"f62d6ef\" data-element_type=\"widget\" data-widget_type=\"text-editor.default\">\n\t\t\t\t<div class=\"elementor-widget-container\">\n\t\t\t\t\t\t\t\t\t<ul>\n \t<li><a href=\"https:\/\/depressionhurts.ca\/fr\/information\/\">Information pour les amis et la famille<\/a><\/li>\n \t<li><a href=\"https:\/\/depressionhurts.ca\/fr\/information\/how-to-help\">Comment aider<\/a><\/li>\n \t<li><a href=\"https:\/\/depressionhurts.ca\/fr\/information\/questions-about-treatment\">Questions au sujet du traitement<\/a><\/li>\n \t<li><a href=\"https:\/\/depressionhurts.ca\/fr\/information\/talking-about-depression\">Parler de la d\u00e9pression<\/a><\/li>\n \t<li><a href=\"https:\/\/depressionhurts.ca\/fr\/information\/resources\">Ressources<\/a><\/li>\n<\/ul>\t\t\t\t\t\t\t\t<\/div>\n\t\t\t\t<\/div>\n\t\t\t\t<div class=\"elementor-element elementor-element-228747f elementor-widget elementor-widget-heading\" data-id=\"228747f\" data-element_type=\"widget\" data-widget_type=\"heading.default\">\n\t\t\t\t<div class=\"elementor-widget-container\">\n\t\t\t\t\t<h4 class=\"elementor-heading-title elementor-size-default\">G\u00e9n\u00e9ral<\/h4>\t\t\t\t<\/div>\n\t\t\t\t<\/div>\n\t\t\t\t<div class=\"elementor-element elementor-element-0335250 elementor-widget elementor-widget-text-editor\" data-id=\"0335250\" data-element_type=\"widget\" data-widget_type=\"text-editor.default\">\n\t\t\t\t<div class=\"elementor-widget-container\">\n\t\t\t\t\t\t\t\t\t<ul><li><a href=\"https:\/\/depressionhurts.ca\/fr\/reconnaissance-territoriale\/\">Reconnaissance territoriale<\/a><\/li><li><a href=\"https:\/\/depressionhurts.ca\/fr\/glossary\">Glossaire<\/a><\/li><li><a href=\"https:\/\/depressionhurts.ca\/fr\/site-map\">Carte du site<\/a><\/li><li><a href=\"https:\/\/depressionhurts.ca\/fr\/references\">R\u00e9f\u00e9rences<\/a><\/li><li><a href=\"https:\/\/depressionhurts.ca\/fr\/terms\">Modalit\u00e9s d&rsquo;utilisation<\/a><\/li><li><a href=\"https:\/\/depressionhurts.ca\/fr\/privacy\">\u00c9nonc\u00e9 de confidentialit\u00e9<\/a><\/li><li><a href=\"https:\/\/depressionhurts.ca\/fr\/accessibility\">D\u00e9claration d&rsquo;accessibilit\u00e9<\/a><\/li><li><a href=\"https:\/\/depressionhurts.ca\/fr\/copyright\">Droits d&rsquo;auteur<\/a><\/li><li><a href=\"https:\/\/depressionhurts.ca\/fr\/disclaimer\">Stipulation d\u2019exon\u00e9ration<\/a><\/li><\/ul>\t\t\t\t\t\t\t\t<\/div>\n\t\t\t\t<\/div>\n\t\t\t\t\t<\/div>\n\t\t<\/div>\n\t\t\t\t\t<\/div>\n\t\t<\/section>\n\t\t\t\t<section class=\"elementor-section elementor-top-section elementor-element elementor-element-2df1db74 elementor-section-boxed elementor-section-height-default elementor-section-height-default\" data-id=\"2df1db74\" data-element_type=\"section\">\n\t\t\t\t\t\t<div class=\"elementor-container elementor-column-gap-default\">\n\t\t\t\t\t<div class=\"elementor-column elementor-col-100 elementor-top-column elementor-element elementor-element-35a2bad4\" data-id=\"35a2bad4\" data-element_type=\"column\">\n\t\t\t<div class=\"elementor-widget-wrap elementor-element-populated\">\n\t\t\t\t\t\t<div class=\"elementor-element elementor-element-69116961 elementor-widget elementor-widget-spacer\" data-id=\"69116961\" data-element_type=\"widget\" data-widget_type=\"spacer.default\">\n\t\t\t\t<div class=\"elementor-widget-container\">\n\t\t\t\t\t\t\t<div class=\"elementor-spacer\">\n\t\t\t<div class=\"elementor-spacer-inner\"><\/div>\n\t\t<\/div>\n\t\t\t\t\t\t<\/div>\n\t\t\t\t<\/div>\n\t\t\t\t\t<\/div>\n\t\t<\/div>\n\t\t\t\t\t<\/div>\n\t\t<\/section>\n\t\t\t\t<section class=\"elementor-section elementor-top-section elementor-element elementor-element-3892969e elementor-section-boxed elementor-section-height-default elementor-section-height-default\" data-id=\"3892969e\" data-element_type=\"section\">\n\t\t\t\t\t\t<div class=\"elementor-container elementor-column-gap-no\">\n\t\t\t\t\t<div class=\"elementor-column elementor-col-100 elementor-top-column elementor-element elementor-element-184f4882\" data-id=\"184f4882\" data-element_type=\"column\">\n\t\t\t<div class=\"elementor-widget-wrap\">\n\t\t\t\t\t\t\t<\/div>\n\t\t<\/div>\n\t\t\t\t\t<\/div>\n\t\t<\/section>\n\t\t\t\t<\/div>\n\t\t","protected":false},"excerpt":{"rendered":"<p>D\u00e9finition de la d\u00e9pression D\u00e9finition de la d\u00e9pression Causes de la d\u00e9pression Sympt\u00f4mes de la d\u00e9pression Pourrait-il s&rsquo;agir d&rsquo;une d\u00e9pression? Pourrait-il s&rsquo;agir d&rsquo;une d\u00e9pression? Liste de contr\u00f4le des sympt\u00f4mes Prise en charge de la d\u00e9pression Prise en charge de la d\u00e9pression Accepter de se faire aider Adopter un mode de vie sain Conserver une vie [&hellip;]<\/p>\n","protected":false},"author":3,"featured_media":0,"parent":0,"menu_order":0,"comment_status":"closed","ping_status":"closed","template":"page-internal.php","meta":{"_acf_changed":false,"footnotes":""},"class_list":["post-1641","page","type-page","status-publish","hentry","entry"],"acf":[],"yoast_head":"<!-- This site is optimized with the Yoast SEO plugin v26.9 - https:\/\/yoast.com\/product\/yoast-seo-wordpress\/ -->\n<title>Carte du site - DepressionHurts.ca<\/title>\n<meta name=\"robots\" content=\"index, follow, max-snippet:-1, max-image-preview:large, max-video-preview:-1\" \/>\n<link rel=\"canonical\" href=\"https:\/\/depressionhurts.ca\/fr\/site-map\/\" \/>\n<meta property=\"og:locale\" content=\"fr_FR\" \/>\n<meta property=\"og:type\" content=\"article\" \/>\n<meta property=\"og:title\" content=\"Carte du site - DepressionHurts.ca\" \/>\n<meta property=\"og:description\" content=\"D\u00e9finition de la d\u00e9pression D\u00e9finition de la d\u00e9pression Causes de la d\u00e9pression Sympt\u00f4mes de la d\u00e9pression Pourrait-il s&rsquo;agir d&rsquo;une d\u00e9pression? Pourrait-il s&rsquo;agir d&rsquo;une d\u00e9pression? Liste de contr\u00f4le des sympt\u00f4mes Prise en charge de la d\u00e9pression Prise en charge de la d\u00e9pression Accepter de se faire aider Adopter un mode de vie sain Conserver une vie [&hellip;]\" \/>\n<meta property=\"og:url\" content=\"https:\/\/depressionhurts.ca\/fr\/site-map\/\" \/>\n<meta property=\"og:site_name\" content=\"DepressionHurts.ca\" \/>\n<meta property=\"article:modified_time\" content=\"2024-04-05T17:52:21+00:00\" \/>\n<meta name=\"twitter:card\" content=\"summary_large_image\" \/>\n<meta name=\"twitter:label1\" content=\"Dur\u00e9e de lecture estim\u00e9e\" \/>\n\t<meta name=\"twitter:data1\" content=\"1 minute\" \/>\n<script type=\"application\/ld+json\" class=\"yoast-schema-graph\">{\"@context\":\"https:\/\/schema.org\",\"@graph\":[{\"@type\":\"WebPage\",\"@id\":\"https:\/\/depressionhurts.ca\/fr\/site-map\/\",\"url\":\"https:\/\/depressionhurts.ca\/fr\/site-map\/\",\"name\":\"Carte du site - DepressionHurts.ca\",\"isPartOf\":{\"@id\":\"https:\/\/depressionhurts.ca\/fr\/#website\"},\"datePublished\":\"2021-01-13T15:41:49+00:00\",\"dateModified\":\"2024-04-05T17:52:21+00:00\",\"breadcrumb\":{\"@id\":\"https:\/\/depressionhurts.ca\/fr\/site-map\/#breadcrumb\"},\"inLanguage\":\"fr-FR\",\"potentialAction\":[{\"@type\":\"ReadAction\",\"target\":[\"https:\/\/depressionhurts.ca\/fr\/site-map\/\"]}]},{\"@type\":\"BreadcrumbList\",\"@id\":\"https:\/\/depressionhurts.ca\/fr\/site-map\/#breadcrumb\",\"itemListElement\":[{\"@type\":\"ListItem\",\"position\":1,\"name\":\"Home\",\"item\":\"https:\/\/depressionhurts.ca\/fr\/\"},{\"@type\":\"ListItem\",\"position\":2,\"name\":\"Carte du site\"}]},{\"@type\":\"WebSite\",\"@id\":\"https:\/\/depressionhurts.ca\/fr\/#website\",\"url\":\"https:\/\/depressionhurts.ca\/fr\/\",\"name\":\"DepressionHurts.ca\",\"description\":\"\",\"publisher\":{\"@id\":\"https:\/\/depressionhurts.ca\/fr\/#organization\"},\"potentialAction\":[{\"@type\":\"SearchAction\",\"target\":{\"@type\":\"EntryPoint\",\"urlTemplate\":\"https:\/\/depressionhurts.ca\/fr\/?s={search_term_string}\"},\"query-input\":{\"@type\":\"PropertyValueSpecification\",\"valueRequired\":true,\"valueName\":\"search_term_string\"}}],\"inLanguage\":\"fr-FR\"},{\"@type\":\"Organization\",\"@id\":\"https:\/\/depressionhurts.ca\/fr\/#organization\",\"name\":\"DepressionHurts.ca\",\"url\":\"https:\/\/depressionhurts.ca\/fr\/\",\"logo\":{\"@type\":\"ImageObject\",\"inLanguage\":\"fr-FR\",\"@id\":\"https:\/\/depressionhurts.ca\/fr\/#\/schema\/logo\/image\/\",\"url\":\"https:\/\/secureservercdn.net\/166.62.108.229\/g2y.e38.myftpupload.com\/wp-content\/uploads\/2021\/01\/logo-dark.png?time=1620301712\",\"contentUrl\":\"https:\/\/secureservercdn.net\/166.62.108.229\/g2y.e38.myftpupload.com\/wp-content\/uploads\/2021\/01\/logo-dark.png?time=1620301712\",\"width\":310,\"height\":120,\"caption\":\"DepressionHurts.ca\"},\"image\":{\"@id\":\"https:\/\/depressionhurts.ca\/fr\/#\/schema\/logo\/image\/\"}}]}<\/script>\n<!-- \/ Yoast SEO plugin. -->","yoast_head_json":{"title":"Carte du site - DepressionHurts.ca","robots":{"index":"index","follow":"follow","max-snippet":"max-snippet:-1","max-image-preview":"max-image-preview:large","max-video-preview":"max-video-preview:-1"},"canonical":"https:\/\/depressionhurts.ca\/fr\/site-map\/","og_locale":"fr_FR","og_type":"article","og_title":"Carte du site - DepressionHurts.ca","og_description":"D\u00e9finition de la d\u00e9pression D\u00e9finition de la d\u00e9pression Causes de la d\u00e9pression Sympt\u00f4mes de la d\u00e9pression Pourrait-il s&rsquo;agir d&rsquo;une d\u00e9pression? Pourrait-il s&rsquo;agir d&rsquo;une d\u00e9pression? Liste de contr\u00f4le des sympt\u00f4mes Prise en charge de la d\u00e9pression Prise en charge de la d\u00e9pression Accepter de se faire aider Adopter un mode de vie sain Conserver une vie [&hellip;]","og_url":"https:\/\/depressionhurts.ca\/fr\/site-map\/","og_site_name":"DepressionHurts.ca","article_modified_time":"2024-04-05T17:52:21+00:00","twitter_card":"summary_large_image","twitter_misc":{"Dur\u00e9e de lecture estim\u00e9e":"1 minute"},"schema":{"@context":"https:\/\/schema.org","@graph":[{"@type":"WebPage","@id":"https:\/\/depressionhurts.ca\/fr\/site-map\/","url":"https:\/\/depressionhurts.ca\/fr\/site-map\/","name":"Carte du site - DepressionHurts.ca","isPartOf":{"@id":"https:\/\/depressionhurts.ca\/fr\/#website"},"datePublished":"2021-01-13T15:41:49+00:00","dateModified":"2024-04-05T17:52:21+00:00","breadcrumb":{"@id":"https:\/\/depressionhurts.ca\/fr\/site-map\/#breadcrumb"},"inLanguage":"fr-FR","potentialAction":[{"@type":"ReadAction","target":["https:\/\/depressionhurts.ca\/fr\/site-map\/"]}]},{"@type":"BreadcrumbList","@id":"https:\/\/depressionhurts.ca\/fr\/site-map\/#breadcrumb","itemListElement":[{"@type":"ListItem","position":1,"name":"Home","item":"https:\/\/depressionhurts.ca\/fr\/"},{"@type":"ListItem","position":2,"name":"Carte du site"}]},{"@type":"WebSite","@id":"https:\/\/depressionhurts.ca\/fr\/#website","url":"https:\/\/depressionhurts.ca\/fr\/","name":"DepressionHurts.ca","description":"","publisher":{"@id":"https:\/\/depressionhurts.ca\/fr\/#organization"},"potentialAction":[{"@type":"SearchAction","target":{"@type":"EntryPoint","urlTemplate":"https:\/\/depressionhurts.ca\/fr\/?s={search_term_string}"},"query-input":{"@type":"PropertyValueSpecification","valueRequired":true,"valueName":"search_term_string"}}],"inLanguage":"fr-FR"},{"@type":"Organization","@id":"https:\/\/depressionhurts.ca\/fr\/#organization","name":"DepressionHurts.ca","url":"https:\/\/depressionhurts.ca\/fr\/","logo":{"@type":"ImageObject","inLanguage":"fr-FR","@id":"https:\/\/depressionhurts.ca\/fr\/#\/schema\/logo\/image\/","url":"https:\/\/secureservercdn.net\/166.62.108.229\/g2y.e38.myftpupload.com\/wp-content\/uploads\/2021\/01\/logo-dark.png?time=1620301712","contentUrl":"https:\/\/secureservercdn.net\/166.62.108.229\/g2y.e38.myftpupload.com\/wp-content\/uploads\/2021\/01\/logo-dark.png?time=1620301712","width":310,"height":120,"caption":"DepressionHurts.ca"},"image":{"@id":"https:\/\/depressionhurts.ca\/fr\/#\/schema\/logo\/image\/"}}]}},"_links":{"self":[{"href":"https:\/\/depressionhurts.ca\/fr\/wp-json\/wp\/v2\/pages\/1641","targetHints":{"allow":["GET"]}}],"collection":[{"href":"https:\/\/depressionhurts.ca\/fr\/wp-json\/wp\/v2\/pages"}],"about":[{"href":"https:\/\/depressionhurts.ca\/fr\/wp-json\/wp\/v2\/types\/page"}],"author":[{"embeddable":true,"href":"https:\/\/depressionhurts.ca\/fr\/wp-json\/wp\/v2\/users\/3"}],"replies":[{"embeddable":true,"href":"https:\/\/depressionhurts.ca\/fr\/wp-json\/wp\/v2\/comments?post=1641"}],"version-history":[{"count":10,"href":"https:\/\/depressionhurts.ca\/fr\/wp-json\/wp\/v2\/pages\/1641\/revisions"}],"predecessor-version":[{"id":7451,"href":"https:\/\/depressionhurts.ca\/fr\/wp-json\/wp\/v2\/pages\/1641\/revisions\/7451"}],"wp:attachment":[{"href":"https:\/\/depressionhurts.ca\/fr\/wp-json\/wp\/v2\/media?parent=1641"}],"curies":[{"name":"wp","href":"https:\/\/api.w.org\/{rel}","templated":true}]}}