{"id":1680,"date":"2021-01-13T15:57:04","date_gmt":"2021-01-13T15:57:04","guid":{"rendered":"https:\/\/depressionhurts.ca\/copyright\/"},"modified":"2021-01-16T14:23:30","modified_gmt":"2021-01-16T14:23:30","slug":"copyright","status":"publish","type":"page","link":"https:\/\/depressionhurts.ca\/fr\/copyright\/","title":{"rendered":"Droits d&rsquo;auteur"},"content":{"rendered":"\t\t<div data-elementor-type=\"wp-page\" data-elementor-id=\"1680\" class=\"elementor elementor-1680\">\n\t\t\t\t\t\t<section class=\"elementor-section elementor-top-section elementor-element elementor-element-6aa13732 elementor-section-boxed elementor-section-height-default elementor-section-height-default\" data-id=\"6aa13732\" data-element_type=\"section\">\n\t\t\t\t\t\t<div class=\"elementor-container elementor-column-gap-default\">\n\t\t\t\t\t<div class=\"elementor-column elementor-col-100 elementor-top-column elementor-element elementor-element-6f94ef3e\" data-id=\"6f94ef3e\" data-element_type=\"column\">\n\t\t\t<div class=\"elementor-widget-wrap elementor-element-populated\">\n\t\t\t\t\t\t<div class=\"elementor-element elementor-element-0335250 elementor-widget elementor-widget-text-editor\" data-id=\"0335250\" data-element_type=\"widget\" data-widget_type=\"text-editor.default\">\n\t\t\t\t<div class=\"elementor-widget-container\">\n\t\t\t\t\t\t\t\t\t<p>Le pr\u00e9sent site et l\u2019information qu\u2019il renferme sont prot\u00e9g\u00e9s par des droits d\u2019auteur. Le titre du site, du mat\u00e9riel et de l\u2019information qu\u2019il renferme demeurent la propri\u00e9t\u00e9 de La Soci\u00e9t\u00e9 pour les troubles de l\u2019humeur du Canada (STHC) (ci-apr\u00e8s d\u00e9sign\u00e9 \u00ab la Soci\u00e9t\u00e9 \u00bb), de ses soci\u00e9t\u00e9s affili\u00e9es, ses soci\u00e9t\u00e9s apparent\u00e9es et leurs conc\u00e9dants de licence. Toute copie, retransmission, distribution, nouvelle publication ou autre diffusion de renseignements contenus dans ce site est interdite sans le consentement \u00e9crit pr\u00e9alable de la Soci\u00e9t\u00e9. \u00c0 moins d\u2019\u00eatre express\u00e9ment stipul\u00e9 dans la pr\u00e9sente entente, rien de ce que contient ladite entente ne doit \u00eatre interpr\u00e9t\u00e9 comme pouvant conf\u00e9rer quelque licence ou droit en vertu de tout droit d\u2019auteur de la Soci\u00e9t\u00e9, ses soci\u00e9t\u00e9s affili\u00e9es, ses soci\u00e9t\u00e9s apparent\u00e9es ou leurs conc\u00e9dants de licence.<\/p><p>Certains noms, mots, titres, phrases, logos, conceptions, \u00e9l\u00e9ments graphiques, ic\u00f4nes et marques affich\u00e9s sur le site ou dans le mat\u00e9riel ou dans l\u2019information qu\u2019ils renferment peuvent constituer des marques de commerce ou des appellations commerciales de la Soci\u00e9t\u00e9, ses soci\u00e9t\u00e9s affili\u00e9es, ses soci\u00e9t\u00e9s apparent\u00e9es, leurs conc\u00e9dants de licence ou autre tierce partie. Rien de ce que renferme la pr\u00e9sente entente ne doit \u00eatre interpr\u00e9t\u00e9 comme pouvant conf\u00e9rer, par implication, pr\u00e9clusion ou autrement, toute licence ou tout droit d\u2019utilisation de telle marque de commerce ou appellation commerciale, ou d\u2019autres droits de propri\u00e9t\u00e9 intellectuelle de la Soci\u00e9t\u00e9, ses soci\u00e9t\u00e9s affili\u00e9es, ses soci\u00e9t\u00e9s apparent\u00e9es ou leurs conc\u00e9dants de licence ou autre tierce partie. Toute utilisation non autoris\u00e9e des marques de commerce ou appellations commerciales de la Soci\u00e9t\u00e9, ses soci\u00e9t\u00e9s affili\u00e9es, ses soci\u00e9t\u00e9s apparent\u00e9es et leurs conc\u00e9dants de licence est formellement interdite.<\/p>\t\t\t\t\t\t\t\t<\/div>\n\t\t\t\t<\/div>\n\t\t\t\t\t<\/div>\n\t\t<\/div>\n\t\t\t\t\t<\/div>\n\t\t<\/section>\n\t\t\t\t<section class=\"elementor-section elementor-top-section elementor-element elementor-element-2df1db74 elementor-section-boxed elementor-section-height-default elementor-section-height-default\" data-id=\"2df1db74\" data-element_type=\"section\">\n\t\t\t\t\t\t<div class=\"elementor-container elementor-column-gap-default\">\n\t\t\t\t\t<div class=\"elementor-column elementor-col-100 elementor-top-column elementor-element elementor-element-35a2bad4\" data-id=\"35a2bad4\" data-element_type=\"column\">\n\t\t\t<div class=\"elementor-widget-wrap elementor-element-populated\">\n\t\t\t\t\t\t<div class=\"elementor-element elementor-element-69116961 elementor-widget elementor-widget-spacer\" data-id=\"69116961\" data-element_type=\"widget\" data-widget_type=\"spacer.default\">\n\t\t\t\t<div class=\"elementor-widget-container\">\n\t\t\t\t\t\t\t<div class=\"elementor-spacer\">\n\t\t\t<div class=\"elementor-spacer-inner\"><\/div>\n\t\t<\/div>\n\t\t\t\t\t\t<\/div>\n\t\t\t\t<\/div>\n\t\t\t\t\t<\/div>\n\t\t<\/div>\n\t\t\t\t\t<\/div>\n\t\t<\/section>\n\t\t\t\t<section class=\"elementor-section elementor-top-section elementor-element elementor-element-3892969e elementor-section-boxed elementor-section-height-default elementor-section-height-default\" data-id=\"3892969e\" data-element_type=\"section\">\n\t\t\t\t\t\t<div class=\"elementor-container elementor-column-gap-no\">\n\t\t\t\t\t<div class=\"elementor-column elementor-col-100 elementor-top-column elementor-element elementor-element-184f4882\" data-id=\"184f4882\" data-element_type=\"column\">\n\t\t\t<div class=\"elementor-widget-wrap\">\n\t\t\t\t\t\t\t<\/div>\n\t\t<\/div>\n\t\t\t\t\t<\/div>\n\t\t<\/section>\n\t\t\t\t<\/div>\n\t\t","protected":false},"excerpt":{"rendered":"<p>Le pr\u00e9sent site et l\u2019information qu\u2019il renferme sont prot\u00e9g\u00e9s par des droits d\u2019auteur. Le titre du site, du mat\u00e9riel et de l\u2019information qu\u2019il renferme demeurent la propri\u00e9t\u00e9 de La Soci\u00e9t\u00e9 pour les troubles de l\u2019humeur du Canada (STHC) (ci-apr\u00e8s d\u00e9sign\u00e9 \u00ab la Soci\u00e9t\u00e9 \u00bb), de ses soci\u00e9t\u00e9s affili\u00e9es, ses soci\u00e9t\u00e9s apparent\u00e9es et leurs conc\u00e9dants de [&hellip;]<\/p>\n","protected":false},"author":3,"featured_media":0,"parent":0,"menu_order":0,"comment_status":"closed","ping_status":"closed","template":"page-internal.php","meta":{"_acf_changed":false,"footnotes":""},"class_list":["post-1680","page","type-page","status-publish","hentry","entry"],"acf":[],"yoast_head":"<!-- This site is optimized with the Yoast SEO plugin v26.9 - https:\/\/yoast.com\/product\/yoast-seo-wordpress\/ -->\n<title>Droits d&#039;auteur - DepressionHurts.ca<\/title>\n<meta name=\"robots\" content=\"index, follow, max-snippet:-1, max-image-preview:large, max-video-preview:-1\" \/>\n<link rel=\"canonical\" href=\"https:\/\/depressionhurts.ca\/fr\/copyright\/\" \/>\n<meta property=\"og:locale\" content=\"fr_FR\" \/>\n<meta property=\"og:type\" content=\"article\" \/>\n<meta property=\"og:title\" content=\"Droits d&#039;auteur - DepressionHurts.ca\" \/>\n<meta property=\"og:description\" content=\"Le pr\u00e9sent site et l\u2019information qu\u2019il renferme sont prot\u00e9g\u00e9s par des droits d\u2019auteur. Le titre du site, du mat\u00e9riel et de l\u2019information qu\u2019il renferme demeurent la propri\u00e9t\u00e9 de La Soci\u00e9t\u00e9 pour les troubles de l\u2019humeur du Canada (STHC) (ci-apr\u00e8s d\u00e9sign\u00e9 \u00ab la Soci\u00e9t\u00e9 \u00bb), de ses soci\u00e9t\u00e9s affili\u00e9es, ses soci\u00e9t\u00e9s apparent\u00e9es et leurs conc\u00e9dants de [&hellip;]\" \/>\n<meta property=\"og:url\" content=\"https:\/\/depressionhurts.ca\/fr\/copyright\/\" \/>\n<meta property=\"og:site_name\" content=\"DepressionHurts.ca\" \/>\n<meta property=\"article:modified_time\" content=\"2021-01-16T14:23:30+00:00\" \/>\n<meta name=\"twitter:card\" content=\"summary_large_image\" \/>\n<meta name=\"twitter:label1\" content=\"Dur\u00e9e de lecture estim\u00e9e\" \/>\n\t<meta name=\"twitter:data1\" content=\"2 minutes\" \/>\n<script type=\"application\/ld+json\" class=\"yoast-schema-graph\">{\"@context\":\"https:\/\/schema.org\",\"@graph\":[{\"@type\":\"WebPage\",\"@id\":\"https:\/\/depressionhurts.ca\/fr\/copyright\/\",\"url\":\"https:\/\/depressionhurts.ca\/fr\/copyright\/\",\"name\":\"Droits d'auteur - DepressionHurts.ca\",\"isPartOf\":{\"@id\":\"https:\/\/depressionhurts.ca\/fr\/#website\"},\"datePublished\":\"2021-01-13T15:57:04+00:00\",\"dateModified\":\"2021-01-16T14:23:30+00:00\",\"breadcrumb\":{\"@id\":\"https:\/\/depressionhurts.ca\/fr\/copyright\/#breadcrumb\"},\"inLanguage\":\"fr-FR\",\"potentialAction\":[{\"@type\":\"ReadAction\",\"target\":[\"https:\/\/depressionhurts.ca\/fr\/copyright\/\"]}]},{\"@type\":\"BreadcrumbList\",\"@id\":\"https:\/\/depressionhurts.ca\/fr\/copyright\/#breadcrumb\",\"itemListElement\":[{\"@type\":\"ListItem\",\"position\":1,\"name\":\"Home\",\"item\":\"https:\/\/depressionhurts.ca\/fr\/\"},{\"@type\":\"ListItem\",\"position\":2,\"name\":\"Droits d&#8217;auteur\"}]},{\"@type\":\"WebSite\",\"@id\":\"https:\/\/depressionhurts.ca\/fr\/#website\",\"url\":\"https:\/\/depressionhurts.ca\/fr\/\",\"name\":\"DepressionHurts.ca\",\"description\":\"\",\"publisher\":{\"@id\":\"https:\/\/depressionhurts.ca\/fr\/#organization\"},\"potentialAction\":[{\"@type\":\"SearchAction\",\"target\":{\"@type\":\"EntryPoint\",\"urlTemplate\":\"https:\/\/depressionhurts.ca\/fr\/?s={search_term_string}\"},\"query-input\":{\"@type\":\"PropertyValueSpecification\",\"valueRequired\":true,\"valueName\":\"search_term_string\"}}],\"inLanguage\":\"fr-FR\"},{\"@type\":\"Organization\",\"@id\":\"https:\/\/depressionhurts.ca\/fr\/#organization\",\"name\":\"DepressionHurts.ca\",\"url\":\"https:\/\/depressionhurts.ca\/fr\/\",\"logo\":{\"@type\":\"ImageObject\",\"inLanguage\":\"fr-FR\",\"@id\":\"https:\/\/depressionhurts.ca\/fr\/#\/schema\/logo\/image\/\",\"url\":\"https:\/\/secureservercdn.net\/166.62.108.229\/g2y.e38.myftpupload.com\/wp-content\/uploads\/2021\/01\/logo-dark.png?time=1620301712\",\"contentUrl\":\"https:\/\/secureservercdn.net\/166.62.108.229\/g2y.e38.myftpupload.com\/wp-content\/uploads\/2021\/01\/logo-dark.png?time=1620301712\",\"width\":310,\"height\":120,\"caption\":\"DepressionHurts.ca\"},\"image\":{\"@id\":\"https:\/\/depressionhurts.ca\/fr\/#\/schema\/logo\/image\/\"}}]}<\/script>\n<!-- \/ Yoast SEO plugin. -->","yoast_head_json":{"title":"Droits d'auteur - DepressionHurts.ca","robots":{"index":"index","follow":"follow","max-snippet":"max-snippet:-1","max-image-preview":"max-image-preview:large","max-video-preview":"max-video-preview:-1"},"canonical":"https:\/\/depressionhurts.ca\/fr\/copyright\/","og_locale":"fr_FR","og_type":"article","og_title":"Droits d'auteur - DepressionHurts.ca","og_description":"Le pr\u00e9sent site et l\u2019information qu\u2019il renferme sont prot\u00e9g\u00e9s par des droits d\u2019auteur. Le titre du site, du mat\u00e9riel et de l\u2019information qu\u2019il renferme demeurent la propri\u00e9t\u00e9 de La Soci\u00e9t\u00e9 pour les troubles de l\u2019humeur du Canada (STHC) (ci-apr\u00e8s d\u00e9sign\u00e9 \u00ab la Soci\u00e9t\u00e9 \u00bb), de ses soci\u00e9t\u00e9s affili\u00e9es, ses soci\u00e9t\u00e9s apparent\u00e9es et leurs conc\u00e9dants de [&hellip;]","og_url":"https:\/\/depressionhurts.ca\/fr\/copyright\/","og_site_name":"DepressionHurts.ca","article_modified_time":"2021-01-16T14:23:30+00:00","twitter_card":"summary_large_image","twitter_misc":{"Dur\u00e9e de lecture estim\u00e9e":"2 minutes"},"schema":{"@context":"https:\/\/schema.org","@graph":[{"@type":"WebPage","@id":"https:\/\/depressionhurts.ca\/fr\/copyright\/","url":"https:\/\/depressionhurts.ca\/fr\/copyright\/","name":"Droits d'auteur - DepressionHurts.ca","isPartOf":{"@id":"https:\/\/depressionhurts.ca\/fr\/#website"},"datePublished":"2021-01-13T15:57:04+00:00","dateModified":"2021-01-16T14:23:30+00:00","breadcrumb":{"@id":"https:\/\/depressionhurts.ca\/fr\/copyright\/#breadcrumb"},"inLanguage":"fr-FR","potentialAction":[{"@type":"ReadAction","target":["https:\/\/depressionhurts.ca\/fr\/copyright\/"]}]},{"@type":"BreadcrumbList","@id":"https:\/\/depressionhurts.ca\/fr\/copyright\/#breadcrumb","itemListElement":[{"@type":"ListItem","position":1,"name":"Home","item":"https:\/\/depressionhurts.ca\/fr\/"},{"@type":"ListItem","position":2,"name":"Droits d&#8217;auteur"}]},{"@type":"WebSite","@id":"https:\/\/depressionhurts.ca\/fr\/#website","url":"https:\/\/depressionhurts.ca\/fr\/","name":"DepressionHurts.ca","description":"","publisher":{"@id":"https:\/\/depressionhurts.ca\/fr\/#organization"},"potentialAction":[{"@type":"SearchAction","target":{"@type":"EntryPoint","urlTemplate":"https:\/\/depressionhurts.ca\/fr\/?s={search_term_string}"},"query-input":{"@type":"PropertyValueSpecification","valueRequired":true,"valueName":"search_term_string"}}],"inLanguage":"fr-FR"},{"@type":"Organization","@id":"https:\/\/depressionhurts.ca\/fr\/#organization","name":"DepressionHurts.ca","url":"https:\/\/depressionhurts.ca\/fr\/","logo":{"@type":"ImageObject","inLanguage":"fr-FR","@id":"https:\/\/depressionhurts.ca\/fr\/#\/schema\/logo\/image\/","url":"https:\/\/secureservercdn.net\/166.62.108.229\/g2y.e38.myftpupload.com\/wp-content\/uploads\/2021\/01\/logo-dark.png?time=1620301712","contentUrl":"https:\/\/secureservercdn.net\/166.62.108.229\/g2y.e38.myftpupload.com\/wp-content\/uploads\/2021\/01\/logo-dark.png?time=1620301712","width":310,"height":120,"caption":"DepressionHurts.ca"},"image":{"@id":"https:\/\/depressionhurts.ca\/fr\/#\/schema\/logo\/image\/"}}]}},"_links":{"self":[{"href":"https:\/\/depressionhurts.ca\/fr\/wp-json\/wp\/v2\/pages\/1680","targetHints":{"allow":["GET"]}}],"collection":[{"href":"https:\/\/depressionhurts.ca\/fr\/wp-json\/wp\/v2\/pages"}],"about":[{"href":"https:\/\/depressionhurts.ca\/fr\/wp-json\/wp\/v2\/types\/page"}],"author":[{"embeddable":true,"href":"https:\/\/depressionhurts.ca\/fr\/wp-json\/wp\/v2\/users\/3"}],"replies":[{"embeddable":true,"href":"https:\/\/depressionhurts.ca\/fr\/wp-json\/wp\/v2\/comments?post=1680"}],"version-history":[{"count":4,"href":"https:\/\/depressionhurts.ca\/fr\/wp-json\/wp\/v2\/pages\/1680\/revisions"}],"predecessor-version":[{"id":1684,"href":"https:\/\/depressionhurts.ca\/fr\/wp-json\/wp\/v2\/pages\/1680\/revisions\/1684"}],"wp:attachment":[{"href":"https:\/\/depressionhurts.ca\/fr\/wp-json\/wp\/v2\/media?parent=1680"}],"curies":[{"name":"wp","href":"https:\/\/api.w.org\/{rel}","templated":true}]}}