{"id":1686,"date":"2021-01-13T15:57:42","date_gmt":"2021-01-13T15:57:42","guid":{"rendered":"https:\/\/depressionhurts.ca\/disclaimer\/"},"modified":"2021-01-16T14:24:24","modified_gmt":"2021-01-16T14:24:24","slug":"disclaimer","status":"publish","type":"page","link":"https:\/\/depressionhurts.ca\/fr\/disclaimer\/","title":{"rendered":"Stipulation d\u2019exon\u00e9ration"},"content":{"rendered":"\t\t<div data-elementor-type=\"wp-page\" data-elementor-id=\"1686\" class=\"elementor elementor-1686\">\n\t\t\t\t\t\t<section class=\"elementor-section elementor-top-section elementor-element elementor-element-6aa13732 elementor-section-boxed elementor-section-height-default elementor-section-height-default\" data-id=\"6aa13732\" data-element_type=\"section\">\n\t\t\t\t\t\t<div class=\"elementor-container elementor-column-gap-default\">\n\t\t\t\t\t<div class=\"elementor-column elementor-col-100 elementor-top-column elementor-element elementor-element-6f94ef3e\" data-id=\"6f94ef3e\" data-element_type=\"column\">\n\t\t\t<div class=\"elementor-widget-wrap elementor-element-populated\">\n\t\t\t\t\t\t<div class=\"elementor-element elementor-element-0335250 elementor-widget elementor-widget-text-editor\" data-id=\"0335250\" data-element_type=\"widget\" data-widget_type=\"text-editor.default\">\n\t\t\t\t<div class=\"elementor-widget-container\">\n\t\t\t\t\t\t\t\t\t<p>En acc\u00e9dant \u00e0 ce site, vous reconnaissez que son contenu n\u2019est destin\u00e9 qu\u2019aux r\u00e9sidents et r\u00e9sidentes du Canada. Les pratiques m\u00e9dicales et exigences r\u00e9glementaires canadiennes peuvent diff\u00e9rer de celles qui ont cours dans d\u2019autres pays, et le contenu des pr\u00e9sentes peut se r\u00e9v\u00e9ler inappropri\u00e9 pour des r\u00e9sidents et r\u00e9sidentes de l\u2019ext\u00e9rieur du Canada.<\/p><p>La Soci\u00e9t\u00e9 pour les troubles de l\u2019humeur du Canada (STHC)<\/p><p>LE PR\u00c9SENT SITE ET L&rsquo;INFORMATION QU&rsquo;IL RENFERME SONT FOURNIS \u00ab TELS QUELS \u00bb ET SANS GARANTIE AUCUNE, DE QUELQUE SORTE QUE CE SOIT, EXPRESSE OU IMPLICITE. L\u2019UN DES G\u00c9ANTS MONDIAUX DE LA RECHERCHE PHARMACEUTIQUE (CI-APR\u00c8S D\u00c9SIGN\u00c9 \u00ab LA SOCI\u00c9T\u00c9 \u00bb), SES SOCI\u00c9T\u00c9S AFFILI\u00c9ES, SOCI\u00c9T\u00c9S APPARENT\u00c9ES ET LEURS CONC\u00c9DANTS DE LICENCE SE D\u00c9SISTENT DE TOUTE GARANTIE, D\u00c9CLARATION ET CONDITION DE QUELQUE SORTE QUE CE SOIT, EXPRESSE OU IMPLICITE, Y COMPRIS TOUTE GARANTIE DE TITRE OU D&rsquo;ABSENCE DE CONTREFA\u00c7ON, DE QUALIT\u00c9 MARCHANDE ET D&rsquo;ADAPTATION \u00c0 UN USAGE PARTICULIER, CONCERNANT LE SITE ET L&rsquo;INFORMATION QU&rsquo;IL RENFERME. SI DES EFFORTS RAISONNABLES ONT EFFECTIVEMENT \u00c9T\u00c9 ACCOMPLIS AFIN D&rsquo;INT\u00c9GRER DE L&rsquo;INFORMATION EXACTE ET R\u00c9CENTE AU SITE, LA SOCI\u00c9T\u00c9, SES SOCI\u00c9T\u00c9S AFFILI\u00c9ES, SOCI\u00c9T\u00c9S APPARENT\u00c9ES ET LEURS CONC\u00c9DANTS DE LICENCE NE CERTIFIENT PAS NI NE GARANTISSENT LA JUSTESSE, L&rsquo;INT\u00c9GRALIT\u00c9, L&rsquo;EXACTITUDE, L&rsquo;OPPORTUNIT\u00c9, OU L&rsquo;UTILIT\u00c9 DU SITE OU DE L&rsquo;INFORMATION QU&rsquo;IL RENFERME. EN OUTRE, LA SOCI\u00c9T\u00c9 NE CERTIFIE PAS NI NE GARANTIT QUE LE SITE FONCTIONNERA SANS INTERRUPTION OU SANS ERREUR. L&rsquo;UTILISATION DU SITE, DU MAT\u00c9RIEL ET DE L&rsquo;INFORMATION QU&rsquo;IL RENFERME DEMEURE \u00c0 VOS PROPRES RISQUES, DE M\u00caME QUE TOUTES LES CONS\u00c9QUENCES, AUSSI DISTANTES SOIENT-ELLES, D\u00c9COULANT DE VOTRE UTILISATION DU SITE OU DE L&rsquo;INFORMATION QU&rsquo;IL RENFERME. DANS LA MESURE O\u00d9 CERTAINS RESSORTS TERRITORIAUX N&rsquo;ADMETTENT PAS LES EXCLUSIONS OU CERTAINES GARANTIES, LES PR\u00c9SENTES EXCLUSIONS PEUVENT NE PAS VOUS CONCERNER.<\/p><p>Stipulation d\u2019exon\u00e9ration relative \u00e0 l&rsquo;\u00e2ge : Ce contenu est destin\u00e9 \u00e0 un public \u00e2g\u00e9 de plus de dix-huit ans. Les personnes de moins de dix-huit ans doivent demander l&rsquo;autorisation de leurs parents et (ou) de leur tuteur au moment de consulter ce site.<\/p>\t\t\t\t\t\t\t\t<\/div>\n\t\t\t\t<\/div>\n\t\t\t\t\t<\/div>\n\t\t<\/div>\n\t\t\t\t\t<\/div>\n\t\t<\/section>\n\t\t\t\t<section class=\"elementor-section elementor-top-section elementor-element elementor-element-2df1db74 elementor-section-boxed elementor-section-height-default elementor-section-height-default\" data-id=\"2df1db74\" data-element_type=\"section\">\n\t\t\t\t\t\t<div class=\"elementor-container elementor-column-gap-default\">\n\t\t\t\t\t<div class=\"elementor-column elementor-col-100 elementor-top-column elementor-element elementor-element-35a2bad4\" data-id=\"35a2bad4\" data-element_type=\"column\">\n\t\t\t<div class=\"elementor-widget-wrap elementor-element-populated\">\n\t\t\t\t\t\t<div class=\"elementor-element elementor-element-69116961 elementor-widget elementor-widget-spacer\" data-id=\"69116961\" data-element_type=\"widget\" data-widget_type=\"spacer.default\">\n\t\t\t\t<div class=\"elementor-widget-container\">\n\t\t\t\t\t\t\t<div class=\"elementor-spacer\">\n\t\t\t<div class=\"elementor-spacer-inner\"><\/div>\n\t\t<\/div>\n\t\t\t\t\t\t<\/div>\n\t\t\t\t<\/div>\n\t\t\t\t\t<\/div>\n\t\t<\/div>\n\t\t\t\t\t<\/div>\n\t\t<\/section>\n\t\t\t\t<section class=\"elementor-section elementor-top-section elementor-element elementor-element-3892969e elementor-section-boxed elementor-section-height-default elementor-section-height-default\" data-id=\"3892969e\" data-element_type=\"section\">\n\t\t\t\t\t\t<div class=\"elementor-container elementor-column-gap-no\">\n\t\t\t\t\t<div class=\"elementor-column elementor-col-100 elementor-top-column elementor-element elementor-element-184f4882\" data-id=\"184f4882\" data-element_type=\"column\">\n\t\t\t<div class=\"elementor-widget-wrap\">\n\t\t\t\t\t\t\t<\/div>\n\t\t<\/div>\n\t\t\t\t\t<\/div>\n\t\t<\/section>\n\t\t\t\t<\/div>\n\t\t","protected":false},"excerpt":{"rendered":"<p>En acc\u00e9dant \u00e0 ce site, vous reconnaissez que son contenu n\u2019est destin\u00e9 qu\u2019aux r\u00e9sidents et r\u00e9sidentes du Canada. Les pratiques m\u00e9dicales et exigences r\u00e9glementaires canadiennes peuvent diff\u00e9rer de celles qui ont cours dans d\u2019autres pays, et le contenu des pr\u00e9sentes peut se r\u00e9v\u00e9ler inappropri\u00e9 pour des r\u00e9sidents et r\u00e9sidentes de l\u2019ext\u00e9rieur du Canada. La Soci\u00e9t\u00e9 [&hellip;]<\/p>\n","protected":false},"author":3,"featured_media":0,"parent":0,"menu_order":0,"comment_status":"closed","ping_status":"closed","template":"page-internal.php","meta":{"_acf_changed":false,"footnotes":""},"class_list":["post-1686","page","type-page","status-publish","hentry","entry"],"acf":[],"yoast_head":"<!-- This site is optimized with the Yoast SEO plugin v26.9 - https:\/\/yoast.com\/product\/yoast-seo-wordpress\/ -->\n<title>Stipulation d\u2019exon\u00e9ration - DepressionHurts.ca<\/title>\n<meta name=\"robots\" content=\"index, follow, max-snippet:-1, max-image-preview:large, max-video-preview:-1\" \/>\n<link rel=\"canonical\" href=\"https:\/\/depressionhurts.ca\/fr\/disclaimer\/\" \/>\n<meta property=\"og:locale\" content=\"fr_FR\" \/>\n<meta property=\"og:type\" content=\"article\" \/>\n<meta property=\"og:title\" content=\"Stipulation d\u2019exon\u00e9ration - DepressionHurts.ca\" \/>\n<meta property=\"og:description\" content=\"En acc\u00e9dant \u00e0 ce site, vous reconnaissez que son contenu n\u2019est destin\u00e9 qu\u2019aux r\u00e9sidents et r\u00e9sidentes du Canada. Les pratiques m\u00e9dicales et exigences r\u00e9glementaires canadiennes peuvent diff\u00e9rer de celles qui ont cours dans d\u2019autres pays, et le contenu des pr\u00e9sentes peut se r\u00e9v\u00e9ler inappropri\u00e9 pour des r\u00e9sidents et r\u00e9sidentes de l\u2019ext\u00e9rieur du Canada. La Soci\u00e9t\u00e9 [&hellip;]\" \/>\n<meta property=\"og:url\" content=\"https:\/\/depressionhurts.ca\/fr\/disclaimer\/\" \/>\n<meta property=\"og:site_name\" content=\"DepressionHurts.ca\" \/>\n<meta property=\"article:modified_time\" content=\"2021-01-16T14:24:24+00:00\" \/>\n<meta name=\"twitter:card\" content=\"summary_large_image\" \/>\n<meta name=\"twitter:label1\" content=\"Dur\u00e9e de lecture estim\u00e9e\" \/>\n\t<meta name=\"twitter:data1\" content=\"2 minutes\" \/>\n<script type=\"application\/ld+json\" class=\"yoast-schema-graph\">{\"@context\":\"https:\/\/schema.org\",\"@graph\":[{\"@type\":\"WebPage\",\"@id\":\"https:\/\/depressionhurts.ca\/fr\/disclaimer\/\",\"url\":\"https:\/\/depressionhurts.ca\/fr\/disclaimer\/\",\"name\":\"Stipulation d\u2019exon\u00e9ration - DepressionHurts.ca\",\"isPartOf\":{\"@id\":\"https:\/\/depressionhurts.ca\/fr\/#website\"},\"datePublished\":\"2021-01-13T15:57:42+00:00\",\"dateModified\":\"2021-01-16T14:24:24+00:00\",\"breadcrumb\":{\"@id\":\"https:\/\/depressionhurts.ca\/fr\/disclaimer\/#breadcrumb\"},\"inLanguage\":\"fr-FR\",\"potentialAction\":[{\"@type\":\"ReadAction\",\"target\":[\"https:\/\/depressionhurts.ca\/fr\/disclaimer\/\"]}]},{\"@type\":\"BreadcrumbList\",\"@id\":\"https:\/\/depressionhurts.ca\/fr\/disclaimer\/#breadcrumb\",\"itemListElement\":[{\"@type\":\"ListItem\",\"position\":1,\"name\":\"Home\",\"item\":\"https:\/\/depressionhurts.ca\/fr\/\"},{\"@type\":\"ListItem\",\"position\":2,\"name\":\"Stipulation d\u2019exon\u00e9ration\"}]},{\"@type\":\"WebSite\",\"@id\":\"https:\/\/depressionhurts.ca\/fr\/#website\",\"url\":\"https:\/\/depressionhurts.ca\/fr\/\",\"name\":\"DepressionHurts.ca\",\"description\":\"\",\"publisher\":{\"@id\":\"https:\/\/depressionhurts.ca\/fr\/#organization\"},\"potentialAction\":[{\"@type\":\"SearchAction\",\"target\":{\"@type\":\"EntryPoint\",\"urlTemplate\":\"https:\/\/depressionhurts.ca\/fr\/?s={search_term_string}\"},\"query-input\":{\"@type\":\"PropertyValueSpecification\",\"valueRequired\":true,\"valueName\":\"search_term_string\"}}],\"inLanguage\":\"fr-FR\"},{\"@type\":\"Organization\",\"@id\":\"https:\/\/depressionhurts.ca\/fr\/#organization\",\"name\":\"DepressionHurts.ca\",\"url\":\"https:\/\/depressionhurts.ca\/fr\/\",\"logo\":{\"@type\":\"ImageObject\",\"inLanguage\":\"fr-FR\",\"@id\":\"https:\/\/depressionhurts.ca\/fr\/#\/schema\/logo\/image\/\",\"url\":\"https:\/\/secureservercdn.net\/166.62.108.229\/g2y.e38.myftpupload.com\/wp-content\/uploads\/2021\/01\/logo-dark.png?time=1620301712\",\"contentUrl\":\"https:\/\/secureservercdn.net\/166.62.108.229\/g2y.e38.myftpupload.com\/wp-content\/uploads\/2021\/01\/logo-dark.png?time=1620301712\",\"width\":310,\"height\":120,\"caption\":\"DepressionHurts.ca\"},\"image\":{\"@id\":\"https:\/\/depressionhurts.ca\/fr\/#\/schema\/logo\/image\/\"}}]}<\/script>\n<!-- \/ Yoast SEO plugin. -->","yoast_head_json":{"title":"Stipulation d\u2019exon\u00e9ration - DepressionHurts.ca","robots":{"index":"index","follow":"follow","max-snippet":"max-snippet:-1","max-image-preview":"max-image-preview:large","max-video-preview":"max-video-preview:-1"},"canonical":"https:\/\/depressionhurts.ca\/fr\/disclaimer\/","og_locale":"fr_FR","og_type":"article","og_title":"Stipulation d\u2019exon\u00e9ration - DepressionHurts.ca","og_description":"En acc\u00e9dant \u00e0 ce site, vous reconnaissez que son contenu n\u2019est destin\u00e9 qu\u2019aux r\u00e9sidents et r\u00e9sidentes du Canada. Les pratiques m\u00e9dicales et exigences r\u00e9glementaires canadiennes peuvent diff\u00e9rer de celles qui ont cours dans d\u2019autres pays, et le contenu des pr\u00e9sentes peut se r\u00e9v\u00e9ler inappropri\u00e9 pour des r\u00e9sidents et r\u00e9sidentes de l\u2019ext\u00e9rieur du Canada. La Soci\u00e9t\u00e9 [&hellip;]","og_url":"https:\/\/depressionhurts.ca\/fr\/disclaimer\/","og_site_name":"DepressionHurts.ca","article_modified_time":"2021-01-16T14:24:24+00:00","twitter_card":"summary_large_image","twitter_misc":{"Dur\u00e9e de lecture estim\u00e9e":"2 minutes"},"schema":{"@context":"https:\/\/schema.org","@graph":[{"@type":"WebPage","@id":"https:\/\/depressionhurts.ca\/fr\/disclaimer\/","url":"https:\/\/depressionhurts.ca\/fr\/disclaimer\/","name":"Stipulation d\u2019exon\u00e9ration - DepressionHurts.ca","isPartOf":{"@id":"https:\/\/depressionhurts.ca\/fr\/#website"},"datePublished":"2021-01-13T15:57:42+00:00","dateModified":"2021-01-16T14:24:24+00:00","breadcrumb":{"@id":"https:\/\/depressionhurts.ca\/fr\/disclaimer\/#breadcrumb"},"inLanguage":"fr-FR","potentialAction":[{"@type":"ReadAction","target":["https:\/\/depressionhurts.ca\/fr\/disclaimer\/"]}]},{"@type":"BreadcrumbList","@id":"https:\/\/depressionhurts.ca\/fr\/disclaimer\/#breadcrumb","itemListElement":[{"@type":"ListItem","position":1,"name":"Home","item":"https:\/\/depressionhurts.ca\/fr\/"},{"@type":"ListItem","position":2,"name":"Stipulation d\u2019exon\u00e9ration"}]},{"@type":"WebSite","@id":"https:\/\/depressionhurts.ca\/fr\/#website","url":"https:\/\/depressionhurts.ca\/fr\/","name":"DepressionHurts.ca","description":"","publisher":{"@id":"https:\/\/depressionhurts.ca\/fr\/#organization"},"potentialAction":[{"@type":"SearchAction","target":{"@type":"EntryPoint","urlTemplate":"https:\/\/depressionhurts.ca\/fr\/?s={search_term_string}"},"query-input":{"@type":"PropertyValueSpecification","valueRequired":true,"valueName":"search_term_string"}}],"inLanguage":"fr-FR"},{"@type":"Organization","@id":"https:\/\/depressionhurts.ca\/fr\/#organization","name":"DepressionHurts.ca","url":"https:\/\/depressionhurts.ca\/fr\/","logo":{"@type":"ImageObject","inLanguage":"fr-FR","@id":"https:\/\/depressionhurts.ca\/fr\/#\/schema\/logo\/image\/","url":"https:\/\/secureservercdn.net\/166.62.108.229\/g2y.e38.myftpupload.com\/wp-content\/uploads\/2021\/01\/logo-dark.png?time=1620301712","contentUrl":"https:\/\/secureservercdn.net\/166.62.108.229\/g2y.e38.myftpupload.com\/wp-content\/uploads\/2021\/01\/logo-dark.png?time=1620301712","width":310,"height":120,"caption":"DepressionHurts.ca"},"image":{"@id":"https:\/\/depressionhurts.ca\/fr\/#\/schema\/logo\/image\/"}}]}},"_links":{"self":[{"href":"https:\/\/depressionhurts.ca\/fr\/wp-json\/wp\/v2\/pages\/1686","targetHints":{"allow":["GET"]}}],"collection":[{"href":"https:\/\/depressionhurts.ca\/fr\/wp-json\/wp\/v2\/pages"}],"about":[{"href":"https:\/\/depressionhurts.ca\/fr\/wp-json\/wp\/v2\/types\/page"}],"author":[{"embeddable":true,"href":"https:\/\/depressionhurts.ca\/fr\/wp-json\/wp\/v2\/users\/3"}],"replies":[{"embeddable":true,"href":"https:\/\/depressionhurts.ca\/fr\/wp-json\/wp\/v2\/comments?post=1686"}],"version-history":[{"count":4,"href":"https:\/\/depressionhurts.ca\/fr\/wp-json\/wp\/v2\/pages\/1686\/revisions"}],"predecessor-version":[{"id":1690,"href":"https:\/\/depressionhurts.ca\/fr\/wp-json\/wp\/v2\/pages\/1686\/revisions\/1690"}],"wp:attachment":[{"href":"https:\/\/depressionhurts.ca\/fr\/wp-json\/wp\/v2\/media?parent=1686"}],"curies":[{"name":"wp","href":"https:\/\/api.w.org\/{rel}","templated":true}]}}