{"id":2237,"date":"2021-01-18T08:12:04","date_gmt":"2021-01-18T08:12:04","guid":{"rendered":"https:\/\/depressionhurts.ca\/checklist\/results\/"},"modified":"2021-01-18T09:23:15","modified_gmt":"2021-01-18T09:23:15","slug":"results","status":"publish","type":"page","link":"https:\/\/depressionhurts.ca\/fr\/checklist\/results\/","title":{"rendered":"VOS SYMPT\u00d4MES"},"content":{"rendered":"\t\t<div data-elementor-type=\"wp-page\" data-elementor-id=\"2237\" class=\"elementor elementor-2237\">\n\t\t\t\t\t\t<section class=\"elementor-section elementor-top-section elementor-element elementor-element-a38e385 elementor-section-boxed elementor-section-height-default elementor-section-height-default\" data-id=\"a38e385\" data-element_type=\"section\">\n\t\t\t\t\t\t<div class=\"elementor-container elementor-column-gap-default\">\n\t\t\t\t\t<div class=\"elementor-column elementor-col-100 elementor-top-column elementor-element elementor-element-eb09665\" data-id=\"eb09665\" data-element_type=\"column\">\n\t\t\t<div class=\"elementor-widget-wrap elementor-element-populated\">\n\t\t\t\t\t\t<div class=\"elementor-element elementor-element-dac5e8d elementor-widget elementor-widget-text-editor\" data-id=\"dac5e8d\" data-element_type=\"widget\" data-widget_type=\"text-editor.default\">\n\t\t\t\t<div class=\"elementor-widget-container\">\n\t\t\t\t\t\t\t\t\t<p>D&rsquo;apr\u00e8s les r\u00e9ponses que vous nous avez fournies, voici vos r\u00e9sultats. N&rsquo;oubliez pas que plus le r\u00e9sultat associ\u00e9 \u00e0 un sympt\u00f4me se rapproche de 10, plus les r\u00e9percussions sur votre vie quotidienne sont importantes. Les sympt\u00f4mes dont les r\u00e9percussions sur votre vie sont les plus importantes s&rsquo;affichent en premier.<\/p>\t\t\t\t\t\t\t\t<\/div>\n\t\t\t\t<\/div>\n\t\t\t\t<div class=\"elementor-element elementor-element-2a3f23f elementor-widget elementor-widget-text-editor\" data-id=\"2a3f23f\" data-element_type=\"widget\" data-widget_type=\"text-editor.default\">\n\t\t\t\t<div class=\"elementor-widget-container\">\n\t\t\t\t\t\t\t\t\t<strong>Consultez votre m\u00e9decin et montrez-lui ces r\u00e9sultats. Lorsque vous fixerez votre rendez-vous avec votre m\u00e9decin, n&rsquo;oubliez pas d&rsquo;aviser celui-ci que vous aurez peut-\u00eatre besoin de plus de temps pour parler de ces questions. Obtenir de l&rsquo;aide pour votre d\u00e9pression peut changer votre vie. La d\u00e9pression est une maladie qui peut et doit \u00eatre trait\u00e9e<sup>1<\/sup>.<\/strong>\t\t\t\t\t\t\t\t<\/div>\n\t\t\t\t<\/div>\n\t\t\t\t\t<\/div>\n\t\t<\/div>\n\t\t\t\t\t<\/div>\n\t\t<\/section>\n\t\t\t\t<\/div>\n\t\t","protected":false},"excerpt":{"rendered":"<p>D&rsquo;apr\u00e8s les r\u00e9ponses que vous nous avez fournies, voici vos r\u00e9sultats. N&rsquo;oubliez pas que plus le r\u00e9sultat associ\u00e9 \u00e0 un sympt\u00f4me se rapproche de 10, plus les r\u00e9percussions sur votre vie quotidienne sont importantes. Les sympt\u00f4mes dont les r\u00e9percussions sur votre vie sont les plus importantes s&rsquo;affichent en premier. Consultez votre m\u00e9decin et montrez-lui ces [&hellip;]<\/p>\n","protected":false},"author":3,"featured_media":0,"parent":1692,"menu_order":0,"comment_status":"closed","ping_status":"closed","template":"page-results.php","meta":{"_acf_changed":false,"footnotes":""},"class_list":["post-2237","page","type-page","status-publish","hentry","entry"],"acf":[],"yoast_head":"<!-- This site is optimized with the Yoast SEO plugin v26.9 - https:\/\/yoast.com\/product\/yoast-seo-wordpress\/ -->\n<title>VOS SYMPT\u00d4MES - DepressionHurts.ca<\/title>\n<meta name=\"robots\" content=\"index, follow, max-snippet:-1, max-image-preview:large, max-video-preview:-1\" \/>\n<link rel=\"canonical\" href=\"https:\/\/depressionhurts.ca\/fr\/checklist\/results\/\" \/>\n<meta property=\"og:locale\" content=\"fr_FR\" \/>\n<meta property=\"og:type\" content=\"article\" \/>\n<meta property=\"og:title\" content=\"VOS SYMPT\u00d4MES - DepressionHurts.ca\" \/>\n<meta property=\"og:description\" content=\"D&rsquo;apr\u00e8s les r\u00e9ponses que vous nous avez fournies, voici vos r\u00e9sultats. N&rsquo;oubliez pas que plus le r\u00e9sultat associ\u00e9 \u00e0 un sympt\u00f4me se rapproche de 10, plus les r\u00e9percussions sur votre vie quotidienne sont importantes. Les sympt\u00f4mes dont les r\u00e9percussions sur votre vie sont les plus importantes s&rsquo;affichent en premier. Consultez votre m\u00e9decin et montrez-lui ces [&hellip;]\" \/>\n<meta property=\"og:url\" content=\"https:\/\/depressionhurts.ca\/fr\/checklist\/results\/\" \/>\n<meta property=\"og:site_name\" content=\"DepressionHurts.ca\" \/>\n<meta property=\"article:modified_time\" content=\"2021-01-18T09:23:15+00:00\" \/>\n<meta name=\"twitter:card\" content=\"summary_large_image\" \/>\n<meta name=\"twitter:label1\" content=\"Dur\u00e9e de lecture estim\u00e9e\" \/>\n\t<meta name=\"twitter:data1\" content=\"1 minute\" \/>\n<script type=\"application\/ld+json\" class=\"yoast-schema-graph\">{\"@context\":\"https:\/\/schema.org\",\"@graph\":[{\"@type\":\"WebPage\",\"@id\":\"https:\/\/depressionhurts.ca\/fr\/checklist\/results\/\",\"url\":\"https:\/\/depressionhurts.ca\/fr\/checklist\/results\/\",\"name\":\"VOS SYMPT\u00d4MES - DepressionHurts.ca\",\"isPartOf\":{\"@id\":\"https:\/\/depressionhurts.ca\/fr\/#website\"},\"datePublished\":\"2021-01-18T08:12:04+00:00\",\"dateModified\":\"2021-01-18T09:23:15+00:00\",\"breadcrumb\":{\"@id\":\"https:\/\/depressionhurts.ca\/fr\/checklist\/results\/#breadcrumb\"},\"inLanguage\":\"fr-FR\",\"potentialAction\":[{\"@type\":\"ReadAction\",\"target\":[\"https:\/\/depressionhurts.ca\/fr\/checklist\/results\/\"]}]},{\"@type\":\"BreadcrumbList\",\"@id\":\"https:\/\/depressionhurts.ca\/fr\/checklist\/results\/#breadcrumb\",\"itemListElement\":[{\"@type\":\"ListItem\",\"position\":1,\"name\":\"Home\",\"item\":\"https:\/\/depressionhurts.ca\/fr\/\"},{\"@type\":\"ListItem\",\"position\":2,\"name\":\"Liste de contr\u00f4le des sympt\u00f4mes\",\"item\":\"https:\/\/depressionhurts.ca\/fr\/checklist\/\"},{\"@type\":\"ListItem\",\"position\":3,\"name\":\"VOS SYMPT\u00d4MES\"}]},{\"@type\":\"WebSite\",\"@id\":\"https:\/\/depressionhurts.ca\/fr\/#website\",\"url\":\"https:\/\/depressionhurts.ca\/fr\/\",\"name\":\"DepressionHurts.ca\",\"description\":\"\",\"publisher\":{\"@id\":\"https:\/\/depressionhurts.ca\/fr\/#organization\"},\"potentialAction\":[{\"@type\":\"SearchAction\",\"target\":{\"@type\":\"EntryPoint\",\"urlTemplate\":\"https:\/\/depressionhurts.ca\/fr\/?s={search_term_string}\"},\"query-input\":{\"@type\":\"PropertyValueSpecification\",\"valueRequired\":true,\"valueName\":\"search_term_string\"}}],\"inLanguage\":\"fr-FR\"},{\"@type\":\"Organization\",\"@id\":\"https:\/\/depressionhurts.ca\/fr\/#organization\",\"name\":\"DepressionHurts.ca\",\"url\":\"https:\/\/depressionhurts.ca\/fr\/\",\"logo\":{\"@type\":\"ImageObject\",\"inLanguage\":\"fr-FR\",\"@id\":\"https:\/\/depressionhurts.ca\/fr\/#\/schema\/logo\/image\/\",\"url\":\"https:\/\/secureservercdn.net\/166.62.108.229\/g2y.e38.myftpupload.com\/wp-content\/uploads\/2021\/01\/logo-dark.png?time=1620301712\",\"contentUrl\":\"https:\/\/secureservercdn.net\/166.62.108.229\/g2y.e38.myftpupload.com\/wp-content\/uploads\/2021\/01\/logo-dark.png?time=1620301712\",\"width\":310,\"height\":120,\"caption\":\"DepressionHurts.ca\"},\"image\":{\"@id\":\"https:\/\/depressionhurts.ca\/fr\/#\/schema\/logo\/image\/\"}}]}<\/script>\n<!-- \/ Yoast SEO plugin. -->","yoast_head_json":{"title":"VOS SYMPT\u00d4MES - DepressionHurts.ca","robots":{"index":"index","follow":"follow","max-snippet":"max-snippet:-1","max-image-preview":"max-image-preview:large","max-video-preview":"max-video-preview:-1"},"canonical":"https:\/\/depressionhurts.ca\/fr\/checklist\/results\/","og_locale":"fr_FR","og_type":"article","og_title":"VOS SYMPT\u00d4MES - DepressionHurts.ca","og_description":"D&rsquo;apr\u00e8s les r\u00e9ponses que vous nous avez fournies, voici vos r\u00e9sultats. N&rsquo;oubliez pas que plus le r\u00e9sultat associ\u00e9 \u00e0 un sympt\u00f4me se rapproche de 10, plus les r\u00e9percussions sur votre vie quotidienne sont importantes. Les sympt\u00f4mes dont les r\u00e9percussions sur votre vie sont les plus importantes s&rsquo;affichent en premier. Consultez votre m\u00e9decin et montrez-lui ces [&hellip;]","og_url":"https:\/\/depressionhurts.ca\/fr\/checklist\/results\/","og_site_name":"DepressionHurts.ca","article_modified_time":"2021-01-18T09:23:15+00:00","twitter_card":"summary_large_image","twitter_misc":{"Dur\u00e9e de lecture estim\u00e9e":"1 minute"},"schema":{"@context":"https:\/\/schema.org","@graph":[{"@type":"WebPage","@id":"https:\/\/depressionhurts.ca\/fr\/checklist\/results\/","url":"https:\/\/depressionhurts.ca\/fr\/checklist\/results\/","name":"VOS SYMPT\u00d4MES - DepressionHurts.ca","isPartOf":{"@id":"https:\/\/depressionhurts.ca\/fr\/#website"},"datePublished":"2021-01-18T08:12:04+00:00","dateModified":"2021-01-18T09:23:15+00:00","breadcrumb":{"@id":"https:\/\/depressionhurts.ca\/fr\/checklist\/results\/#breadcrumb"},"inLanguage":"fr-FR","potentialAction":[{"@type":"ReadAction","target":["https:\/\/depressionhurts.ca\/fr\/checklist\/results\/"]}]},{"@type":"BreadcrumbList","@id":"https:\/\/depressionhurts.ca\/fr\/checklist\/results\/#breadcrumb","itemListElement":[{"@type":"ListItem","position":1,"name":"Home","item":"https:\/\/depressionhurts.ca\/fr\/"},{"@type":"ListItem","position":2,"name":"Liste de contr\u00f4le des sympt\u00f4mes","item":"https:\/\/depressionhurts.ca\/fr\/checklist\/"},{"@type":"ListItem","position":3,"name":"VOS SYMPT\u00d4MES"}]},{"@type":"WebSite","@id":"https:\/\/depressionhurts.ca\/fr\/#website","url":"https:\/\/depressionhurts.ca\/fr\/","name":"DepressionHurts.ca","description":"","publisher":{"@id":"https:\/\/depressionhurts.ca\/fr\/#organization"},"potentialAction":[{"@type":"SearchAction","target":{"@type":"EntryPoint","urlTemplate":"https:\/\/depressionhurts.ca\/fr\/?s={search_term_string}"},"query-input":{"@type":"PropertyValueSpecification","valueRequired":true,"valueName":"search_term_string"}}],"inLanguage":"fr-FR"},{"@type":"Organization","@id":"https:\/\/depressionhurts.ca\/fr\/#organization","name":"DepressionHurts.ca","url":"https:\/\/depressionhurts.ca\/fr\/","logo":{"@type":"ImageObject","inLanguage":"fr-FR","@id":"https:\/\/depressionhurts.ca\/fr\/#\/schema\/logo\/image\/","url":"https:\/\/secureservercdn.net\/166.62.108.229\/g2y.e38.myftpupload.com\/wp-content\/uploads\/2021\/01\/logo-dark.png?time=1620301712","contentUrl":"https:\/\/secureservercdn.net\/166.62.108.229\/g2y.e38.myftpupload.com\/wp-content\/uploads\/2021\/01\/logo-dark.png?time=1620301712","width":310,"height":120,"caption":"DepressionHurts.ca"},"image":{"@id":"https:\/\/depressionhurts.ca\/fr\/#\/schema\/logo\/image\/"}}]}},"_links":{"self":[{"href":"https:\/\/depressionhurts.ca\/fr\/wp-json\/wp\/v2\/pages\/2237","targetHints":{"allow":["GET"]}}],"collection":[{"href":"https:\/\/depressionhurts.ca\/fr\/wp-json\/wp\/v2\/pages"}],"about":[{"href":"https:\/\/depressionhurts.ca\/fr\/wp-json\/wp\/v2\/types\/page"}],"author":[{"embeddable":true,"href":"https:\/\/depressionhurts.ca\/fr\/wp-json\/wp\/v2\/users\/3"}],"replies":[{"embeddable":true,"href":"https:\/\/depressionhurts.ca\/fr\/wp-json\/wp\/v2\/comments?post=2237"}],"version-history":[{"count":7,"href":"https:\/\/depressionhurts.ca\/fr\/wp-json\/wp\/v2\/pages\/2237\/revisions"}],"predecessor-version":[{"id":2244,"href":"https:\/\/depressionhurts.ca\/fr\/wp-json\/wp\/v2\/pages\/2237\/revisions\/2244"}],"up":[{"embeddable":true,"href":"https:\/\/depressionhurts.ca\/fr\/wp-json\/wp\/v2\/pages\/1692"}],"wp:attachment":[{"href":"https:\/\/depressionhurts.ca\/fr\/wp-json\/wp\/v2\/media?parent=2237"}],"curies":[{"name":"wp","href":"https:\/\/api.w.org\/{rel}","templated":true}]}}