{"id":6519,"date":"2021-10-17T16:59:42","date_gmt":"2021-10-17T16:59:42","guid":{"rendered":"https:\/\/depressionhurts.ca\/ressources-en-sante-mentale\/"},"modified":"2021-10-17T19:51:02","modified_gmt":"2021-10-17T19:51:02","slug":"ressources-en-sante-mentale","status":"publish","type":"page","link":"https:\/\/depressionhurts.ca\/fr\/ressources-en-sante-mentale\/","title":{"rendered":"Ressources en sant\u00e9 mentale"},"content":{"rendered":"\t\t<div data-elementor-type=\"wp-page\" data-elementor-id=\"6519\" class=\"elementor elementor-6519\">\n\t\t\t\t\t\t<section class=\"elementor-section elementor-top-section elementor-element elementor-element-ff7bdd7 elementor-section-boxed elementor-section-height-default elementor-section-height-default\" data-id=\"ff7bdd7\" data-element_type=\"section\">\n\t\t\t\t\t\t<div class=\"elementor-container elementor-column-gap-default\">\n\t\t\t\t\t<div class=\"elementor-column elementor-col-100 elementor-top-column elementor-element elementor-element-3726927\" data-id=\"3726927\" data-element_type=\"column\">\n\t\t\t<div class=\"elementor-widget-wrap elementor-element-populated\">\n\t\t\t\t\t\t<div class=\"elementor-element elementor-element-06a4783 elementor-widget elementor-widget-text-editor\" data-id=\"06a4783\" data-element_type=\"widget\" data-widget_type=\"text-editor.default\">\n\t\t\t\t<div class=\"elementor-widget-container\">\n\t\t\t\t\t\t\t\t\t<p>Il existe de nombreuses ressources utiles pour vous aider dans le domaine de la sant\u00e9 mentale. Mais il peut parfois \u00eatre difficile de d\u00e9pouiller tous ces renseignements.<\/p><p>Veuillez s\u00e9lectionner ci-dessous la cat\u00e9gorie appropri\u00e9e pour trouver des ressources adapt\u00e9es \u00e0 ce que vous recherchez.<\/p>\t\t\t\t\t\t\t\t<\/div>\n\t\t\t\t<\/div>\n\t\t\t\t\t<\/div>\n\t\t<\/div>\n\t\t\t\t\t<\/div>\n\t\t<\/section>\n\t\t\t\t<section class=\"elementor-section elementor-top-section elementor-element elementor-element-718fb03 elementor-section-boxed elementor-section-height-default elementor-section-height-default\" data-id=\"718fb03\" data-element_type=\"section\">\n\t\t\t\t\t\t<div class=\"elementor-container elementor-column-gap-wide\">\n\t\t\t\t\t<div class=\"elementor-column elementor-col-33 elementor-top-column elementor-element elementor-element-da02b62\" data-id=\"da02b62\" data-element_type=\"column\">\n\t\t\t<div class=\"elementor-widget-wrap elementor-element-populated\">\n\t\t\t\t\t\t<section class=\"elementor-section elementor-inner-section elementor-element elementor-element-a85a1c2 elementor-section-height-min-height elementor-section-boxed elementor-section-height-default\" data-id=\"a85a1c2\" data-element_type=\"section\" data-settings=\"{&quot;background_background&quot;:&quot;classic&quot;}\">\n\t\t\t\t\t\t\t<div class=\"elementor-background-overlay\"><\/div>\n\t\t\t\t\t\t\t<div class=\"elementor-container elementor-column-gap-default\">\n\t\t\t\t\t<div class=\"elementor-column elementor-col-100 elementor-inner-column elementor-element elementor-element-6546b2e\" data-id=\"6546b2e\" data-element_type=\"column\">\n\t\t\t<div class=\"elementor-widget-wrap elementor-element-populated\">\n\t\t\t\t\t\t<div class=\"elementor-element elementor-element-efb0fe5 elementor-absolute elementor-widget elementor-widget-heading\" data-id=\"efb0fe5\" data-element_type=\"widget\" data-settings=\"{&quot;_position&quot;:&quot;absolute&quot;}\" data-widget_type=\"heading.default\">\n\t\t\t\t<div class=\"elementor-widget-container\">\n\t\t\t\t\t<h3 class=\"elementor-heading-title elementor-size-default\">Sommeil<\/h3>\t\t\t\t<\/div>\n\t\t\t\t<\/div>\n\t\t\t\t<div class=\"elementor-element elementor-element-1bd06bb elementor-absolute elementor-widget elementor-widget-text-editor\" data-id=\"1bd06bb\" data-element_type=\"widget\" data-settings=\"{&quot;_position&quot;:&quot;absolute&quot;}\" data-widget_type=\"text-editor.default\">\n\t\t\t\t<div class=\"elementor-widget-container\">\n\t\t\t\t\t\t\t\t\t<p>Des ressources pour vous aider \u00e0 dormir.<\/p>\t\t\t\t\t\t\t\t<\/div>\n\t\t\t\t<\/div>\n\t\t\t\t<div class=\"elementor-element elementor-element-ebed806 elementor-align-justify elementor-absolute elementor-widget elementor-widget-button\" data-id=\"ebed806\" data-element_type=\"widget\" data-settings=\"{&quot;_position&quot;:&quot;absolute&quot;}\" data-widget_type=\"button.default\">\n\t\t\t\t<div class=\"elementor-widget-container\">\n\t\t\t\t\t\t\t\t\t<div class=\"elementor-button-wrapper\">\n\t\t\t\t\t<a class=\"elementor-button elementor-button-link elementor-size-lg\" href=\"http:\/\/609.76e.myftpupload.com\/fr\/mental-health-resources\/sleep-mental-health\/\">\n\t\t\t\t\t\t<span class=\"elementor-button-content-wrapper\">\n\t\t\t\t\t\t\t\t\t<span class=\"elementor-button-text\">Des ressources<\/span>\n\t\t\t\t\t<\/span>\n\t\t\t\t\t<\/a>\n\t\t\t\t<\/div>\n\t\t\t\t\t\t\t\t<\/div>\n\t\t\t\t<\/div>\n\t\t\t\t\t<\/div>\n\t\t<\/div>\n\t\t\t\t\t<\/div>\n\t\t<\/section>\n\t\t\t\t\t<\/div>\n\t\t<\/div>\n\t\t\t\t<div class=\"elementor-column elementor-col-33 elementor-top-column elementor-element elementor-element-3d71b91\" data-id=\"3d71b91\" data-element_type=\"column\">\n\t\t\t<div class=\"elementor-widget-wrap\">\n\t\t\t\t\t\t\t<\/div>\n\t\t<\/div>\n\t\t\t\t<div class=\"elementor-column elementor-col-33 elementor-top-column elementor-element elementor-element-806d52b\" data-id=\"806d52b\" data-element_type=\"column\">\n\t\t\t<div class=\"elementor-widget-wrap\">\n\t\t\t\t\t\t\t<\/div>\n\t\t<\/div>\n\t\t\t\t\t<\/div>\n\t\t<\/section>\n\t\t\t\t<\/div>\n\t\t","protected":false},"excerpt":{"rendered":"<p>Il existe de nombreuses ressources utiles pour vous aider dans le domaine de la sant\u00e9 mentale. Mais il peut parfois \u00eatre difficile de d\u00e9pouiller tous ces renseignements. Veuillez s\u00e9lectionner ci-dessous la cat\u00e9gorie appropri\u00e9e pour trouver des ressources adapt\u00e9es \u00e0 ce que vous recherchez. Sommeil Des ressources pour vous aider \u00e0 dormir. Des ressources<\/p>\n","protected":false},"author":3,"featured_media":0,"parent":0,"menu_order":0,"comment_status":"closed","ping_status":"closed","template":"page-internal.php","meta":{"_acf_changed":false,"footnotes":""},"class_list":["post-6519","page","type-page","status-publish","hentry","entry"],"acf":[],"yoast_head":"<!-- This site is optimized with the Yoast SEO plugin v26.9 - https:\/\/yoast.com\/product\/yoast-seo-wordpress\/ -->\n<title>Ressources en sant\u00e9 mentale. DepressionHurts.ca<\/title>\n<meta name=\"description\" content=\"Ressources en sant\u00e9 mentale : Le sommeil et la sant\u00e9 mentale. L\u2019insomnie peut augmenter le risque de probl\u00e8mes de sant\u00e9 \u00e0 long terme.\" \/>\n<meta name=\"robots\" content=\"index, follow, max-snippet:-1, max-image-preview:large, max-video-preview:-1\" \/>\n<link rel=\"canonical\" href=\"https:\/\/depressionhurts.ca\/fr\/ressources-en-sante-mentale\/\" \/>\n<meta property=\"og:locale\" content=\"fr_FR\" \/>\n<meta property=\"og:type\" content=\"article\" \/>\n<meta property=\"og:title\" content=\"Ressources en sant\u00e9 mentale. DepressionHurts.ca\" \/>\n<meta property=\"og:description\" content=\"Ressources en sant\u00e9 mentale : Le sommeil et la sant\u00e9 mentale. L\u2019insomnie peut augmenter le risque de probl\u00e8mes de sant\u00e9 \u00e0 long terme.\" \/>\n<meta property=\"og:url\" content=\"https:\/\/depressionhurts.ca\/fr\/ressources-en-sante-mentale\/\" \/>\n<meta property=\"og:site_name\" content=\"DepressionHurts.ca\" \/>\n<meta property=\"article:modified_time\" content=\"2021-10-17T19:51:02+00:00\" \/>\n<meta name=\"twitter:card\" content=\"summary_large_image\" \/>\n<meta name=\"twitter:label1\" content=\"Dur\u00e9e de lecture estim\u00e9e\" \/>\n\t<meta name=\"twitter:data1\" content=\"1 minute\" \/>\n<script type=\"application\/ld+json\" class=\"yoast-schema-graph\">{\"@context\":\"https:\/\/schema.org\",\"@graph\":[{\"@type\":\"WebPage\",\"@id\":\"https:\/\/depressionhurts.ca\/fr\/ressources-en-sante-mentale\/\",\"url\":\"https:\/\/depressionhurts.ca\/fr\/ressources-en-sante-mentale\/\",\"name\":\"Ressources en sant\u00e9 mentale. DepressionHurts.ca\",\"isPartOf\":{\"@id\":\"https:\/\/depressionhurts.ca\/fr\/#website\"},\"datePublished\":\"2021-10-17T16:59:42+00:00\",\"dateModified\":\"2021-10-17T19:51:02+00:00\",\"description\":\"Ressources en sant\u00e9 mentale : Le sommeil et la sant\u00e9 mentale. L\u2019insomnie peut augmenter le risque de probl\u00e8mes de sant\u00e9 \u00e0 long terme.\",\"breadcrumb\":{\"@id\":\"https:\/\/depressionhurts.ca\/fr\/ressources-en-sante-mentale\/#breadcrumb\"},\"inLanguage\":\"fr-FR\",\"potentialAction\":[{\"@type\":\"ReadAction\",\"target\":[\"https:\/\/depressionhurts.ca\/fr\/ressources-en-sante-mentale\/\"]}]},{\"@type\":\"BreadcrumbList\",\"@id\":\"https:\/\/depressionhurts.ca\/fr\/ressources-en-sante-mentale\/#breadcrumb\",\"itemListElement\":[{\"@type\":\"ListItem\",\"position\":1,\"name\":\"Home\",\"item\":\"https:\/\/depressionhurts.ca\/fr\/\"},{\"@type\":\"ListItem\",\"position\":2,\"name\":\"Ressources en sant\u00e9 mentale\"}]},{\"@type\":\"WebSite\",\"@id\":\"https:\/\/depressionhurts.ca\/fr\/#website\",\"url\":\"https:\/\/depressionhurts.ca\/fr\/\",\"name\":\"DepressionHurts.ca\",\"description\":\"\",\"publisher\":{\"@id\":\"https:\/\/depressionhurts.ca\/fr\/#organization\"},\"potentialAction\":[{\"@type\":\"SearchAction\",\"target\":{\"@type\":\"EntryPoint\",\"urlTemplate\":\"https:\/\/depressionhurts.ca\/fr\/?s={search_term_string}\"},\"query-input\":{\"@type\":\"PropertyValueSpecification\",\"valueRequired\":true,\"valueName\":\"search_term_string\"}}],\"inLanguage\":\"fr-FR\"},{\"@type\":\"Organization\",\"@id\":\"https:\/\/depressionhurts.ca\/fr\/#organization\",\"name\":\"DepressionHurts.ca\",\"url\":\"https:\/\/depressionhurts.ca\/fr\/\",\"logo\":{\"@type\":\"ImageObject\",\"inLanguage\":\"fr-FR\",\"@id\":\"https:\/\/depressionhurts.ca\/fr\/#\/schema\/logo\/image\/\",\"url\":\"https:\/\/secureservercdn.net\/166.62.108.229\/g2y.e38.myftpupload.com\/wp-content\/uploads\/2021\/01\/logo-dark.png?time=1620301712\",\"contentUrl\":\"https:\/\/secureservercdn.net\/166.62.108.229\/g2y.e38.myftpupload.com\/wp-content\/uploads\/2021\/01\/logo-dark.png?time=1620301712\",\"width\":310,\"height\":120,\"caption\":\"DepressionHurts.ca\"},\"image\":{\"@id\":\"https:\/\/depressionhurts.ca\/fr\/#\/schema\/logo\/image\/\"}}]}<\/script>\n<!-- \/ Yoast SEO plugin. -->","yoast_head_json":{"title":"Ressources en sant\u00e9 mentale. DepressionHurts.ca","description":"Ressources en sant\u00e9 mentale : Le sommeil et la sant\u00e9 mentale. L\u2019insomnie peut augmenter le risque de probl\u00e8mes de sant\u00e9 \u00e0 long terme.","robots":{"index":"index","follow":"follow","max-snippet":"max-snippet:-1","max-image-preview":"max-image-preview:large","max-video-preview":"max-video-preview:-1"},"canonical":"https:\/\/depressionhurts.ca\/fr\/ressources-en-sante-mentale\/","og_locale":"fr_FR","og_type":"article","og_title":"Ressources en sant\u00e9 mentale. DepressionHurts.ca","og_description":"Ressources en sant\u00e9 mentale : Le sommeil et la sant\u00e9 mentale. L\u2019insomnie peut augmenter le risque de probl\u00e8mes de sant\u00e9 \u00e0 long terme.","og_url":"https:\/\/depressionhurts.ca\/fr\/ressources-en-sante-mentale\/","og_site_name":"DepressionHurts.ca","article_modified_time":"2021-10-17T19:51:02+00:00","twitter_card":"summary_large_image","twitter_misc":{"Dur\u00e9e de lecture estim\u00e9e":"1 minute"},"schema":{"@context":"https:\/\/schema.org","@graph":[{"@type":"WebPage","@id":"https:\/\/depressionhurts.ca\/fr\/ressources-en-sante-mentale\/","url":"https:\/\/depressionhurts.ca\/fr\/ressources-en-sante-mentale\/","name":"Ressources en sant\u00e9 mentale. DepressionHurts.ca","isPartOf":{"@id":"https:\/\/depressionhurts.ca\/fr\/#website"},"datePublished":"2021-10-17T16:59:42+00:00","dateModified":"2021-10-17T19:51:02+00:00","description":"Ressources en sant\u00e9 mentale : Le sommeil et la sant\u00e9 mentale. L\u2019insomnie peut augmenter le risque de probl\u00e8mes de sant\u00e9 \u00e0 long terme.","breadcrumb":{"@id":"https:\/\/depressionhurts.ca\/fr\/ressources-en-sante-mentale\/#breadcrumb"},"inLanguage":"fr-FR","potentialAction":[{"@type":"ReadAction","target":["https:\/\/depressionhurts.ca\/fr\/ressources-en-sante-mentale\/"]}]},{"@type":"BreadcrumbList","@id":"https:\/\/depressionhurts.ca\/fr\/ressources-en-sante-mentale\/#breadcrumb","itemListElement":[{"@type":"ListItem","position":1,"name":"Home","item":"https:\/\/depressionhurts.ca\/fr\/"},{"@type":"ListItem","position":2,"name":"Ressources en sant\u00e9 mentale"}]},{"@type":"WebSite","@id":"https:\/\/depressionhurts.ca\/fr\/#website","url":"https:\/\/depressionhurts.ca\/fr\/","name":"DepressionHurts.ca","description":"","publisher":{"@id":"https:\/\/depressionhurts.ca\/fr\/#organization"},"potentialAction":[{"@type":"SearchAction","target":{"@type":"EntryPoint","urlTemplate":"https:\/\/depressionhurts.ca\/fr\/?s={search_term_string}"},"query-input":{"@type":"PropertyValueSpecification","valueRequired":true,"valueName":"search_term_string"}}],"inLanguage":"fr-FR"},{"@type":"Organization","@id":"https:\/\/depressionhurts.ca\/fr\/#organization","name":"DepressionHurts.ca","url":"https:\/\/depressionhurts.ca\/fr\/","logo":{"@type":"ImageObject","inLanguage":"fr-FR","@id":"https:\/\/depressionhurts.ca\/fr\/#\/schema\/logo\/image\/","url":"https:\/\/secureservercdn.net\/166.62.108.229\/g2y.e38.myftpupload.com\/wp-content\/uploads\/2021\/01\/logo-dark.png?time=1620301712","contentUrl":"https:\/\/secureservercdn.net\/166.62.108.229\/g2y.e38.myftpupload.com\/wp-content\/uploads\/2021\/01\/logo-dark.png?time=1620301712","width":310,"height":120,"caption":"DepressionHurts.ca"},"image":{"@id":"https:\/\/depressionhurts.ca\/fr\/#\/schema\/logo\/image\/"}}]}},"_links":{"self":[{"href":"https:\/\/depressionhurts.ca\/fr\/wp-json\/wp\/v2\/pages\/6519","targetHints":{"allow":["GET"]}}],"collection":[{"href":"https:\/\/depressionhurts.ca\/fr\/wp-json\/wp\/v2\/pages"}],"about":[{"href":"https:\/\/depressionhurts.ca\/fr\/wp-json\/wp\/v2\/types\/page"}],"author":[{"embeddable":true,"href":"https:\/\/depressionhurts.ca\/fr\/wp-json\/wp\/v2\/users\/3"}],"replies":[{"embeddable":true,"href":"https:\/\/depressionhurts.ca\/fr\/wp-json\/wp\/v2\/comments?post=6519"}],"version-history":[{"count":9,"href":"https:\/\/depressionhurts.ca\/fr\/wp-json\/wp\/v2\/pages\/6519\/revisions"}],"predecessor-version":[{"id":6587,"href":"https:\/\/depressionhurts.ca\/fr\/wp-json\/wp\/v2\/pages\/6519\/revisions\/6587"}],"wp:attachment":[{"href":"https:\/\/depressionhurts.ca\/fr\/wp-json\/wp\/v2\/media?parent=6519"}],"curies":[{"name":"wp","href":"https:\/\/api.w.org\/{rel}","templated":true}]}}