{"id":7445,"date":"2024-04-05T17:48:51","date_gmt":"2024-04-05T17:48:51","guid":{"rendered":"https:\/\/depressionhurts.ca\/reconnaissance-territoriale\/"},"modified":"2024-04-05T17:48:51","modified_gmt":"2024-04-05T17:48:51","slug":"reconnaissance-territoriale","status":"publish","type":"page","link":"https:\/\/depressionhurts.ca\/fr\/reconnaissance-territoriale\/","title":{"rendered":"Reconnaissance territoriale"},"content":{"rendered":"\t\t<div data-elementor-type=\"wp-page\" data-elementor-id=\"7445\" class=\"elementor elementor-7445\">\n\t\t\t\t\t\t<section class=\"elementor-section elementor-top-section elementor-element elementor-element-89a692c elementor-section-boxed elementor-section-height-default elementor-section-height-default\" data-id=\"89a692c\" data-element_type=\"section\">\n\t\t\t\t\t\t<div class=\"elementor-container elementor-column-gap-default\">\n\t\t\t\t\t<div class=\"elementor-column elementor-col-100 elementor-top-column elementor-element elementor-element-84bc7f5\" data-id=\"84bc7f5\" data-element_type=\"column\">\n\t\t\t<div class=\"elementor-widget-wrap\">\n\t\t\t\t\t\t\t<\/div>\n\t\t<\/div>\n\t\t\t\t\t<\/div>\n\t\t<\/section>\n\t\t\t\t<section class=\"elementor-section elementor-top-section elementor-element elementor-element-97dd96a elementor-section-boxed elementor-section-height-default elementor-section-height-default\" data-id=\"97dd96a\" data-element_type=\"section\">\n\t\t\t\t\t\t<div class=\"elementor-container elementor-column-gap-default\">\n\t\t\t\t\t<div class=\"elementor-column elementor-col-100 elementor-top-column elementor-element elementor-element-a544071\" data-id=\"a544071\" data-element_type=\"column\">\n\t\t\t<div class=\"elementor-widget-wrap elementor-element-populated\">\n\t\t\t\t\t\t<div class=\"elementor-element elementor-element-17ccf30 elementor-widget elementor-widget-spacer\" data-id=\"17ccf30\" data-element_type=\"widget\" data-widget_type=\"spacer.default\">\n\t\t\t\t<div class=\"elementor-widget-container\">\n\t\t\t\t\t\t\t<div class=\"elementor-spacer\">\n\t\t\t<div class=\"elementor-spacer-inner\"><\/div>\n\t\t<\/div>\n\t\t\t\t\t\t<\/div>\n\t\t\t\t<\/div>\n\t\t\t\t\t<\/div>\n\t\t<\/div>\n\t\t\t\t\t<\/div>\n\t\t<\/section>\n\t\t\t\t<section class=\"elementor-section elementor-top-section elementor-element elementor-element-d9d01c1 elementor-section-boxed elementor-section-height-default elementor-section-height-default\" data-id=\"d9d01c1\" data-element_type=\"section\">\n\t\t\t\t\t\t<div class=\"elementor-container elementor-column-gap-default\">\n\t\t\t\t\t<div class=\"elementor-column elementor-col-100 elementor-top-column elementor-element elementor-element-8797429\" data-id=\"8797429\" data-element_type=\"column\">\n\t\t\t<div class=\"elementor-widget-wrap elementor-element-populated\">\n\t\t\t\t\t\t<div class=\"elementor-element elementor-element-5b6e2aa elementor-widget elementor-widget-text-editor\" data-id=\"5b6e2aa\" data-element_type=\"widget\" data-widget_type=\"text-editor.default\">\n\t\t\t\t<div class=\"elementor-widget-container\">\n\t\t\t\t\t\t\t\t\t<p>Mood Disorders Society of Canada (MDSC) is a national, non-profit health charity committed to ensuring that the voices of persons impacted by mental illness are heard on issues relating to mental health and mental illness. Doing so requires ongoing understanding and action related to persistent health inequities and injustices.<\/p><p>MDSC is headquartered on the traditional territory of the Anishnabek, Huron-Wendat and Haudenosaunee, covered by the Williams and Upper Canada Treaties. We are grateful to have the opportunity to live and work in the community and on this important traditional territory. We acknowledge our shared obligation to respect, honour, and sustain these lands and the natural resources contained within. MDSC staff, volunteers, and partners live and work from many territories across Turtle Island.<\/p><p>Through ongoing learning and education we can help challenge and dismantle systemic barriers that persist in our society and which are intimately linked to the central mission of our organization in mental health and wellbeing. We commit ourselves to the path of justice, healing, and reconciliation to create a brighter future and mental health landscape for all Indigenous individuals and communities.<\/p>\t\t\t\t\t\t\t\t<\/div>\n\t\t\t\t<\/div>\n\t\t\t\t\t<\/div>\n\t\t<\/div>\n\t\t\t\t\t<\/div>\n\t\t<\/section>\n\t\t\t\t<section class=\"elementor-section elementor-top-section elementor-element elementor-element-32043e4 elementor-section-boxed elementor-section-height-default elementor-section-height-default\" data-id=\"32043e4\" data-element_type=\"section\">\n\t\t\t\t\t\t<div class=\"elementor-container elementor-column-gap-default\">\n\t\t\t\t\t<div class=\"elementor-column elementor-col-100 elementor-top-column elementor-element elementor-element-54f9049\" data-id=\"54f9049\" data-element_type=\"column\">\n\t\t\t<div class=\"elementor-widget-wrap elementor-element-populated\">\n\t\t\t\t\t\t<div class=\"elementor-element elementor-element-a5d7e18 elementor-widget elementor-widget-spacer\" data-id=\"a5d7e18\" data-element_type=\"widget\" data-widget_type=\"spacer.default\">\n\t\t\t\t<div class=\"elementor-widget-container\">\n\t\t\t\t\t\t\t<div class=\"elementor-spacer\">\n\t\t\t<div class=\"elementor-spacer-inner\"><\/div>\n\t\t<\/div>\n\t\t\t\t\t\t<\/div>\n\t\t\t\t<\/div>\n\t\t\t\t\t<\/div>\n\t\t<\/div>\n\t\t\t\t\t<\/div>\n\t\t<\/section>\n\t\t\t\t<\/div>\n\t\t","protected":false},"excerpt":{"rendered":"<p>La Soci\u00e9t\u00e9 pour les troubles de l\u2019humeur du Canada (STHC) est un organisme de bienfaisance national sans but lucratif qui est vou\u00e9 \u00e0 assurer une repr\u00e9sentation des personnes atteintes de maladie mentale sur les questions relatives \u00e0 la sant\u00e9 mentale et \u00e0 la maladie mentale. Pour ce faire, il faut comprendre et agir en permanence [&hellip;]<\/p>\n","protected":false},"author":3,"featured_media":0,"parent":0,"menu_order":0,"comment_status":"closed","ping_status":"closed","template":"","meta":{"_acf_changed":false,"footnotes":""},"class_list":["post-7445","page","type-page","status-publish","hentry","entry"],"acf":[],"yoast_head":"<!-- This site is optimized with the Yoast SEO plugin v26.9 - https:\/\/yoast.com\/product\/yoast-seo-wordpress\/ -->\n<title>Reconnaissance territoriale - DepressionHurts.ca<\/title>\n<meta name=\"description\" content=\"Reconnaissance territoriale - La Soci\u00e9t\u00e9 pour les troubles de l\u2019humeur du Canada (STHC) est un organisme de bienfaisance national sans but lucratif qui est vou\u00e9 \u00e0 assurer une repr\u00e9sentation des personnes atteintes de maladie mentale sur les questions relatives \u00e0 la sant\u00e9 mentale et \u00e0 la maladie mentale. Pour ce faire, il faut comprendre et agir en permanence sur les in\u00e9galit\u00e9s et les injustices persistantes en mati\u00e8re de sant\u00e9. La STHC a son si\u00e8ge social sur le territoire traditionnel des Anichinab\u00e9s, des Hurons-Wendat et des Haudenosaunee, couvert par les trait\u00e9s de Williams et du Haut-Canada. Nous sommes reconnaissants d\u2019avoir la possibilit\u00e9 de vivre et de travailler au sein de la communaut\u00e9 et sur cet important territoire traditionnel. Nous comprenons notre obligation commune de respecter, d\u2019honorer et de soutenir ces terres et les ressources naturelles qu\u2019elles renferment. Le personnel, les b\u00e9n\u00e9voles et les partenaires de la STHC vivent et travaillent dans de nombreux territoires de l\u2019\u00eele de la Tortue. Gr\u00e2ce \u00e0 l\u2019apprentissage et \u00e0 l\u2019\u00e9ducation continus, nous pouvons aider \u00e0 surmonter et \u00e0 d\u00e9manteler les obstacles syst\u00e9miques qui persistent dans notre soci\u00e9t\u00e9 et qui sont \u00e9troitement li\u00e9s \u00e0 la mission centrale de notre organisme, \u00e0 savoir la sant\u00e9 mentale et le bien-\u00eatre. Nous nous engageons sur la voie de la justice, de la gu\u00e9rison et de la r\u00e9conciliation afin de cr\u00e9er un meilleur avenir et paysage de la sant\u00e9 mentale pour toutes les personnes et toutes les communaut\u00e9s autochtones.\" \/>\n<meta name=\"robots\" content=\"index, follow, max-snippet:-1, max-image-preview:large, max-video-preview:-1\" \/>\n<link rel=\"canonical\" href=\"https:\/\/depressionhurts.ca\/fr\/reconnaissance-territoriale\/\" \/>\n<meta property=\"og:locale\" content=\"fr_FR\" \/>\n<meta property=\"og:type\" content=\"article\" \/>\n<meta property=\"og:title\" content=\"Reconnaissance territoriale - DepressionHurts.ca\" \/>\n<meta property=\"og:description\" content=\"Reconnaissance territoriale - La Soci\u00e9t\u00e9 pour les troubles de l\u2019humeur du Canada (STHC) est un organisme de bienfaisance national sans but lucratif qui est vou\u00e9 \u00e0 assurer une repr\u00e9sentation des personnes atteintes de maladie mentale sur les questions relatives \u00e0 la sant\u00e9 mentale et \u00e0 la maladie mentale. Pour ce faire, il faut comprendre et agir en permanence sur les in\u00e9galit\u00e9s et les injustices persistantes en mati\u00e8re de sant\u00e9. La STHC a son si\u00e8ge social sur le territoire traditionnel des Anichinab\u00e9s, des Hurons-Wendat et des Haudenosaunee, couvert par les trait\u00e9s de Williams et du Haut-Canada. Nous sommes reconnaissants d\u2019avoir la possibilit\u00e9 de vivre et de travailler au sein de la communaut\u00e9 et sur cet important territoire traditionnel. Nous comprenons notre obligation commune de respecter, d\u2019honorer et de soutenir ces terres et les ressources naturelles qu\u2019elles renferment. Le personnel, les b\u00e9n\u00e9voles et les partenaires de la STHC vivent et travaillent dans de nombreux territoires de l\u2019\u00eele de la Tortue. Gr\u00e2ce \u00e0 l\u2019apprentissage et \u00e0 l\u2019\u00e9ducation continus, nous pouvons aider \u00e0 surmonter et \u00e0 d\u00e9manteler les obstacles syst\u00e9miques qui persistent dans notre soci\u00e9t\u00e9 et qui sont \u00e9troitement li\u00e9s \u00e0 la mission centrale de notre organisme, \u00e0 savoir la sant\u00e9 mentale et le bien-\u00eatre. Nous nous engageons sur la voie de la justice, de la gu\u00e9rison et de la r\u00e9conciliation afin de cr\u00e9er un meilleur avenir et paysage de la sant\u00e9 mentale pour toutes les personnes et toutes les communaut\u00e9s autochtones.\" \/>\n<meta property=\"og:url\" content=\"https:\/\/depressionhurts.ca\/fr\/reconnaissance-territoriale\/\" \/>\n<meta property=\"og:site_name\" content=\"DepressionHurts.ca\" \/>\n<meta name=\"twitter:card\" content=\"summary_large_image\" \/>\n<meta name=\"twitter:label1\" content=\"Dur\u00e9e de lecture estim\u00e9e\" \/>\n\t<meta name=\"twitter:data1\" content=\"1 minute\" \/>\n<script type=\"application\/ld+json\" class=\"yoast-schema-graph\">{\"@context\":\"https:\/\/schema.org\",\"@graph\":[{\"@type\":\"WebPage\",\"@id\":\"https:\/\/depressionhurts.ca\/fr\/reconnaissance-territoriale\/\",\"url\":\"https:\/\/depressionhurts.ca\/fr\/reconnaissance-territoriale\/\",\"name\":\"Reconnaissance territoriale - DepressionHurts.ca\",\"isPartOf\":{\"@id\":\"https:\/\/depressionhurts.ca\/fr\/#website\"},\"datePublished\":\"2024-04-05T17:48:51+00:00\",\"description\":\"Reconnaissance territoriale - La Soci\u00e9t\u00e9 pour les troubles de l\u2019humeur du Canada (STHC) est un organisme de bienfaisance national sans but lucratif qui est vou\u00e9 \u00e0 assurer une repr\u00e9sentation des personnes atteintes de maladie mentale sur les questions relatives \u00e0 la sant\u00e9 mentale et \u00e0 la maladie mentale. Pour ce faire, il faut comprendre et agir en permanence sur les in\u00e9galit\u00e9s et les injustices persistantes en mati\u00e8re de sant\u00e9. La STHC a son si\u00e8ge social sur le territoire traditionnel des Anichinab\u00e9s, des Hurons-Wendat et des Haudenosaunee, couvert par les trait\u00e9s de Williams et du Haut-Canada. Nous sommes reconnaissants d\u2019avoir la possibilit\u00e9 de vivre et de travailler au sein de la communaut\u00e9 et sur cet important territoire traditionnel. Nous comprenons notre obligation commune de respecter, d\u2019honorer et de soutenir ces terres et les ressources naturelles qu\u2019elles renferment. Le personnel, les b\u00e9n\u00e9voles et les partenaires de la STHC vivent et travaillent dans de nombreux territoires de l\u2019\u00eele de la Tortue. Gr\u00e2ce \u00e0 l\u2019apprentissage et \u00e0 l\u2019\u00e9ducation continus, nous pouvons aider \u00e0 surmonter et \u00e0 d\u00e9manteler les obstacles syst\u00e9miques qui persistent dans notre soci\u00e9t\u00e9 et qui sont \u00e9troitement li\u00e9s \u00e0 la mission centrale de notre organisme, \u00e0 savoir la sant\u00e9 mentale et le bien-\u00eatre. Nous nous engageons sur la voie de la justice, de la gu\u00e9rison et de la r\u00e9conciliation afin de cr\u00e9er un meilleur avenir et paysage de la sant\u00e9 mentale pour toutes les personnes et toutes les communaut\u00e9s autochtones.\",\"breadcrumb\":{\"@id\":\"https:\/\/depressionhurts.ca\/fr\/reconnaissance-territoriale\/#breadcrumb\"},\"inLanguage\":\"fr-FR\",\"potentialAction\":[{\"@type\":\"ReadAction\",\"target\":[\"https:\/\/depressionhurts.ca\/fr\/reconnaissance-territoriale\/\"]}]},{\"@type\":\"BreadcrumbList\",\"@id\":\"https:\/\/depressionhurts.ca\/fr\/reconnaissance-territoriale\/#breadcrumb\",\"itemListElement\":[{\"@type\":\"ListItem\",\"position\":1,\"name\":\"Home\",\"item\":\"https:\/\/depressionhurts.ca\/fr\/\"},{\"@type\":\"ListItem\",\"position\":2,\"name\":\"Reconnaissance territoriale\"}]},{\"@type\":\"WebSite\",\"@id\":\"https:\/\/depressionhurts.ca\/fr\/#website\",\"url\":\"https:\/\/depressionhurts.ca\/fr\/\",\"name\":\"DepressionHurts.ca\",\"description\":\"\",\"publisher\":{\"@id\":\"https:\/\/depressionhurts.ca\/fr\/#organization\"},\"potentialAction\":[{\"@type\":\"SearchAction\",\"target\":{\"@type\":\"EntryPoint\",\"urlTemplate\":\"https:\/\/depressionhurts.ca\/fr\/?s={search_term_string}\"},\"query-input\":{\"@type\":\"PropertyValueSpecification\",\"valueRequired\":true,\"valueName\":\"search_term_string\"}}],\"inLanguage\":\"fr-FR\"},{\"@type\":\"Organization\",\"@id\":\"https:\/\/depressionhurts.ca\/fr\/#organization\",\"name\":\"DepressionHurts.ca\",\"url\":\"https:\/\/depressionhurts.ca\/fr\/\",\"logo\":{\"@type\":\"ImageObject\",\"inLanguage\":\"fr-FR\",\"@id\":\"https:\/\/depressionhurts.ca\/fr\/#\/schema\/logo\/image\/\",\"url\":\"https:\/\/secureservercdn.net\/166.62.108.229\/g2y.e38.myftpupload.com\/wp-content\/uploads\/2021\/01\/logo-dark.png?time=1620301712\",\"contentUrl\":\"https:\/\/secureservercdn.net\/166.62.108.229\/g2y.e38.myftpupload.com\/wp-content\/uploads\/2021\/01\/logo-dark.png?time=1620301712\",\"width\":310,\"height\":120,\"caption\":\"DepressionHurts.ca\"},\"image\":{\"@id\":\"https:\/\/depressionhurts.ca\/fr\/#\/schema\/logo\/image\/\"}}]}<\/script>\n<!-- \/ Yoast SEO plugin. -->","yoast_head_json":{"title":"Reconnaissance territoriale - DepressionHurts.ca","description":"Reconnaissance territoriale - La Soci\u00e9t\u00e9 pour les troubles de l\u2019humeur du Canada (STHC) est un organisme de bienfaisance national sans but lucratif qui est vou\u00e9 \u00e0 assurer une repr\u00e9sentation des personnes atteintes de maladie mentale sur les questions relatives \u00e0 la sant\u00e9 mentale et \u00e0 la maladie mentale. Pour ce faire, il faut comprendre et agir en permanence sur les in\u00e9galit\u00e9s et les injustices persistantes en mati\u00e8re de sant\u00e9. La STHC a son si\u00e8ge social sur le territoire traditionnel des Anichinab\u00e9s, des Hurons-Wendat et des Haudenosaunee, couvert par les trait\u00e9s de Williams et du Haut-Canada. Nous sommes reconnaissants d\u2019avoir la possibilit\u00e9 de vivre et de travailler au sein de la communaut\u00e9 et sur cet important territoire traditionnel. Nous comprenons notre obligation commune de respecter, d\u2019honorer et de soutenir ces terres et les ressources naturelles qu\u2019elles renferment. Le personnel, les b\u00e9n\u00e9voles et les partenaires de la STHC vivent et travaillent dans de nombreux territoires de l\u2019\u00eele de la Tortue. Gr\u00e2ce \u00e0 l\u2019apprentissage et \u00e0 l\u2019\u00e9ducation continus, nous pouvons aider \u00e0 surmonter et \u00e0 d\u00e9manteler les obstacles syst\u00e9miques qui persistent dans notre soci\u00e9t\u00e9 et qui sont \u00e9troitement li\u00e9s \u00e0 la mission centrale de notre organisme, \u00e0 savoir la sant\u00e9 mentale et le bien-\u00eatre. Nous nous engageons sur la voie de la justice, de la gu\u00e9rison et de la r\u00e9conciliation afin de cr\u00e9er un meilleur avenir et paysage de la sant\u00e9 mentale pour toutes les personnes et toutes les communaut\u00e9s autochtones.","robots":{"index":"index","follow":"follow","max-snippet":"max-snippet:-1","max-image-preview":"max-image-preview:large","max-video-preview":"max-video-preview:-1"},"canonical":"https:\/\/depressionhurts.ca\/fr\/reconnaissance-territoriale\/","og_locale":"fr_FR","og_type":"article","og_title":"Reconnaissance territoriale - DepressionHurts.ca","og_description":"Reconnaissance territoriale - La Soci\u00e9t\u00e9 pour les troubles de l\u2019humeur du Canada (STHC) est un organisme de bienfaisance national sans but lucratif qui est vou\u00e9 \u00e0 assurer une repr\u00e9sentation des personnes atteintes de maladie mentale sur les questions relatives \u00e0 la sant\u00e9 mentale et \u00e0 la maladie mentale. Pour ce faire, il faut comprendre et agir en permanence sur les in\u00e9galit\u00e9s et les injustices persistantes en mati\u00e8re de sant\u00e9. La STHC a son si\u00e8ge social sur le territoire traditionnel des Anichinab\u00e9s, des Hurons-Wendat et des Haudenosaunee, couvert par les trait\u00e9s de Williams et du Haut-Canada. Nous sommes reconnaissants d\u2019avoir la possibilit\u00e9 de vivre et de travailler au sein de la communaut\u00e9 et sur cet important territoire traditionnel. Nous comprenons notre obligation commune de respecter, d\u2019honorer et de soutenir ces terres et les ressources naturelles qu\u2019elles renferment. Le personnel, les b\u00e9n\u00e9voles et les partenaires de la STHC vivent et travaillent dans de nombreux territoires de l\u2019\u00eele de la Tortue. Gr\u00e2ce \u00e0 l\u2019apprentissage et \u00e0 l\u2019\u00e9ducation continus, nous pouvons aider \u00e0 surmonter et \u00e0 d\u00e9manteler les obstacles syst\u00e9miques qui persistent dans notre soci\u00e9t\u00e9 et qui sont \u00e9troitement li\u00e9s \u00e0 la mission centrale de notre organisme, \u00e0 savoir la sant\u00e9 mentale et le bien-\u00eatre. Nous nous engageons sur la voie de la justice, de la gu\u00e9rison et de la r\u00e9conciliation afin de cr\u00e9er un meilleur avenir et paysage de la sant\u00e9 mentale pour toutes les personnes et toutes les communaut\u00e9s autochtones.","og_url":"https:\/\/depressionhurts.ca\/fr\/reconnaissance-territoriale\/","og_site_name":"DepressionHurts.ca","twitter_card":"summary_large_image","twitter_misc":{"Dur\u00e9e de lecture estim\u00e9e":"1 minute"},"schema":{"@context":"https:\/\/schema.org","@graph":[{"@type":"WebPage","@id":"https:\/\/depressionhurts.ca\/fr\/reconnaissance-territoriale\/","url":"https:\/\/depressionhurts.ca\/fr\/reconnaissance-territoriale\/","name":"Reconnaissance territoriale - DepressionHurts.ca","isPartOf":{"@id":"https:\/\/depressionhurts.ca\/fr\/#website"},"datePublished":"2024-04-05T17:48:51+00:00","description":"Reconnaissance territoriale - La Soci\u00e9t\u00e9 pour les troubles de l\u2019humeur du Canada (STHC) est un organisme de bienfaisance national sans but lucratif qui est vou\u00e9 \u00e0 assurer une repr\u00e9sentation des personnes atteintes de maladie mentale sur les questions relatives \u00e0 la sant\u00e9 mentale et \u00e0 la maladie mentale. Pour ce faire, il faut comprendre et agir en permanence sur les in\u00e9galit\u00e9s et les injustices persistantes en mati\u00e8re de sant\u00e9. La STHC a son si\u00e8ge social sur le territoire traditionnel des Anichinab\u00e9s, des Hurons-Wendat et des Haudenosaunee, couvert par les trait\u00e9s de Williams et du Haut-Canada. Nous sommes reconnaissants d\u2019avoir la possibilit\u00e9 de vivre et de travailler au sein de la communaut\u00e9 et sur cet important territoire traditionnel. Nous comprenons notre obligation commune de respecter, d\u2019honorer et de soutenir ces terres et les ressources naturelles qu\u2019elles renferment. Le personnel, les b\u00e9n\u00e9voles et les partenaires de la STHC vivent et travaillent dans de nombreux territoires de l\u2019\u00eele de la Tortue. Gr\u00e2ce \u00e0 l\u2019apprentissage et \u00e0 l\u2019\u00e9ducation continus, nous pouvons aider \u00e0 surmonter et \u00e0 d\u00e9manteler les obstacles syst\u00e9miques qui persistent dans notre soci\u00e9t\u00e9 et qui sont \u00e9troitement li\u00e9s \u00e0 la mission centrale de notre organisme, \u00e0 savoir la sant\u00e9 mentale et le bien-\u00eatre. Nous nous engageons sur la voie de la justice, de la gu\u00e9rison et de la r\u00e9conciliation afin de cr\u00e9er un meilleur avenir et paysage de la sant\u00e9 mentale pour toutes les personnes et toutes les communaut\u00e9s autochtones.","breadcrumb":{"@id":"https:\/\/depressionhurts.ca\/fr\/reconnaissance-territoriale\/#breadcrumb"},"inLanguage":"fr-FR","potentialAction":[{"@type":"ReadAction","target":["https:\/\/depressionhurts.ca\/fr\/reconnaissance-territoriale\/"]}]},{"@type":"BreadcrumbList","@id":"https:\/\/depressionhurts.ca\/fr\/reconnaissance-territoriale\/#breadcrumb","itemListElement":[{"@type":"ListItem","position":1,"name":"Home","item":"https:\/\/depressionhurts.ca\/fr\/"},{"@type":"ListItem","position":2,"name":"Reconnaissance territoriale"}]},{"@type":"WebSite","@id":"https:\/\/depressionhurts.ca\/fr\/#website","url":"https:\/\/depressionhurts.ca\/fr\/","name":"DepressionHurts.ca","description":"","publisher":{"@id":"https:\/\/depressionhurts.ca\/fr\/#organization"},"potentialAction":[{"@type":"SearchAction","target":{"@type":"EntryPoint","urlTemplate":"https:\/\/depressionhurts.ca\/fr\/?s={search_term_string}"},"query-input":{"@type":"PropertyValueSpecification","valueRequired":true,"valueName":"search_term_string"}}],"inLanguage":"fr-FR"},{"@type":"Organization","@id":"https:\/\/depressionhurts.ca\/fr\/#organization","name":"DepressionHurts.ca","url":"https:\/\/depressionhurts.ca\/fr\/","logo":{"@type":"ImageObject","inLanguage":"fr-FR","@id":"https:\/\/depressionhurts.ca\/fr\/#\/schema\/logo\/image\/","url":"https:\/\/secureservercdn.net\/166.62.108.229\/g2y.e38.myftpupload.com\/wp-content\/uploads\/2021\/01\/logo-dark.png?time=1620301712","contentUrl":"https:\/\/secureservercdn.net\/166.62.108.229\/g2y.e38.myftpupload.com\/wp-content\/uploads\/2021\/01\/logo-dark.png?time=1620301712","width":310,"height":120,"caption":"DepressionHurts.ca"},"image":{"@id":"https:\/\/depressionhurts.ca\/fr\/#\/schema\/logo\/image\/"}}]}},"_links":{"self":[{"href":"https:\/\/depressionhurts.ca\/fr\/wp-json\/wp\/v2\/pages\/7445","targetHints":{"allow":["GET"]}}],"collection":[{"href":"https:\/\/depressionhurts.ca\/fr\/wp-json\/wp\/v2\/pages"}],"about":[{"href":"https:\/\/depressionhurts.ca\/fr\/wp-json\/wp\/v2\/types\/page"}],"author":[{"embeddable":true,"href":"https:\/\/depressionhurts.ca\/fr\/wp-json\/wp\/v2\/users\/3"}],"replies":[{"embeddable":true,"href":"https:\/\/depressionhurts.ca\/fr\/wp-json\/wp\/v2\/comments?post=7445"}],"version-history":[{"count":0,"href":"https:\/\/depressionhurts.ca\/fr\/wp-json\/wp\/v2\/pages\/7445\/revisions"}],"wp:attachment":[{"href":"https:\/\/depressionhurts.ca\/fr\/wp-json\/wp\/v2\/media?parent=7445"}],"curies":[{"name":"wp","href":"https:\/\/api.w.org\/{rel}","templated":true}]}}